{"id":11382,"date":"2023-04-10T17:32:07","date_gmt":"2023-04-10T17:32:07","guid":{"rendered":"https:\/\/modale.com\/product\/sohotall-dresser-with-wooden-slats\/"},"modified":"2023-09-29T06:25:30","modified_gmt":"2023-09-29T06:25:30","slug":"sohotall-dresser-with-wooden-slats","status":"publish","type":"product","link":"https:\/\/modale.com\/vi\/product\/sohotall-dresser-with-wooden-slats\/","title":{"rendered":"<strong>PACHECO&#8217;S <\/strong><br>T\u1ee6 QU\u1ea6N \u00c1O CAO V\u1edaI C\u1ea0NH G\u1ed6 SOHO"},"content":{"rendered":"<p>T\u1ee6 QU\u1ea6N \u00c1O SOHO D\u00c1NG CAO V\u1edaI N\u0102M NG\u0102N K\u00c9O B\u1eb0NG G\u1ed6 S\u00c1NG M\u00c0U, C\u00d9NG KH\u00d4NG GIAN CH\u1ee8A \u0110\u1ed2 R\u1ed8NG R\u00c3I V\u00c0 TI\u1ec6N L\u1ee2I.<\/p>\n","protected":false},"excerpt":{"rendered":"<p>T\u1ee6 QU\u1ea6N \u00c1O SOHO D\u00c1NG CAO V\u1edaI N\u0102M NG\u0102N K\u00c9O B\u1eb0NG G\u1ed6 S\u00c1NG M\u00c0U, C\u00d9NG KH\u00d4NG GIAN CH\u1ee8A \u0110\u1ed2 R\u1ed8NG R\u00c3I V\u00c0 TI\u1ec6N L\u1ee2I.<\/p>\n","protected":false},"featured_media":9022,"template":"","meta":[],"product_cat":[733],"product_tag":[699],"origin":[770],"designers":[],"collection":[394],"brands":[115],"class_list":{"0":"post-11382","1":"product","2":"type-product","3":"status-publish","4":"has-post-thumbnail","6":"product_cat-chests-dressers-vi","7":"product_tag-bedroom-vi-2","8":"origin-european","9":"collection-soho","10":"brands-pachecos","12":"first","13":"instock","14":"shipping-taxable","15":"purchasable","16":"product-type-simple"},"_links":{"self":[{"href":"https:\/\/modale.com\/vi\/wp-json\/wp\/v2\/product\/11382","targetHints":{"allow":["GET"]}}],"collection":[{"href":"https:\/\/modale.com\/vi\/wp-json\/wp\/v2\/product"}],"about":[{"href":"https:\/\/modale.com\/vi\/wp-json\/wp\/v2\/types\/product"}],"wp:featuredmedia":[{"embeddable":true,"href":"https:\/\/modale.com\/vi\/wp-json\/wp\/v2\/media\/9022"}],"wp:attachment":[{"href":"https:\/\/modale.com\/vi\/wp-json\/wp\/v2\/media?parent=11382"}],"wp:term":[{"taxonomy":"product_cat","embeddable":true,"href":"https:\/\/modale.com\/vi\/wp-json\/wp\/v2\/product_cat?post=11382"},{"taxonomy":"product_tag","embeddable":true,"href":"https:\/\/modale.com\/vi\/wp-json\/wp\/v2\/product_tag?post=11382"},{"taxonomy":"origin","embeddable":true,"href":"https:\/\/modale.com\/vi\/wp-json\/wp\/v2\/origin?post=11382"},{"taxonomy":"designers","embeddable":true,"href":"https:\/\/modale.com\/vi\/wp-json\/wp\/v2\/designers?post=11382"},{"taxonomy":"collection","embeddable":true,"href":"https:\/\/modale.com\/vi\/wp-json\/wp\/v2\/collection?post=11382"},{"taxonomy":"brands","embeddable":true,"href":"https:\/\/modale.com\/vi\/wp-json\/wp\/v2\/brands?post=11382"}],"curies":[{"name":"wp","href":"https:\/\/api.w.org\/{rel}","templated":true}]}}