{"id":11386,"date":"2023-04-10T17:31:58","date_gmt":"2023-04-10T17:31:58","guid":{"rendered":"https:\/\/modale.com\/product\/sohometal-coffee-table\/"},"modified":"2023-09-29T06:25:29","modified_gmt":"2023-09-29T06:25:29","slug":"sohometal-coffee-table","status":"publish","type":"product","link":"https:\/\/modale.com\/vi\/product\/sohometal-coffee-table\/","title":{"rendered":"<strong>PACHECO&#8217;S <\/strong><br>B\u00c0N CAFE KIM LO\u1ea0I SOHO"},"content":{"rendered":"<p>B\u00c0N CAFE SOHO H\u00ccNH VU\u00d4NG V\u1edaI M\u1eb6T B\u00c0N B\u1eb0NG G\u1ed6, CH\u00c2N B\u00c0N B\u1eb0NG KIM LO\u1ea0I M\u00c0U V\u00c0NG, V\u1edaI C\u00c1C NG\u0102N K\u00c9O C\u00d3 TH\u1ec2 \u0110\u1ec2 S\u00c1CH V\u00c0 \u0110\u1ed2 TRANG TR\u00cd.<\/p>\n","protected":false},"excerpt":{"rendered":"<p>B\u00c0N CAFE SOHO H\u00ccNH VU\u00d4NG V\u1edaI M\u1eb6T B\u00c0N B\u1eb0NG G\u1ed6, CH\u00c2N B\u00c0N B\u1eb0NG KIM LO\u1ea0I M\u00c0U V\u00c0NG, V\u1edaI C\u00c1C NG\u0102N K\u00c9O C\u00d3 TH\u1ec2 \u0110\u1ec2 S\u00c1CH V\u00c0 \u0110\u1ed2 TRANG TR\u00cd.<\/p>\n","protected":false},"featured_media":9010,"template":"","meta":[],"product_cat":[734],"product_tag":[703],"origin":[770],"designers":[],"collection":[394],"brands":[115],"class_list":{"0":"post-11386","1":"product","2":"type-product","3":"status-publish","4":"has-post-thumbnail","6":"product_cat-coffee-tables-vi","7":"product_tag-living-vi-2","8":"origin-european","9":"collection-soho","10":"brands-pachecos","12":"first","13":"instock","14":"shipping-taxable","15":"purchasable","16":"product-type-simple"},"_links":{"self":[{"href":"https:\/\/modale.com\/vi\/wp-json\/wp\/v2\/product\/11386","targetHints":{"allow":["GET"]}}],"collection":[{"href":"https:\/\/modale.com\/vi\/wp-json\/wp\/v2\/product"}],"about":[{"href":"https:\/\/modale.com\/vi\/wp-json\/wp\/v2\/types\/product"}],"wp:featuredmedia":[{"embeddable":true,"href":"https:\/\/modale.com\/vi\/wp-json\/wp\/v2\/media\/9010"}],"wp:attachment":[{"href":"https:\/\/modale.com\/vi\/wp-json\/wp\/v2\/media?parent=11386"}],"wp:term":[{"taxonomy":"product_cat","embeddable":true,"href":"https:\/\/modale.com\/vi\/wp-json\/wp\/v2\/product_cat?post=11386"},{"taxonomy":"product_tag","embeddable":true,"href":"https:\/\/modale.com\/vi\/wp-json\/wp\/v2\/product_tag?post=11386"},{"taxonomy":"origin","embeddable":true,"href":"https:\/\/modale.com\/vi\/wp-json\/wp\/v2\/origin?post=11386"},{"taxonomy":"designers","embeddable":true,"href":"https:\/\/modale.com\/vi\/wp-json\/wp\/v2\/designers?post=11386"},{"taxonomy":"collection","embeddable":true,"href":"https:\/\/modale.com\/vi\/wp-json\/wp\/v2\/collection?post=11386"},{"taxonomy":"brands","embeddable":true,"href":"https:\/\/modale.com\/vi\/wp-json\/wp\/v2\/brands?post=11386"}],"curies":[{"name":"wp","href":"https:\/\/api.w.org\/{rel}","templated":true}]}}