{"id":11390,"date":"2023-04-10T17:31:49","date_gmt":"2023-04-10T17:31:49","guid":{"rendered":"https:\/\/modale.com\/product\/sohocoffee-table\/"},"modified":"2023-09-29T06:25:28","modified_gmt":"2023-09-29T06:25:28","slug":"sohocoffee-table","status":"publish","type":"product","link":"https:\/\/modale.com\/vi\/product\/sohocoffee-table\/","title":{"rendered":"<strong>PACHECO&#8217;S <\/strong><br>B\u00c0N CAFE SOHO"},"content":{"rendered":"<p>B\u00c0N CAFE SOHO C\u00d3 M\u1eb6T B\u00c0N B\u1eb0NG G\u1ed6 B\u1ea0CH \u0110\u00c0N, NG\u01af\u1edcI D\u00d9NG C\u00d3 TH\u1ec2 L\u1ef0A CH\u1eccN V\u1eacT LI\u1ec6U V\u00c0 C\u00c1C CHI TI\u1ebeT HO\u00c0N THI\u1ec6N THEO NHU C\u1ea6U V\u00c0 S\u1ede TH\u00cdCH C\u00c1 NH\u00c2N.<\/p>\n","protected":false},"excerpt":{"rendered":"<p>B\u00c0N CAFE SOHO C\u00d3 M\u1eb6T B\u00c0N B\u1eb0NG G\u1ed6 B\u1ea0CH \u0110\u00c0N, NG\u01af\u1edcI D\u00d9NG C\u00d3 TH\u1ec2 L\u1ef0A CH\u1eccN V\u1eacT LI\u1ec6U V\u00c0 C\u00c1C CHI TI\u1ebeT HO\u00c0N THI\u1ec6N THEO NHU C\u1ea6U V\u00c0 S\u1ede TH\u00cdCH C\u00c1 NH\u00c2N.<\/p>\n","protected":false},"featured_media":8999,"template":"","meta":[],"product_cat":[734],"product_tag":[703],"origin":[770],"designers":[],"collection":[394],"brands":[115],"class_list":{"0":"post-11390","1":"product","2":"type-product","3":"status-publish","4":"has-post-thumbnail","6":"product_cat-coffee-tables-vi","7":"product_tag-living-vi-2","8":"origin-european","9":"collection-soho","10":"brands-pachecos","12":"first","13":"instock","14":"shipping-taxable","15":"purchasable","16":"product-type-simple"},"_links":{"self":[{"href":"https:\/\/modale.com\/vi\/wp-json\/wp\/v2\/product\/11390","targetHints":{"allow":["GET"]}}],"collection":[{"href":"https:\/\/modale.com\/vi\/wp-json\/wp\/v2\/product"}],"about":[{"href":"https:\/\/modale.com\/vi\/wp-json\/wp\/v2\/types\/product"}],"wp:featuredmedia":[{"embeddable":true,"href":"https:\/\/modale.com\/vi\/wp-json\/wp\/v2\/media\/8999"}],"wp:attachment":[{"href":"https:\/\/modale.com\/vi\/wp-json\/wp\/v2\/media?parent=11390"}],"wp:term":[{"taxonomy":"product_cat","embeddable":true,"href":"https:\/\/modale.com\/vi\/wp-json\/wp\/v2\/product_cat?post=11390"},{"taxonomy":"product_tag","embeddable":true,"href":"https:\/\/modale.com\/vi\/wp-json\/wp\/v2\/product_tag?post=11390"},{"taxonomy":"origin","embeddable":true,"href":"https:\/\/modale.com\/vi\/wp-json\/wp\/v2\/origin?post=11390"},{"taxonomy":"designers","embeddable":true,"href":"https:\/\/modale.com\/vi\/wp-json\/wp\/v2\/designers?post=11390"},{"taxonomy":"collection","embeddable":true,"href":"https:\/\/modale.com\/vi\/wp-json\/wp\/v2\/collection?post=11390"},{"taxonomy":"brands","embeddable":true,"href":"https:\/\/modale.com\/vi\/wp-json\/wp\/v2\/brands?post=11390"}],"curies":[{"name":"wp","href":"https:\/\/api.w.org\/{rel}","templated":true}]}}