{"id":11392,"date":"2023-04-10T17:31:45","date_gmt":"2023-04-10T17:31:45","guid":{"rendered":"https:\/\/modale.com\/product\/sohochair\/"},"modified":"2023-09-29T06:25:27","modified_gmt":"2023-09-29T06:25:27","slug":"sohochair","status":"publish","type":"product","link":"https:\/\/modale.com\/vi\/product\/sohochair\/","title":{"rendered":"<strong>PACHECO&#8217;S <\/strong><br>GH\u1ebe SOHO"},"content":{"rendered":"<p>GH\u1ebe SOHO B\u1eccC N\u1ec6M M\u00c0U BE V\u00c0 CH\u00c2N GH\u1ebe B\u1eb0NG G\u1ed6 \u00d3C CH\u00d3, V\u1edaI THI\u1ebeT K\u1ebe T\u1ed0I GI\u1ea2N PH\u00d9 H\u1ee2P V\u1edaI NHI\u1ec0U KH\u00d4NG GIAN SINH HO\u1ea0T.<\/p>\n","protected":false},"excerpt":{"rendered":"<p>GH\u1ebe SOHO B\u1eccC N\u1ec6M M\u00c0U BE V\u00c0 CH\u00c2N GH\u1ebe B\u1eb0NG G\u1ed6 \u00d3C CH\u00d3, V\u1edaI THI\u1ebeT K\u1ebe T\u1ed0I GI\u1ea2N PH\u00d9 H\u1ee2P V\u1edaI NHI\u1ec0U KH\u00d4NG GIAN SINH HO\u1ea0T.<\/p>\n","protected":false},"featured_media":8993,"template":"","meta":[],"product_cat":[731],"product_tag":[700],"origin":[770],"designers":[],"collection":[394],"brands":[115],"class_list":{"0":"post-11392","1":"product","2":"type-product","3":"status-publish","4":"has-post-thumbnail","6":"product_cat-chairs-vi","7":"product_tag-dining-vi-2","8":"origin-european","9":"collection-soho","10":"brands-pachecos","12":"first","13":"instock","14":"shipping-taxable","15":"purchasable","16":"product-type-simple"},"_links":{"self":[{"href":"https:\/\/modale.com\/vi\/wp-json\/wp\/v2\/product\/11392","targetHints":{"allow":["GET"]}}],"collection":[{"href":"https:\/\/modale.com\/vi\/wp-json\/wp\/v2\/product"}],"about":[{"href":"https:\/\/modale.com\/vi\/wp-json\/wp\/v2\/types\/product"}],"wp:featuredmedia":[{"embeddable":true,"href":"https:\/\/modale.com\/vi\/wp-json\/wp\/v2\/media\/8993"}],"wp:attachment":[{"href":"https:\/\/modale.com\/vi\/wp-json\/wp\/v2\/media?parent=11392"}],"wp:term":[{"taxonomy":"product_cat","embeddable":true,"href":"https:\/\/modale.com\/vi\/wp-json\/wp\/v2\/product_cat?post=11392"},{"taxonomy":"product_tag","embeddable":true,"href":"https:\/\/modale.com\/vi\/wp-json\/wp\/v2\/product_tag?post=11392"},{"taxonomy":"origin","embeddable":true,"href":"https:\/\/modale.com\/vi\/wp-json\/wp\/v2\/origin?post=11392"},{"taxonomy":"designers","embeddable":true,"href":"https:\/\/modale.com\/vi\/wp-json\/wp\/v2\/designers?post=11392"},{"taxonomy":"collection","embeddable":true,"href":"https:\/\/modale.com\/vi\/wp-json\/wp\/v2\/collection?post=11392"},{"taxonomy":"brands","embeddable":true,"href":"https:\/\/modale.com\/vi\/wp-json\/wp\/v2\/brands?post=11392"}],"curies":[{"name":"wp","href":"https:\/\/api.w.org\/{rel}","templated":true}]}}