{"id":11404,"date":"2023-04-10T17:31:17","date_gmt":"2023-04-10T17:31:17","guid":{"rendered":"https:\/\/modale.com\/product\/kyaraxlux-console\/"},"modified":"2023-09-29T06:25:24","modified_gmt":"2023-09-29T06:25:24","slug":"kyaraxlux-console","status":"publish","type":"product","link":"https:\/\/modale.com\/vi\/product\/kyaraxlux-console\/","title":{"rendered":"<strong>PACHECO&#8217;S <\/strong><br>T\u1ee6 CONSOLE XLUX KYARA"},"content":{"rendered":"<p>B\u00c0N CONSOLE KYARA XLUX C\u00d3 C\u00c1C NG\u0102N K\u00c9O M\u00c0U TR\u1eaeNG K\u1ebeT H\u1ee2P V\u1edaI C\u00c1C CHI TI\u1ebeT M\u00c0U V\u00c0NG. S\u1ea2N PH\u1ea8M L\u00c0 S\u1ef0 L\u1ef0A CH\u1eccN HO\u00c0N H\u1ea2O CHO NH\u1eeeNG NG\u01af\u1edcI TH\u00cdCH PHONG C\u00c1CH TRANG TR\u00cd T\u1ed0I GI\u1ea2N &#038; THANH L\u1ecaCH<\/p>\n","protected":false},"excerpt":{"rendered":"<p>B\u00c0N CONSOLE KYARA XLUX C\u00d3 C\u00c1C NG\u0102N K\u00c9O M\u00c0U TR\u1eaeNG K\u1ebeT H\u1ee2P V\u1edaI C\u00c1C CHI TI\u1ebeT M\u00c0U V\u00c0NG. S\u1ea2N PH\u1ea8M L\u00c0 S\u1ef0 L\u1ef0A CH\u1eccN HO\u00c0N H\u1ea2O CHO NH\u1eeeNG NG\u01af\u1edcI TH\u00cdCH PHONG C\u00c1CH TRANG TR\u00cd T\u1ed0I GI\u1ea2N &#038; THANH L\u1ecaCH<\/p>\n","protected":false},"featured_media":8957,"template":"","meta":[],"product_cat":[735],"product_tag":[703],"origin":[770],"designers":[],"collection":[391],"brands":[115],"class_list":{"0":"post-11404","1":"product","2":"type-product","3":"status-publish","4":"has-post-thumbnail","6":"product_cat-consoles-vi","7":"product_tag-living-vi-2","8":"origin-european","9":"collection-kyara","10":"brands-pachecos","12":"first","13":"instock","14":"shipping-taxable","15":"purchasable","16":"product-type-simple"},"_links":{"self":[{"href":"https:\/\/modale.com\/vi\/wp-json\/wp\/v2\/product\/11404","targetHints":{"allow":["GET"]}}],"collection":[{"href":"https:\/\/modale.com\/vi\/wp-json\/wp\/v2\/product"}],"about":[{"href":"https:\/\/modale.com\/vi\/wp-json\/wp\/v2\/types\/product"}],"wp:featuredmedia":[{"embeddable":true,"href":"https:\/\/modale.com\/vi\/wp-json\/wp\/v2\/media\/8957"}],"wp:attachment":[{"href":"https:\/\/modale.com\/vi\/wp-json\/wp\/v2\/media?parent=11404"}],"wp:term":[{"taxonomy":"product_cat","embeddable":true,"href":"https:\/\/modale.com\/vi\/wp-json\/wp\/v2\/product_cat?post=11404"},{"taxonomy":"product_tag","embeddable":true,"href":"https:\/\/modale.com\/vi\/wp-json\/wp\/v2\/product_tag?post=11404"},{"taxonomy":"origin","embeddable":true,"href":"https:\/\/modale.com\/vi\/wp-json\/wp\/v2\/origin?post=11404"},{"taxonomy":"designers","embeddable":true,"href":"https:\/\/modale.com\/vi\/wp-json\/wp\/v2\/designers?post=11404"},{"taxonomy":"collection","embeddable":true,"href":"https:\/\/modale.com\/vi\/wp-json\/wp\/v2\/collection?post=11404"},{"taxonomy":"brands","embeddable":true,"href":"https:\/\/modale.com\/vi\/wp-json\/wp\/v2\/brands?post=11404"}],"curies":[{"name":"wp","href":"https:\/\/api.w.org\/{rel}","templated":true}]}}