{"id":11410,"date":"2023-04-10T17:31:05","date_gmt":"2023-04-10T17:31:05","guid":{"rendered":"https:\/\/modale.com\/product\/kyaratv-stand\/"},"modified":"2023-09-29T06:25:23","modified_gmt":"2023-09-29T06:25:23","slug":"kyaratv-stand","status":"publish","type":"product","link":"https:\/\/modale.com\/vi\/product\/kyaratv-stand\/","title":{"rendered":"<strong>PACHECO&#8217;S <\/strong><br>K\u1ec6 TV KYARA"},"content":{"rendered":"<p>T\u1ee6 TV CABINET KYARA V\u1edaI THI\u1ebeT K\u1ebe \u0110\u1ed8C \u0110\u00c1O G\u1ed2M 2 PH\u1ea6N &#8211; PH\u1ea6N TR\u00caN C\u00d3 TH\u1ec2 \u0110\u01af\u1ee2C S\u1eec D\u1ee4NG \u0110\u1ec2 L\u00c0M GI\u00c1 S\u00c1CH, PH\u1ea6N D\u01af\u1edaI C\u00d3 TH\u1ec2 \u0110\u1eb6T \u0110\u1ed2 TRANG TR\u00cd V\u00c0\/HO\u1eb6C TIVI <\/p>\n","protected":false},"excerpt":{"rendered":"<p>T\u1ee6 TV CABINET KYARA V\u1edaI THI\u1ebeT K\u1ebe \u0110\u1ed8C \u0110\u00c1O G\u1ed2M 2 PH\u1ea6N &#8211; PH\u1ea6N TR\u00caN C\u00d3 TH\u1ec2 \u0110\u01af\u1ee2C S\u1eec D\u1ee4NG \u0110\u1ec2 L\u00c0M GI\u00c1 S\u00c1CH, PH\u1ea6N D\u01af\u1edaI C\u00d3 TH\u1ec2 \u0110\u1eb6T \u0110\u1ed2 TRANG TR\u00cd V\u00c0\/HO\u1eb6C TIVI<\/p>\n","protected":false},"featured_media":8942,"template":"","meta":[],"product_cat":[729],"product_tag":[703],"origin":[770],"designers":[],"collection":[391],"brands":[115],"class_list":{"0":"post-11410","1":"product","2":"type-product","3":"status-publish","4":"has-post-thumbnail","6":"product_cat-cabinets-vi","7":"product_tag-living-vi-2","8":"origin-european","9":"collection-kyara","10":"brands-pachecos","12":"first","13":"instock","14":"shipping-taxable","15":"purchasable","16":"product-type-simple"},"_links":{"self":[{"href":"https:\/\/modale.com\/vi\/wp-json\/wp\/v2\/product\/11410","targetHints":{"allow":["GET"]}}],"collection":[{"href":"https:\/\/modale.com\/vi\/wp-json\/wp\/v2\/product"}],"about":[{"href":"https:\/\/modale.com\/vi\/wp-json\/wp\/v2\/types\/product"}],"wp:featuredmedia":[{"embeddable":true,"href":"https:\/\/modale.com\/vi\/wp-json\/wp\/v2\/media\/8942"}],"wp:attachment":[{"href":"https:\/\/modale.com\/vi\/wp-json\/wp\/v2\/media?parent=11410"}],"wp:term":[{"taxonomy":"product_cat","embeddable":true,"href":"https:\/\/modale.com\/vi\/wp-json\/wp\/v2\/product_cat?post=11410"},{"taxonomy":"product_tag","embeddable":true,"href":"https:\/\/modale.com\/vi\/wp-json\/wp\/v2\/product_tag?post=11410"},{"taxonomy":"origin","embeddable":true,"href":"https:\/\/modale.com\/vi\/wp-json\/wp\/v2\/origin?post=11410"},{"taxonomy":"designers","embeddable":true,"href":"https:\/\/modale.com\/vi\/wp-json\/wp\/v2\/designers?post=11410"},{"taxonomy":"collection","embeddable":true,"href":"https:\/\/modale.com\/vi\/wp-json\/wp\/v2\/collection?post=11410"},{"taxonomy":"brands","embeddable":true,"href":"https:\/\/modale.com\/vi\/wp-json\/wp\/v2\/brands?post=11410"}],"curies":[{"name":"wp","href":"https:\/\/api.w.org\/{rel}","templated":true}]}}