{"id":11415,"date":"2023-04-10T17:30:53","date_gmt":"2023-04-10T17:30:53","guid":{"rendered":"https:\/\/modale.com\/product\/enzosideboard-with-4-doors\/"},"modified":"2023-09-29T06:25:22","modified_gmt":"2023-09-29T06:25:22","slug":"enzosideboard-with-4-doors","status":"publish","type":"product","link":"https:\/\/modale.com\/vi\/product\/enzosideboard-with-4-doors\/","title":{"rendered":"<strong>PACHECO&#8217;S <\/strong><br>T\u1ee6 SIDEBOARD ENZO 4 C\u1eecA"},"content":{"rendered":"<p>T\u1ee6 ENZO SIDEBOARD 4 C\u1eecA \u0110\u01af\u1ee2C THI\u1ebeT K\u1ebe THEO D\u00c1NG \u0110\u1ee8NG MANG T\u00d4NG M\u00c0U TRUNG T\u00cdNH. S\u1ea2N PH\u1ea8M PH\u00d9 H\u1ee2P V\u1edaI NH\u1eeeNG GIA \u0110\u00ccNH MU\u1ed0N T\u0102NG KH\u00d4NG GIAN L\u01afU TR\u1eee TRONG PH\u00d2NG \u0102N <\/p>\n","protected":false},"excerpt":{"rendered":"<p>T\u1ee6 ENZO SIDEBOARD 4 C\u1eecA \u0110\u01af\u1ee2C THI\u1ebeT K\u1ebe THEO D\u00c1NG \u0110\u1ee8NG MANG T\u00d4NG M\u00c0U TRUNG T\u00cdNH. S\u1ea2N PH\u1ea8M PH\u00d9 H\u1ee2P V\u1edaI NH\u1eeeNG GIA \u0110\u00ccNH MU\u1ed0N T\u0102NG KH\u00d4NG GIAN L\u01afU TR\u1eee TRONG PH\u00d2NG \u0102N<\/p>\n","protected":false},"featured_media":8927,"template":"","meta":[],"product_cat":[745],"product_tag":[700],"origin":[770],"designers":[],"collection":[390],"brands":[115],"class_list":{"0":"post-11415","1":"product","2":"type-product","3":"status-publish","4":"has-post-thumbnail","6":"product_cat-sideboards-vi","7":"product_tag-dining-vi-2","8":"origin-european","9":"collection-enzo","10":"brands-pachecos","12":"first","13":"instock","14":"shipping-taxable","15":"purchasable","16":"product-type-simple"},"_links":{"self":[{"href":"https:\/\/modale.com\/vi\/wp-json\/wp\/v2\/product\/11415","targetHints":{"allow":["GET"]}}],"collection":[{"href":"https:\/\/modale.com\/vi\/wp-json\/wp\/v2\/product"}],"about":[{"href":"https:\/\/modale.com\/vi\/wp-json\/wp\/v2\/types\/product"}],"wp:featuredmedia":[{"embeddable":true,"href":"https:\/\/modale.com\/vi\/wp-json\/wp\/v2\/media\/8927"}],"wp:attachment":[{"href":"https:\/\/modale.com\/vi\/wp-json\/wp\/v2\/media?parent=11415"}],"wp:term":[{"taxonomy":"product_cat","embeddable":true,"href":"https:\/\/modale.com\/vi\/wp-json\/wp\/v2\/product_cat?post=11415"},{"taxonomy":"product_tag","embeddable":true,"href":"https:\/\/modale.com\/vi\/wp-json\/wp\/v2\/product_tag?post=11415"},{"taxonomy":"origin","embeddable":true,"href":"https:\/\/modale.com\/vi\/wp-json\/wp\/v2\/origin?post=11415"},{"taxonomy":"designers","embeddable":true,"href":"https:\/\/modale.com\/vi\/wp-json\/wp\/v2\/designers?post=11415"},{"taxonomy":"collection","embeddable":true,"href":"https:\/\/modale.com\/vi\/wp-json\/wp\/v2\/collection?post=11415"},{"taxonomy":"brands","embeddable":true,"href":"https:\/\/modale.com\/vi\/wp-json\/wp\/v2\/brands?post=11415"}],"curies":[{"name":"wp","href":"https:\/\/api.w.org\/{rel}","templated":true}]}}