{"id":11418,"date":"2023-04-10T17:30:46","date_gmt":"2023-04-10T17:30:46","guid":{"rendered":"https:\/\/modale.com\/product\/enzodining-table\/"},"modified":"2023-09-29T06:25:21","modified_gmt":"2023-09-29T06:25:21","slug":"enzodining-table","status":"publish","type":"product","link":"https:\/\/modale.com\/vi\/product\/enzodining-table\/","title":{"rendered":"<strong>PACHECO&#8217;S <\/strong><br>B\u00c0N \u0102N ENZO"},"content":{"rendered":"<p>B\u00c0N \u0102N ENZO \u0110\u01af\u1ee2C L\u00c0M B\u1eb0NG G\u1ed6 S\u1ed2I RUSTIC, C\u00d3 TH\u1ec2 M\u1ede R\u1ed8NG, TH\u00cdCH H\u1ee2P KHI K\u1ebeT H\u1ee2P C\u00d9NG M\u1ed8T S\u1ed0 M\u00d3N \u0110\u1ed2 TRANG TR\u00cd MANG T\u00d4NG M\u00c0U TRUNG T\u00cdNH. <\/p>\n","protected":false},"excerpt":{"rendered":"<p>B\u00c0N \u0102N ENZO \u0110\u01af\u1ee2C L\u00c0M B\u1eb0NG G\u1ed6 S\u1ed2I RUSTIC, C\u00d3 TH\u1ec2 M\u1ede R\u1ed8NG, TH\u00cdCH H\u1ee2P KHI K\u1ebeT H\u1ee2P C\u00d9NG M\u1ed8T S\u1ed0 M\u00d3N \u0110\u1ed2 TRANG TR\u00cd MANG T\u00d4NG M\u00c0U TRUNG T\u00cdNH.<\/p>\n","protected":false},"featured_media":8918,"template":"","meta":[],"product_cat":[737],"product_tag":[700],"origin":[770],"designers":[],"collection":[390],"brands":[115],"class_list":{"0":"post-11418","1":"product","2":"type-product","3":"status-publish","4":"has-post-thumbnail","6":"product_cat-dining-tables-vi","7":"product_tag-dining-vi-2","8":"origin-european","9":"collection-enzo","10":"brands-pachecos","12":"first","13":"instock","14":"shipping-taxable","15":"purchasable","16":"product-type-simple"},"_links":{"self":[{"href":"https:\/\/modale.com\/vi\/wp-json\/wp\/v2\/product\/11418","targetHints":{"allow":["GET"]}}],"collection":[{"href":"https:\/\/modale.com\/vi\/wp-json\/wp\/v2\/product"}],"about":[{"href":"https:\/\/modale.com\/vi\/wp-json\/wp\/v2\/types\/product"}],"wp:featuredmedia":[{"embeddable":true,"href":"https:\/\/modale.com\/vi\/wp-json\/wp\/v2\/media\/8918"}],"wp:attachment":[{"href":"https:\/\/modale.com\/vi\/wp-json\/wp\/v2\/media?parent=11418"}],"wp:term":[{"taxonomy":"product_cat","embeddable":true,"href":"https:\/\/modale.com\/vi\/wp-json\/wp\/v2\/product_cat?post=11418"},{"taxonomy":"product_tag","embeddable":true,"href":"https:\/\/modale.com\/vi\/wp-json\/wp\/v2\/product_tag?post=11418"},{"taxonomy":"origin","embeddable":true,"href":"https:\/\/modale.com\/vi\/wp-json\/wp\/v2\/origin?post=11418"},{"taxonomy":"designers","embeddable":true,"href":"https:\/\/modale.com\/vi\/wp-json\/wp\/v2\/designers?post=11418"},{"taxonomy":"collection","embeddable":true,"href":"https:\/\/modale.com\/vi\/wp-json\/wp\/v2\/collection?post=11418"},{"taxonomy":"brands","embeddable":true,"href":"https:\/\/modale.com\/vi\/wp-json\/wp\/v2\/brands?post=11418"}],"curies":[{"name":"wp","href":"https:\/\/api.w.org\/{rel}","templated":true}]}}