{"id":11422,"date":"2023-04-10T17:30:36","date_gmt":"2023-04-10T17:30:36","guid":{"rendered":"https:\/\/modale.com\/product\/ypsytable\/"},"modified":"2023-08-10T10:42:07","modified_gmt":"2023-08-10T10:42:07","slug":"ypsytable","status":"publish","type":"product","link":"https:\/\/modale.com\/vi\/product\/ypsytable\/","title":{"rendered":"<strong>NOVIBELO <\/strong><br>B\u00c0N YPSY"},"content":{"rendered":"<p>B\u00c0N YPSY V\u1edaI M\u1eb6T B\u00c0N \u0110\u01af\u1ee2C L\u00c0M B\u1eb0NG S\u1ee8 CALACATTA, CH\u00c2N B\u00c0N L\u00c0M B\u1eb0NG G\u1ed6 T\u1ea6N B\u00cc R\u1eaeN T\u1ea0O N\u00caN S\u1ef0 K\u1ebeT H\u1ee2P \u0110\u1ed8C \u0110\u00c1O CHO KH\u00d4NG GIANG S\u1ed0NG C\u1ee6A B\u1ea0N <\/p>\n","protected":false},"excerpt":{"rendered":"<p>B\u00c0N YPSY V\u1edaI M\u1eb6T B\u00c0N \u0110\u01af\u1ee2C L\u00c0M B\u1eb0NG S\u1ee8 CALACATTA, CH\u00c2N B\u00c0N L\u00c0M B\u1eb0NG G\u1ed6 T\u1ea6N B\u00cc R\u1eaeN T\u1ea0O N\u00caN S\u1ef0 K\u1ebeT H\u1ee2P \u0110\u1ed8C \u0110\u00c1O CHO KH\u00d4NG GIANG S\u1ed0NG C\u1ee6A B\u1ea0N<\/p>\n","protected":false},"featured_media":10488,"template":"","meta":[],"product_cat":[737],"product_tag":[700],"origin":[770],"designers":[],"collection":[389],"brands":[114],"class_list":{"0":"post-11422","1":"product","2":"type-product","3":"status-publish","4":"has-post-thumbnail","6":"product_cat-dining-tables-vi","7":"product_tag-dining-vi-2","8":"origin-european","9":"collection-ypsy","10":"brands-novibelo","12":"first","13":"instock","14":"shipping-taxable","15":"purchasable","16":"product-type-simple"},"_links":{"self":[{"href":"https:\/\/modale.com\/vi\/wp-json\/wp\/v2\/product\/11422","targetHints":{"allow":["GET"]}}],"collection":[{"href":"https:\/\/modale.com\/vi\/wp-json\/wp\/v2\/product"}],"about":[{"href":"https:\/\/modale.com\/vi\/wp-json\/wp\/v2\/types\/product"}],"wp:featuredmedia":[{"embeddable":true,"href":"https:\/\/modale.com\/vi\/wp-json\/wp\/v2\/media\/10488"}],"wp:attachment":[{"href":"https:\/\/modale.com\/vi\/wp-json\/wp\/v2\/media?parent=11422"}],"wp:term":[{"taxonomy":"product_cat","embeddable":true,"href":"https:\/\/modale.com\/vi\/wp-json\/wp\/v2\/product_cat?post=11422"},{"taxonomy":"product_tag","embeddable":true,"href":"https:\/\/modale.com\/vi\/wp-json\/wp\/v2\/product_tag?post=11422"},{"taxonomy":"origin","embeddable":true,"href":"https:\/\/modale.com\/vi\/wp-json\/wp\/v2\/origin?post=11422"},{"taxonomy":"designers","embeddable":true,"href":"https:\/\/modale.com\/vi\/wp-json\/wp\/v2\/designers?post=11422"},{"taxonomy":"collection","embeddable":true,"href":"https:\/\/modale.com\/vi\/wp-json\/wp\/v2\/collection?post=11422"},{"taxonomy":"brands","embeddable":true,"href":"https:\/\/modale.com\/vi\/wp-json\/wp\/v2\/brands?post=11422"}],"curies":[{"name":"wp","href":"https:\/\/api.w.org\/{rel}","templated":true}]}}