{"id":11423,"date":"2023-04-10T17:30:32","date_gmt":"2023-04-10T17:30:32","guid":{"rendered":"https:\/\/modale.com\/product\/wavecabinet\/"},"modified":"2023-08-10T10:42:07","modified_gmt":"2023-08-10T10:42:07","slug":"wavecabinet","status":"publish","type":"product","link":"https:\/\/modale.com\/vi\/product\/wavecabinet\/","title":{"rendered":"<strong>NOVIBELO <\/strong><br>T\u1ee6 WAVE"},"content":{"rendered":"<p>T\u1ee6 CABINET WAVE \u0110\u01af\u1ee2C L\u00c0M B\u1eb0NG G\u1ed6 VENEER B\u1ea0CH \u0110\u00c0N HUN KH\u00d3I PH\u1ee6 B\u00d3NG M\u00c0U X\u00c1M, CH\u00c2N T\u1ee6 \u0110\u01af\u1ee2C L\u00c0M B\u1eb0NG KIM LO\u1ea0I. C\u00c1NH C\u1eecA \u0110\u01af\u1ee2C L\u00c0M B\u1eb0NG V\u00c1N M\u1eceNG T\u1eea G\u1ed6 VENEER H\u1ed2 \u0110\u00c0O, V\u1edaI HOA V\u0102N M\u1ea2NH KI\u1ec2U PARIS. TAY N\u1eaeM \u0110\u01af\u1ee2C L\u00c0M B\u1eb0NG TH\u00c9P KH\u00d4NG G\u1ec8. B\u00caN TRONG C\u00d3 G\u01af\u01a0NG PH\u00cdA SAU, C\u00d3 K\u1ec6 K\u00cdNH V\u00c0 HAI NG\u0102N K\u00c9O<\/p>\n","protected":false},"excerpt":{"rendered":"<p>T\u1ee6 CABINET WAVE \u0110\u01af\u1ee2C L\u00c0M B\u1eb0NG G\u1ed6 VENEER B\u1ea0CH \u0110\u00c0N HUN KH\u00d3I PH\u1ee6 B\u00d3NG M\u00c0U X\u00c1M, CH\u00c2N T\u1ee6 \u0110\u01af\u1ee2C L\u00c0M B\u1eb0NG KIM LO\u1ea0I. C\u00c1NH C\u1eecA \u0110\u01af\u1ee2C L\u00c0M B\u1eb0NG V\u00c1N M\u1eceNG T\u1eea G\u1ed6 VENEER H\u1ed2 \u0110\u00c0O, V\u1edaI HOA V\u0102N M\u1ea2NH KI\u1ec2U PARIS. TAY N\u1eaeM \u0110\u01af\u1ee2C L\u00c0M B\u1eb0NG TH\u00c9P KH\u00d4NG G\u1ec8. B\u00caN TRONG C\u00d3 G\u01af\u01a0NG PH\u00cdA SAU, [&hellip;]<\/p>\n","protected":false},"featured_media":10484,"template":"","meta":[],"product_cat":[729],"product_tag":[703],"origin":[770],"designers":[],"collection":[388],"brands":[114],"class_list":{"0":"post-11423","1":"product","2":"type-product","3":"status-publish","4":"has-post-thumbnail","6":"product_cat-cabinets-vi","7":"product_tag-living-vi-2","8":"origin-european","9":"collection-wave","10":"brands-novibelo","12":"first","13":"instock","14":"shipping-taxable","15":"purchasable","16":"product-type-simple"},"_links":{"self":[{"href":"https:\/\/modale.com\/vi\/wp-json\/wp\/v2\/product\/11423","targetHints":{"allow":["GET"]}}],"collection":[{"href":"https:\/\/modale.com\/vi\/wp-json\/wp\/v2\/product"}],"about":[{"href":"https:\/\/modale.com\/vi\/wp-json\/wp\/v2\/types\/product"}],"wp:featuredmedia":[{"embeddable":true,"href":"https:\/\/modale.com\/vi\/wp-json\/wp\/v2\/media\/10484"}],"wp:attachment":[{"href":"https:\/\/modale.com\/vi\/wp-json\/wp\/v2\/media?parent=11423"}],"wp:term":[{"taxonomy":"product_cat","embeddable":true,"href":"https:\/\/modale.com\/vi\/wp-json\/wp\/v2\/product_cat?post=11423"},{"taxonomy":"product_tag","embeddable":true,"href":"https:\/\/modale.com\/vi\/wp-json\/wp\/v2\/product_tag?post=11423"},{"taxonomy":"origin","embeddable":true,"href":"https:\/\/modale.com\/vi\/wp-json\/wp\/v2\/origin?post=11423"},{"taxonomy":"designers","embeddable":true,"href":"https:\/\/modale.com\/vi\/wp-json\/wp\/v2\/designers?post=11423"},{"taxonomy":"collection","embeddable":true,"href":"https:\/\/modale.com\/vi\/wp-json\/wp\/v2\/collection?post=11423"},{"taxonomy":"brands","embeddable":true,"href":"https:\/\/modale.com\/vi\/wp-json\/wp\/v2\/brands?post=11423"}],"curies":[{"name":"wp","href":"https:\/\/api.w.org\/{rel}","templated":true}]}}