{"id":11424,"date":"2023-04-10T17:30:31","date_gmt":"2023-04-10T17:30:31","guid":{"rendered":"https:\/\/modale.com\/product\/venasideboard\/"},"modified":"2023-08-10T10:42:07","modified_gmt":"2023-08-10T10:42:07","slug":"venasideboard","status":"publish","type":"product","link":"https:\/\/modale.com\/vi\/product\/venasideboard\/","title":{"rendered":"<strong>NOVIBELO <\/strong><br>T\u1ee6 SIDEBOARD VENA"},"content":{"rendered":"<p>T\u1ee6 SIDEBOARD VENA \u0110\u01af\u1ee2C L\u00c0M B\u1eb0NG G\u1ed6 VENEER H\u1ed2 \u0110\u00c0O TR\u00caN C\u1ea4U TR\u00daC MDF. T\u1ee6 C\u00d3 C\u00c1C K\u1ec6 B\u00caN TRONG V\u00c0 M\u1ed8T NG\u0102N K\u00c9O TRUNG T\u00c2M, CH\u00c2N B\u00c0N L\u00c0M B\u1eb0NG S\u1eaeT M\u00c0U \u0110EN. C\u1eecA T\u1ee6 \u0110\u01af\u1ee2C L\u00d3T B\u1eb0NG G\u1ed0M MATTE CALACATTA D\u00c0Y 3MM, C\u00d3 TH\u1ec2 M\u1ede B\u1eb0NG N\u1eaeP \u0110\u1eacY PH\u00cdA TR\u00caN.<\/p>\n","protected":false},"excerpt":{"rendered":"<p>T\u1ee6 SIDEBOARD VENA \u0110\u01af\u1ee2C L\u00c0M B\u1eb0NG G\u1ed6 VENEER H\u1ed2 \u0110\u00c0O TR\u00caN C\u1ea4U TR\u00daC MDF. T\u1ee6 C\u00d3 C\u00c1C K\u1ec6 B\u00caN TRONG V\u00c0 M\u1ed8T NG\u0102N K\u00c9O TRUNG T\u00c2M, CH\u00c2N B\u00c0N L\u00c0M B\u1eb0NG S\u1eaeT M\u00c0U \u0110EN. C\u1eecA T\u1ee6 \u0110\u01af\u1ee2C L\u00d3T B\u1eb0NG G\u1ed0M MATTE CALACATTA D\u00c0Y 3MM, C\u00d3 TH\u1ec2 M\u1ede B\u1eb0NG N\u1eaeP \u0110\u1eacY PH\u00cdA TR\u00caN.<\/p>\n","protected":false},"featured_media":10480,"template":"","meta":[],"product_cat":[745],"product_tag":[700],"origin":[770],"designers":[],"collection":[387],"brands":[114],"class_list":{"0":"post-11424","1":"product","2":"type-product","3":"status-publish","4":"has-post-thumbnail","6":"product_cat-sideboards-vi","7":"product_tag-dining-vi-2","8":"origin-european","9":"collection-vena","10":"brands-novibelo","12":"first","13":"instock","14":"shipping-taxable","15":"purchasable","16":"product-type-simple"},"_links":{"self":[{"href":"https:\/\/modale.com\/vi\/wp-json\/wp\/v2\/product\/11424","targetHints":{"allow":["GET"]}}],"collection":[{"href":"https:\/\/modale.com\/vi\/wp-json\/wp\/v2\/product"}],"about":[{"href":"https:\/\/modale.com\/vi\/wp-json\/wp\/v2\/types\/product"}],"wp:featuredmedia":[{"embeddable":true,"href":"https:\/\/modale.com\/vi\/wp-json\/wp\/v2\/media\/10480"}],"wp:attachment":[{"href":"https:\/\/modale.com\/vi\/wp-json\/wp\/v2\/media?parent=11424"}],"wp:term":[{"taxonomy":"product_cat","embeddable":true,"href":"https:\/\/modale.com\/vi\/wp-json\/wp\/v2\/product_cat?post=11424"},{"taxonomy":"product_tag","embeddable":true,"href":"https:\/\/modale.com\/vi\/wp-json\/wp\/v2\/product_tag?post=11424"},{"taxonomy":"origin","embeddable":true,"href":"https:\/\/modale.com\/vi\/wp-json\/wp\/v2\/origin?post=11424"},{"taxonomy":"designers","embeddable":true,"href":"https:\/\/modale.com\/vi\/wp-json\/wp\/v2\/designers?post=11424"},{"taxonomy":"collection","embeddable":true,"href":"https:\/\/modale.com\/vi\/wp-json\/wp\/v2\/collection?post=11424"},{"taxonomy":"brands","embeddable":true,"href":"https:\/\/modale.com\/vi\/wp-json\/wp\/v2\/brands?post=11424"}],"curies":[{"name":"wp","href":"https:\/\/api.w.org\/{rel}","templated":true}]}}