{"id":11429,"date":"2023-04-10T17:30:22","date_gmt":"2023-04-10T17:30:22","guid":{"rendered":"https:\/\/modale.com\/product\/circlecoffee-table-2\/"},"modified":"2023-08-10T10:42:08","modified_gmt":"2023-08-10T10:42:08","slug":"circlecoffee-table-2","status":"publish","type":"product","link":"https:\/\/modale.com\/vi\/product\/circlecoffee-table-2\/","title":{"rendered":"<strong>NOVIBELO <\/strong><br>B\u00c0N CAF\u00c9 TR\u00d2N"},"content":{"rendered":"<p>B\u00c0N CAF\u00c9 CIRCLE \u0110\u01af\u1ee2C L\u00c0M B\u1eb0NG G\u1ed6 H\u1ed2 \u0110\u00c0O V\u1edaI HI\u1ec6U \u1ee8NG SHANGHAI \u0110\u1eb8P M\u1eaeT TR\u00caN M\u1eb6T B\u00c0N<\/p>\n","protected":false},"excerpt":{"rendered":"<p>B\u00c0N CAF\u00c9 CIRCLE \u0110\u01af\u1ee2C L\u00c0M B\u1eb0NG G\u1ed6 H\u1ed2 \u0110\u00c0O V\u1edaI HI\u1ec6U \u1ee8NG SHANGHAI \u0110\u1eb8P M\u1eaeT TR\u00caN M\u1eb6T B\u00c0N<\/p>\n","protected":false},"featured_media":10454,"template":"","meta":[],"product_cat":[734],"product_tag":[703],"origin":[770],"designers":[],"collection":[374],"brands":[114],"class_list":{"0":"post-11429","1":"product","2":"type-product","3":"status-publish","4":"has-post-thumbnail","6":"product_cat-coffee-tables-vi","7":"product_tag-living-vi-2","8":"origin-european","9":"collection-circle","10":"brands-novibelo","12":"first","13":"instock","14":"shipping-taxable","15":"purchasable","16":"product-type-simple"},"_links":{"self":[{"href":"https:\/\/modale.com\/vi\/wp-json\/wp\/v2\/product\/11429","targetHints":{"allow":["GET"]}}],"collection":[{"href":"https:\/\/modale.com\/vi\/wp-json\/wp\/v2\/product"}],"about":[{"href":"https:\/\/modale.com\/vi\/wp-json\/wp\/v2\/types\/product"}],"wp:featuredmedia":[{"embeddable":true,"href":"https:\/\/modale.com\/vi\/wp-json\/wp\/v2\/media\/10454"}],"wp:attachment":[{"href":"https:\/\/modale.com\/vi\/wp-json\/wp\/v2\/media?parent=11429"}],"wp:term":[{"taxonomy":"product_cat","embeddable":true,"href":"https:\/\/modale.com\/vi\/wp-json\/wp\/v2\/product_cat?post=11429"},{"taxonomy":"product_tag","embeddable":true,"href":"https:\/\/modale.com\/vi\/wp-json\/wp\/v2\/product_tag?post=11429"},{"taxonomy":"origin","embeddable":true,"href":"https:\/\/modale.com\/vi\/wp-json\/wp\/v2\/origin?post=11429"},{"taxonomy":"designers","embeddable":true,"href":"https:\/\/modale.com\/vi\/wp-json\/wp\/v2\/designers?post=11429"},{"taxonomy":"collection","embeddable":true,"href":"https:\/\/modale.com\/vi\/wp-json\/wp\/v2\/collection?post=11429"},{"taxonomy":"brands","embeddable":true,"href":"https:\/\/modale.com\/vi\/wp-json\/wp\/v2\/brands?post=11429"}],"curies":[{"name":"wp","href":"https:\/\/api.w.org\/{rel}","templated":true}]}}