{"id":11430,"date":"2023-04-10T17:30:19","date_gmt":"2023-04-10T17:30:19","guid":{"rendered":"https:\/\/modale.com\/product\/lake-iitv-unit\/"},"modified":"2023-08-10T10:42:09","modified_gmt":"2023-08-10T10:42:09","slug":"lake-iitv-unit","status":"publish","type":"product","link":"https:\/\/modale.com\/vi\/product\/lake-iitv-unit\/","title":{"rendered":"<strong>NOVIBELO <\/strong><br>T\u1ee6 TV LAKE II"},"content":{"rendered":"<p>T\u1ee6 TV CABINET LAKE II G\u1ed2M 2 H\u1ed8C T\u1ee6 V\u00c0 1 NG\u0102N K\u00c9O \u0110\u01af\u1ee2C L\u00c0M B\u1eb0NG G\u1ed6 VENEER B\u1ea0CH \u0110\u00c0N HUN KH\u00d3I. C\u1eecA T\u1ee6 C\u00d3 THI\u1ebeT K\u1ebe D\u1ea0NG CONG V\u00c0 PH\u1eb2NG.<\/p>\n","protected":false},"excerpt":{"rendered":"<p>T\u1ee6 TV CABINET LAKE II G\u1ed2M 2 H\u1ed8C T\u1ee6 V\u00c0 1 NG\u0102N K\u00c9O \u0110\u01af\u1ee2C L\u00c0M B\u1eb0NG G\u1ed6 VENEER B\u1ea0CH \u0110\u00c0N HUN KH\u00d3I. C\u1eecA T\u1ee6 C\u00d3 THI\u1ebeT K\u1ebe D\u1ea0NG CONG V\u00c0 PH\u1eb2NG.<\/p>\n","protected":false},"featured_media":10450,"template":"","meta":[],"product_cat":[729],"product_tag":[703],"origin":[770],"designers":[],"collection":[383],"brands":[114],"class_list":{"0":"post-11430","1":"product","2":"type-product","3":"status-publish","4":"has-post-thumbnail","6":"product_cat-cabinets-vi","7":"product_tag-living-vi-2","8":"origin-european","9":"collection-lake-ii","10":"brands-novibelo","12":"first","13":"instock","14":"shipping-taxable","15":"purchasable","16":"product-type-simple"},"_links":{"self":[{"href":"https:\/\/modale.com\/vi\/wp-json\/wp\/v2\/product\/11430","targetHints":{"allow":["GET"]}}],"collection":[{"href":"https:\/\/modale.com\/vi\/wp-json\/wp\/v2\/product"}],"about":[{"href":"https:\/\/modale.com\/vi\/wp-json\/wp\/v2\/types\/product"}],"wp:featuredmedia":[{"embeddable":true,"href":"https:\/\/modale.com\/vi\/wp-json\/wp\/v2\/media\/10450"}],"wp:attachment":[{"href":"https:\/\/modale.com\/vi\/wp-json\/wp\/v2\/media?parent=11430"}],"wp:term":[{"taxonomy":"product_cat","embeddable":true,"href":"https:\/\/modale.com\/vi\/wp-json\/wp\/v2\/product_cat?post=11430"},{"taxonomy":"product_tag","embeddable":true,"href":"https:\/\/modale.com\/vi\/wp-json\/wp\/v2\/product_tag?post=11430"},{"taxonomy":"origin","embeddable":true,"href":"https:\/\/modale.com\/vi\/wp-json\/wp\/v2\/origin?post=11430"},{"taxonomy":"designers","embeddable":true,"href":"https:\/\/modale.com\/vi\/wp-json\/wp\/v2\/designers?post=11430"},{"taxonomy":"collection","embeddable":true,"href":"https:\/\/modale.com\/vi\/wp-json\/wp\/v2\/collection?post=11430"},{"taxonomy":"brands","embeddable":true,"href":"https:\/\/modale.com\/vi\/wp-json\/wp\/v2\/brands?post=11430"}],"curies":[{"name":"wp","href":"https:\/\/api.w.org\/{rel}","templated":true}]}}