{"id":11437,"date":"2023-04-10T17:29:50","date_gmt":"2023-04-10T17:29:50","guid":{"rendered":"https:\/\/modale.com\/product\/inaltosideboard\/"},"modified":"2023-08-10T10:42:11","modified_gmt":"2023-08-10T10:42:11","slug":"inaltosideboard","status":"publish","type":"product","link":"https:\/\/modale.com\/vi\/product\/inaltosideboard\/","title":{"rendered":"<strong>NOVIBELO <\/strong><br>T\u1ee6 SIDEBOARD INALTO"},"content":{"rendered":"<p>T\u1ee6 SIDEBOARD INALTO \u0110\u01af\u1ee2C L\u00c0M B\u1eb0NG G\u1ed6 S\u01a0N M\u00c0I C\u00d3 CH\u00c2N B\u1eb0NG TH\u00c9P KH\u00d4NG G\u1ec8 M\u1ea0 V\u00c0NG V\u00c0 M\u1eb6T T\u1ee6 B\u1eb0NG G\u1ed0M. C\u00d3 K\u1ec6 B\u00caN TRONG V\u00c0 M\u1ed8T NG\u0102N K\u00c9O TRUNG T\u00c2M.<\/p>\n","protected":false},"excerpt":{"rendered":"<p>T\u1ee6 SIDEBOARD INALTO \u0110\u01af\u1ee2C L\u00c0M B\u1eb0NG G\u1ed6 S\u01a0N M\u00c0I C\u00d3 CH\u00c2N B\u1eb0NG TH\u00c9P KH\u00d4NG G\u1ec8 M\u1ea0 V\u00c0NG V\u00c0 M\u1eb6T T\u1ee6 B\u1eb0NG G\u1ed0M. C\u00d3 K\u1ec6 B\u00caN TRONG V\u00c0 M\u1ed8T NG\u0102N K\u00c9O TRUNG T\u00c2M.<\/p>\n","protected":false},"featured_media":10416,"template":"","meta":[],"product_cat":[745],"product_tag":[700],"origin":[770],"designers":[],"collection":[379],"brands":[114],"class_list":{"0":"post-11437","1":"product","2":"type-product","3":"status-publish","4":"has-post-thumbnail","6":"product_cat-sideboards-vi","7":"product_tag-dining-vi-2","8":"origin-european","9":"collection-inalto","10":"brands-novibelo","12":"first","13":"instock","14":"shipping-taxable","15":"purchasable","16":"product-type-simple"},"_links":{"self":[{"href":"https:\/\/modale.com\/vi\/wp-json\/wp\/v2\/product\/11437","targetHints":{"allow":["GET"]}}],"collection":[{"href":"https:\/\/modale.com\/vi\/wp-json\/wp\/v2\/product"}],"about":[{"href":"https:\/\/modale.com\/vi\/wp-json\/wp\/v2\/types\/product"}],"wp:featuredmedia":[{"embeddable":true,"href":"https:\/\/modale.com\/vi\/wp-json\/wp\/v2\/media\/10416"}],"wp:attachment":[{"href":"https:\/\/modale.com\/vi\/wp-json\/wp\/v2\/media?parent=11437"}],"wp:term":[{"taxonomy":"product_cat","embeddable":true,"href":"https:\/\/modale.com\/vi\/wp-json\/wp\/v2\/product_cat?post=11437"},{"taxonomy":"product_tag","embeddable":true,"href":"https:\/\/modale.com\/vi\/wp-json\/wp\/v2\/product_tag?post=11437"},{"taxonomy":"origin","embeddable":true,"href":"https:\/\/modale.com\/vi\/wp-json\/wp\/v2\/origin?post=11437"},{"taxonomy":"designers","embeddable":true,"href":"https:\/\/modale.com\/vi\/wp-json\/wp\/v2\/designers?post=11437"},{"taxonomy":"collection","embeddable":true,"href":"https:\/\/modale.com\/vi\/wp-json\/wp\/v2\/collection?post=11437"},{"taxonomy":"brands","embeddable":true,"href":"https:\/\/modale.com\/vi\/wp-json\/wp\/v2\/brands?post=11437"}],"curies":[{"name":"wp","href":"https:\/\/api.w.org\/{rel}","templated":true}]}}