{"id":11439,"date":"2023-04-10T17:29:45","date_gmt":"2023-04-10T17:29:45","guid":{"rendered":"https:\/\/modale.com\/product\/giftsideboard\/"},"modified":"2023-08-10T10:42:11","modified_gmt":"2023-08-10T10:42:11","slug":"giftsideboard","status":"publish","type":"product","link":"https:\/\/modale.com\/vi\/product\/giftsideboard\/","title":{"rendered":"<strong>NOVIBELO <\/strong><br>T\u1ee6 SIDEBOARD GIFT"},"content":{"rendered":"<p>T\u1ee6 SIDEBOARD GIFT \u0110\u01af\u1ee2C L\u00c0M B\u1eb0NG G\u1ed6 MDF VENEER H\u1ed2 \u0110\u00c0O V\u1edaI KHUNG CH\u00c2N S\u1eaeT M\u1ea0 V\u00c0NG. C\u1eecA T\u1ee6 L\u00c0M B\u1eb0NG G\u1ed6 S\u01a0N M\u00c0I, C\u00d3 K\u1ec6 B\u00caN TRONG V\u00c0 NG\u0102N K\u00c9O TRUNG T\u00c2M.<\/p>\n","protected":false},"excerpt":{"rendered":"<p>T\u1ee6 SIDEBOARD GIFT \u0110\u01af\u1ee2C L\u00c0M B\u1eb0NG G\u1ed6 MDF VENEER H\u1ed2 \u0110\u00c0O V\u1edaI KHUNG CH\u00c2N S\u1eaeT M\u1ea0 V\u00c0NG. C\u1eecA T\u1ee6 L\u00c0M B\u1eb0NG G\u1ed6 S\u01a0N M\u00c0I, C\u00d3 K\u1ec6 B\u00caN TRONG V\u00c0 NG\u0102N K\u00c9O TRUNG T\u00c2M.<\/p>\n","protected":false},"featured_media":10408,"template":"","meta":[],"product_cat":[745],"product_tag":[700],"origin":[770],"designers":[],"collection":[378],"brands":[114],"class_list":{"0":"post-11439","1":"product","2":"type-product","3":"status-publish","4":"has-post-thumbnail","6":"product_cat-sideboards-vi","7":"product_tag-dining-vi-2","8":"origin-european","9":"collection-gift","10":"brands-novibelo","12":"first","13":"instock","14":"shipping-taxable","15":"purchasable","16":"product-type-simple"},"_links":{"self":[{"href":"https:\/\/modale.com\/vi\/wp-json\/wp\/v2\/product\/11439","targetHints":{"allow":["GET"]}}],"collection":[{"href":"https:\/\/modale.com\/vi\/wp-json\/wp\/v2\/product"}],"about":[{"href":"https:\/\/modale.com\/vi\/wp-json\/wp\/v2\/types\/product"}],"wp:featuredmedia":[{"embeddable":true,"href":"https:\/\/modale.com\/vi\/wp-json\/wp\/v2\/media\/10408"}],"wp:attachment":[{"href":"https:\/\/modale.com\/vi\/wp-json\/wp\/v2\/media?parent=11439"}],"wp:term":[{"taxonomy":"product_cat","embeddable":true,"href":"https:\/\/modale.com\/vi\/wp-json\/wp\/v2\/product_cat?post=11439"},{"taxonomy":"product_tag","embeddable":true,"href":"https:\/\/modale.com\/vi\/wp-json\/wp\/v2\/product_tag?post=11439"},{"taxonomy":"origin","embeddable":true,"href":"https:\/\/modale.com\/vi\/wp-json\/wp\/v2\/origin?post=11439"},{"taxonomy":"designers","embeddable":true,"href":"https:\/\/modale.com\/vi\/wp-json\/wp\/v2\/designers?post=11439"},{"taxonomy":"collection","embeddable":true,"href":"https:\/\/modale.com\/vi\/wp-json\/wp\/v2\/collection?post=11439"},{"taxonomy":"brands","embeddable":true,"href":"https:\/\/modale.com\/vi\/wp-json\/wp\/v2\/brands?post=11439"}],"curies":[{"name":"wp","href":"https:\/\/api.w.org\/{rel}","templated":true}]}}