{"id":11440,"date":"2023-04-10T17:29:44","date_gmt":"2023-04-10T17:29:44","guid":{"rendered":"https:\/\/modale.com\/product\/flamitable\/"},"modified":"2023-08-10T10:42:11","modified_gmt":"2023-08-10T10:42:11","slug":"flamitable","status":"publish","type":"product","link":"https:\/\/modale.com\/vi\/product\/flamitable\/","title":{"rendered":"<strong>NOVIBELO <\/strong><br>B\u00c0N FLAMI"},"content":{"rendered":"<p>B\u00c0N \u0102N FLAMI \u0110\u01af\u1ee2C L\u00c0M B\u1eb0NG G\u1ed0M PORTORO, M\u1eb6T B\u00c0N \u0110\u01af\u1ee2C L\u00c0M B\u1eb0NG V\u00c1N G\u1ed6 MDF, CH\u00c2N B\u00c0N L\u00c0M B\u1eb0NG G\u1ed6 T\u1ea6N B\u00cc R\u1eaeN<\/p>\n","protected":false},"excerpt":{"rendered":"<p>B\u00c0N \u0102N FLAMI \u0110\u01af\u1ee2C L\u00c0M B\u1eb0NG G\u1ed0M PORTORO, M\u1eb6T B\u00c0N \u0110\u01af\u1ee2C L\u00c0M B\u1eb0NG V\u00c1N G\u1ed6 MDF, CH\u00c2N B\u00c0N L\u00c0M B\u1eb0NG G\u1ed6 T\u1ea6N B\u00cc R\u1eaeN<\/p>\n","protected":false},"featured_media":10404,"template":"","meta":[],"product_cat":[737],"product_tag":[700],"origin":[770],"designers":[],"collection":[377],"brands":[114],"class_list":{"0":"post-11440","1":"product","2":"type-product","3":"status-publish","4":"has-post-thumbnail","6":"product_cat-dining-tables-vi","7":"product_tag-dining-vi-2","8":"origin-european","9":"collection-flami","10":"brands-novibelo","12":"first","13":"instock","14":"shipping-taxable","15":"purchasable","16":"product-type-simple"},"_links":{"self":[{"href":"https:\/\/modale.com\/vi\/wp-json\/wp\/v2\/product\/11440","targetHints":{"allow":["GET"]}}],"collection":[{"href":"https:\/\/modale.com\/vi\/wp-json\/wp\/v2\/product"}],"about":[{"href":"https:\/\/modale.com\/vi\/wp-json\/wp\/v2\/types\/product"}],"wp:featuredmedia":[{"embeddable":true,"href":"https:\/\/modale.com\/vi\/wp-json\/wp\/v2\/media\/10404"}],"wp:attachment":[{"href":"https:\/\/modale.com\/vi\/wp-json\/wp\/v2\/media?parent=11440"}],"wp:term":[{"taxonomy":"product_cat","embeddable":true,"href":"https:\/\/modale.com\/vi\/wp-json\/wp\/v2\/product_cat?post=11440"},{"taxonomy":"product_tag","embeddable":true,"href":"https:\/\/modale.com\/vi\/wp-json\/wp\/v2\/product_tag?post=11440"},{"taxonomy":"origin","embeddable":true,"href":"https:\/\/modale.com\/vi\/wp-json\/wp\/v2\/origin?post=11440"},{"taxonomy":"designers","embeddable":true,"href":"https:\/\/modale.com\/vi\/wp-json\/wp\/v2\/designers?post=11440"},{"taxonomy":"collection","embeddable":true,"href":"https:\/\/modale.com\/vi\/wp-json\/wp\/v2\/collection?post=11440"},{"taxonomy":"brands","embeddable":true,"href":"https:\/\/modale.com\/vi\/wp-json\/wp\/v2\/brands?post=11440"}],"curies":[{"name":"wp","href":"https:\/\/api.w.org\/{rel}","templated":true}]}}