{"id":11441,"date":"2023-04-10T17:29:42","date_gmt":"2023-04-10T17:29:42","guid":{"rendered":"https:\/\/modale.com\/product\/flamiconsole\/"},"modified":"2023-08-10T10:42:12","modified_gmt":"2023-08-10T10:42:12","slug":"flamiconsole","status":"publish","type":"product","link":"https:\/\/modale.com\/vi\/product\/flamiconsole\/","title":{"rendered":"<strong>NOVIBELO <\/strong><br>B\u00c0N CONSOLE FLAMI"},"content":{"rendered":"<p>B\u00c0N CONSOLE FLAMI \u0110\u01af\u1ee2C L\u00c0M B\u1eb0NG G\u1ed6 VENEER H\u1ed2 \u0110\u00c0O BRAZIL V\u1edaI M\u1ed8T NG\u0102N K\u00c9O, D\u00c1NG CH\u00c2N H\u1ed2NG H\u1ea0C \u0110\u01af\u1ee2C S\u01a0N M\u00c0U KH\u00d3I<\/p>\n","protected":false},"excerpt":{"rendered":"<p>B\u00c0N CONSOLE FLAMI \u0110\u01af\u1ee2C L\u00c0M B\u1eb0NG G\u1ed6 VENEER H\u1ed2 \u0110\u00c0O BRAZIL V\u1edaI M\u1ed8T NG\u0102N K\u00c9O, D\u00c1NG CH\u00c2N H\u1ed2NG H\u1ea0C \u0110\u01af\u1ee2C S\u01a0N M\u00c0U KH\u00d3I<\/p>\n","protected":false},"featured_media":10400,"template":"","meta":[],"product_cat":[735],"product_tag":[703],"origin":[770],"designers":[],"collection":[377],"brands":[114],"class_list":{"0":"post-11441","1":"product","2":"type-product","3":"status-publish","4":"has-post-thumbnail","6":"product_cat-consoles-vi","7":"product_tag-living-vi-2","8":"origin-european","9":"collection-flami","10":"brands-novibelo","12":"first","13":"instock","14":"shipping-taxable","15":"purchasable","16":"product-type-simple"},"_links":{"self":[{"href":"https:\/\/modale.com\/vi\/wp-json\/wp\/v2\/product\/11441","targetHints":{"allow":["GET"]}}],"collection":[{"href":"https:\/\/modale.com\/vi\/wp-json\/wp\/v2\/product"}],"about":[{"href":"https:\/\/modale.com\/vi\/wp-json\/wp\/v2\/types\/product"}],"wp:featuredmedia":[{"embeddable":true,"href":"https:\/\/modale.com\/vi\/wp-json\/wp\/v2\/media\/10400"}],"wp:attachment":[{"href":"https:\/\/modale.com\/vi\/wp-json\/wp\/v2\/media?parent=11441"}],"wp:term":[{"taxonomy":"product_cat","embeddable":true,"href":"https:\/\/modale.com\/vi\/wp-json\/wp\/v2\/product_cat?post=11441"},{"taxonomy":"product_tag","embeddable":true,"href":"https:\/\/modale.com\/vi\/wp-json\/wp\/v2\/product_tag?post=11441"},{"taxonomy":"origin","embeddable":true,"href":"https:\/\/modale.com\/vi\/wp-json\/wp\/v2\/origin?post=11441"},{"taxonomy":"designers","embeddable":true,"href":"https:\/\/modale.com\/vi\/wp-json\/wp\/v2\/designers?post=11441"},{"taxonomy":"collection","embeddable":true,"href":"https:\/\/modale.com\/vi\/wp-json\/wp\/v2\/collection?post=11441"},{"taxonomy":"brands","embeddable":true,"href":"https:\/\/modale.com\/vi\/wp-json\/wp\/v2\/brands?post=11441"}],"curies":[{"name":"wp","href":"https:\/\/api.w.org\/{rel}","templated":true}]}}