{"id":11450,"date":"2023-04-10T17:29:28","date_gmt":"2023-04-10T17:29:28","guid":{"rendered":"https:\/\/modale.com\/product\/blaze-rcttable\/"},"modified":"2023-08-10T10:42:14","modified_gmt":"2023-08-10T10:42:14","slug":"blaze-rcttable","status":"publish","type":"product","link":"https:\/\/modale.com\/vi\/product\/blaze-rcttable\/","title":{"rendered":"<strong>NOVIBELO <\/strong><br>B\u00c0N \u0102N BLAZE RCT"},"content":{"rendered":"<p>B\u00c0N BLAZE RCT C\u00d3 KHUNG CH\u00c2N L\u00c0M B\u1eb0NG G\u1ed6 VENEER H\u1ed2 \u0110\u00c0O, \u0110\u01af\u1ee2C PH\u1ee6 L\u1edaP S\u01a0N B\u00d3NG B\u00caN TRONG V\u00c0 TR\u00caN M\u1eb6T B\u00c0N<\/p>\n","protected":false},"excerpt":{"rendered":"<p>B\u00c0N BLAZE RCT C\u00d3 KHUNG CH\u00c2N L\u00c0M B\u1eb0NG G\u1ed6 VENEER H\u1ed2 \u0110\u00c0O, \u0110\u01af\u1ee2C PH\u1ee6 L\u1edaP S\u01a0N B\u00d3NG B\u00caN TRONG V\u00c0 TR\u00caN M\u1eb6T B\u00c0N<\/p>\n","protected":false},"featured_media":10512,"template":"","meta":[],"product_cat":[737],"product_tag":[700],"origin":[770],"designers":[],"collection":[369],"brands":[114],"class_list":{"0":"post-11450","1":"product","2":"type-product","3":"status-publish","4":"has-post-thumbnail","6":"product_cat-dining-tables-vi","7":"product_tag-dining-vi-2","8":"origin-european","9":"collection-blaze-rct","10":"brands-novibelo","12":"first","13":"instock","14":"shipping-taxable","15":"purchasable","16":"product-type-simple"},"_links":{"self":[{"href":"https:\/\/modale.com\/vi\/wp-json\/wp\/v2\/product\/11450","targetHints":{"allow":["GET"]}}],"collection":[{"href":"https:\/\/modale.com\/vi\/wp-json\/wp\/v2\/product"}],"about":[{"href":"https:\/\/modale.com\/vi\/wp-json\/wp\/v2\/types\/product"}],"wp:featuredmedia":[{"embeddable":true,"href":"https:\/\/modale.com\/vi\/wp-json\/wp\/v2\/media\/10512"}],"wp:attachment":[{"href":"https:\/\/modale.com\/vi\/wp-json\/wp\/v2\/media?parent=11450"}],"wp:term":[{"taxonomy":"product_cat","embeddable":true,"href":"https:\/\/modale.com\/vi\/wp-json\/wp\/v2\/product_cat?post=11450"},{"taxonomy":"product_tag","embeddable":true,"href":"https:\/\/modale.com\/vi\/wp-json\/wp\/v2\/product_tag?post=11450"},{"taxonomy":"origin","embeddable":true,"href":"https:\/\/modale.com\/vi\/wp-json\/wp\/v2\/origin?post=11450"},{"taxonomy":"designers","embeddable":true,"href":"https:\/\/modale.com\/vi\/wp-json\/wp\/v2\/designers?post=11450"},{"taxonomy":"collection","embeddable":true,"href":"https:\/\/modale.com\/vi\/wp-json\/wp\/v2\/collection?post=11450"},{"taxonomy":"brands","embeddable":true,"href":"https:\/\/modale.com\/vi\/wp-json\/wp\/v2\/brands?post=11450"}],"curies":[{"name":"wp","href":"https:\/\/api.w.org\/{rel}","templated":true}]}}