{"id":11451,"date":"2023-04-10T17:29:26","date_gmt":"2023-04-10T17:29:26","guid":{"rendered":"https:\/\/modale.com\/product\/atomtable\/"},"modified":"2023-08-10T10:42:14","modified_gmt":"2023-08-10T10:42:14","slug":"atomtable","status":"publish","type":"product","link":"https:\/\/modale.com\/vi\/product\/atomtable\/","title":{"rendered":"<strong>NOVIBELO <\/strong><br>B\u00c0N \u0102N ATOM"},"content":{"rendered":"<p>B\u00c0N ATOM \u0110\u01af\u1ee2C L\u00c0M B\u1eb0NG \u0110\u00c1 GUATEMALA V\u1edaI M\u1eb6T B\u00c0N B\u1eb0NG TH\u1ee6Y TINH.<\/p>\n","protected":false},"excerpt":{"rendered":"<p>B\u00c0N ATOM \u0110\u01af\u1ee2C L\u00c0M B\u1eb0NG \u0110\u00c1 GUATEMALA V\u1edaI M\u1eb6T B\u00c0N B\u1eb0NG TH\u1ee6Y TINH.<\/p>\n","protected":false},"featured_media":10510,"template":"","meta":[],"product_cat":[737],"product_tag":[700],"origin":[770],"designers":[],"collection":[368],"brands":[114],"class_list":{"0":"post-11451","1":"product","2":"type-product","3":"status-publish","4":"has-post-thumbnail","6":"product_cat-dining-tables-vi","7":"product_tag-dining-vi-2","8":"origin-european","9":"collection-atom","10":"brands-novibelo","12":"first","13":"instock","14":"shipping-taxable","15":"purchasable","16":"product-type-simple"},"_links":{"self":[{"href":"https:\/\/modale.com\/vi\/wp-json\/wp\/v2\/product\/11451","targetHints":{"allow":["GET"]}}],"collection":[{"href":"https:\/\/modale.com\/vi\/wp-json\/wp\/v2\/product"}],"about":[{"href":"https:\/\/modale.com\/vi\/wp-json\/wp\/v2\/types\/product"}],"wp:featuredmedia":[{"embeddable":true,"href":"https:\/\/modale.com\/vi\/wp-json\/wp\/v2\/media\/10510"}],"wp:attachment":[{"href":"https:\/\/modale.com\/vi\/wp-json\/wp\/v2\/media?parent=11451"}],"wp:term":[{"taxonomy":"product_cat","embeddable":true,"href":"https:\/\/modale.com\/vi\/wp-json\/wp\/v2\/product_cat?post=11451"},{"taxonomy":"product_tag","embeddable":true,"href":"https:\/\/modale.com\/vi\/wp-json\/wp\/v2\/product_tag?post=11451"},{"taxonomy":"origin","embeddable":true,"href":"https:\/\/modale.com\/vi\/wp-json\/wp\/v2\/origin?post=11451"},{"taxonomy":"designers","embeddable":true,"href":"https:\/\/modale.com\/vi\/wp-json\/wp\/v2\/designers?post=11451"},{"taxonomy":"collection","embeddable":true,"href":"https:\/\/modale.com\/vi\/wp-json\/wp\/v2\/collection?post=11451"},{"taxonomy":"brands","embeddable":true,"href":"https:\/\/modale.com\/vi\/wp-json\/wp\/v2\/brands?post=11451"}],"curies":[{"name":"wp","href":"https:\/\/api.w.org\/{rel}","templated":true}]}}