{"id":11458,"date":"2023-04-10T17:28:19","date_gmt":"2023-04-10T17:28:19","guid":{"rendered":"https:\/\/modale.com\/product\/rosiebedside-table\/"},"modified":"2023-08-10T10:42:16","modified_gmt":"2023-08-10T10:42:16","slug":"rosiebedside-table","status":"publish","type":"product","link":"https:\/\/modale.com\/vi\/product\/rosiebedside-table\/","title":{"rendered":"<strong>LASKASAS <\/strong><br>B\u00c0N \u0110\u1ea6U GI\u01af\u1edcNG ROSIE"},"content":{"rendered":"<p>G\u1ed6 H\u1ed2 \u0110\u00c0O L\u00cc V\u1edaI L\u1edaP PH\u1ee6 KIM LO\u1ea0I \u0110EN, TH\u00c9P KH\u00d4NG G\u1ec8 XI M\u1ea0 V\u00c0 \u0110\u00c1NH B\u00d3NG<\/p>\n","protected":false},"excerpt":{"rendered":"<p>G\u1ed6 H\u1ed2 \u0110\u00c0O L\u00cc V\u1edaI L\u1edaP PH\u1ee6 KIM LO\u1ea0I \u0110EN, TH\u00c9P KH\u00d4NG G\u1ec8 XI M\u1ea0 V\u00c0 \u0110\u00c1NH B\u00d3NG<\/p>\n","protected":false},"featured_media":10640,"template":"","meta":[],"product_cat":[727],"product_tag":[699],"origin":[771],"designers":[],"collection":[308],"brands":[113],"class_list":{"0":"post-11458","1":"product","2":"type-product","3":"status-publish","4":"has-post-thumbnail","6":"product_cat-bedside-tables-vi","7":"product_tag-bedroom-vi-2","8":"origin-chau-au","9":"collection-rosie","10":"brands-laskasas","12":"first","13":"instock","14":"shipping-taxable","15":"purchasable","16":"product-type-simple"},"_links":{"self":[{"href":"https:\/\/modale.com\/vi\/wp-json\/wp\/v2\/product\/11458","targetHints":{"allow":["GET"]}}],"collection":[{"href":"https:\/\/modale.com\/vi\/wp-json\/wp\/v2\/product"}],"about":[{"href":"https:\/\/modale.com\/vi\/wp-json\/wp\/v2\/types\/product"}],"wp:featuredmedia":[{"embeddable":true,"href":"https:\/\/modale.com\/vi\/wp-json\/wp\/v2\/media\/10640"}],"wp:attachment":[{"href":"https:\/\/modale.com\/vi\/wp-json\/wp\/v2\/media?parent=11458"}],"wp:term":[{"taxonomy":"product_cat","embeddable":true,"href":"https:\/\/modale.com\/vi\/wp-json\/wp\/v2\/product_cat?post=11458"},{"taxonomy":"product_tag","embeddable":true,"href":"https:\/\/modale.com\/vi\/wp-json\/wp\/v2\/product_tag?post=11458"},{"taxonomy":"origin","embeddable":true,"href":"https:\/\/modale.com\/vi\/wp-json\/wp\/v2\/origin?post=11458"},{"taxonomy":"designers","embeddable":true,"href":"https:\/\/modale.com\/vi\/wp-json\/wp\/v2\/designers?post=11458"},{"taxonomy":"collection","embeddable":true,"href":"https:\/\/modale.com\/vi\/wp-json\/wp\/v2\/collection?post=11458"},{"taxonomy":"brands","embeddable":true,"href":"https:\/\/modale.com\/vi\/wp-json\/wp\/v2\/brands?post=11458"}],"curies":[{"name":"wp","href":"https:\/\/api.w.org\/{rel}","templated":true}]}}