{"id":11482,"date":"2023-04-10T17:24:10","date_gmt":"2023-04-10T17:24:10","guid":{"rendered":"https:\/\/modale.com\/product\/rosiedesk\/"},"modified":"2023-08-10T10:42:27","modified_gmt":"2023-08-10T10:42:27","slug":"rosiedesk","status":"publish","type":"product","link":"https:\/\/modale.com\/vi\/product\/rosiedesk\/","title":{"rendered":"<strong>LASKASAS <\/strong><br>B\u00c0N L\u00c0M VI\u1ec6C ROSIE"},"content":{"rendered":"<p>B\u00c0N ROSIE L\u00c0 L\u1ef0A CH\u1eccN S\u1ed0 1 CHO V\u0102N PH\u00d2NG T\u1ea0I GIA C\u1ee6A NH\u1eeeNG AI \u01afA CHU\u1ed8NG S\u1ef0 N\u1eee T\u00cdNH. \u0110\u01af\u1ee2C L\u00c0M THEO PHONG C\u00c1CH MID-CENTURY, B\u00c0N C\u00d3 K\u1ebeT C\u1ea4U S\u1eaeT V\u1edaI M\u1eb6T B\u00c0N G\u1ed6, B\u1eccC V\u1ea2I HO\u1eb6C \u0110\u00c1 C\u1ea8M TH\u1ea0CH V\u1edaI 3 NG\u0102N K\u00c9O.<\/p>\n","protected":false},"excerpt":{"rendered":"<p>B\u00c0N ROSIE L\u00c0 L\u1ef0A CH\u1eccN S\u1ed0 1 CHO V\u0102N PH\u00d2NG T\u1ea0I GIA C\u1ee6A NH\u1eeeNG AI \u01afA CHU\u1ed8NG S\u1ef0 N\u1eee T\u00cdNH. \u0110\u01af\u1ee2C L\u00c0M THEO PHONG C\u00c1CH MID-CENTURY, B\u00c0N C\u00d3 K\u1ebeT C\u1ea4U S\u1eaeT V\u1edaI M\u1eb6T B\u00c0N G\u1ed6, B\u1eccC V\u1ea2I HO\u1eb6C \u0110\u00c1 C\u1ea8M TH\u1ea0CH V\u1edaI 3 NG\u0102N K\u00c9O.<\/p>\n","protected":false},"featured_media":8729,"template":"","meta":[],"product_cat":[736],"product_tag":[701],"origin":[770],"designers":[],"collection":[308],"brands":[113],"class_list":{"0":"post-11482","1":"product","2":"type-product","3":"status-publish","4":"has-post-thumbnail","6":"product_cat-desks-vi","7":"product_tag-home-office-vi-2","8":"origin-european","9":"collection-rosie","10":"brands-laskasas","12":"first","13":"instock","14":"shipping-taxable","15":"purchasable","16":"product-type-simple"},"_links":{"self":[{"href":"https:\/\/modale.com\/vi\/wp-json\/wp\/v2\/product\/11482","targetHints":{"allow":["GET"]}}],"collection":[{"href":"https:\/\/modale.com\/vi\/wp-json\/wp\/v2\/product"}],"about":[{"href":"https:\/\/modale.com\/vi\/wp-json\/wp\/v2\/types\/product"}],"wp:featuredmedia":[{"embeddable":true,"href":"https:\/\/modale.com\/vi\/wp-json\/wp\/v2\/media\/8729"}],"wp:attachment":[{"href":"https:\/\/modale.com\/vi\/wp-json\/wp\/v2\/media?parent=11482"}],"wp:term":[{"taxonomy":"product_cat","embeddable":true,"href":"https:\/\/modale.com\/vi\/wp-json\/wp\/v2\/product_cat?post=11482"},{"taxonomy":"product_tag","embeddable":true,"href":"https:\/\/modale.com\/vi\/wp-json\/wp\/v2\/product_tag?post=11482"},{"taxonomy":"origin","embeddable":true,"href":"https:\/\/modale.com\/vi\/wp-json\/wp\/v2\/origin?post=11482"},{"taxonomy":"designers","embeddable":true,"href":"https:\/\/modale.com\/vi\/wp-json\/wp\/v2\/designers?post=11482"},{"taxonomy":"collection","embeddable":true,"href":"https:\/\/modale.com\/vi\/wp-json\/wp\/v2\/collection?post=11482"},{"taxonomy":"brands","embeddable":true,"href":"https:\/\/modale.com\/vi\/wp-json\/wp\/v2\/brands?post=11482"}],"curies":[{"name":"wp","href":"https:\/\/api.w.org\/{rel}","templated":true}]}}