{"id":11484,"date":"2023-04-10T17:24:03","date_gmt":"2023-04-10T17:24:03","guid":{"rendered":"https:\/\/modale.com\/product\/daradesk\/"},"modified":"2023-08-10T10:42:28","modified_gmt":"2023-08-10T10:42:28","slug":"daradesk","status":"publish","type":"product","link":"https:\/\/modale.com\/vi\/product\/daradesk\/","title":{"rendered":"<strong>LASKASAS <\/strong><br>B\u00c0N L\u00c0M VI\u1ec6C DARA"},"content":{"rendered":"<p>B\u00c0N L\u00c0M VI\u1ec6C DARA S\u1ede H\u1eeeU V\u1eba NGO\u00c0I \u0110\u01a0N GI\u1ea2N M\u00c0 TI\u1ec6N N\u0102NG, MANG \u0110\u1ebeN C\u1ea2M GI\u00c1C T\u1ed0I GI\u1ea2N CHO M\u1eccI KH\u00d4NG GIAN, \u0110I\u1ec2M XUY\u1ebeT CH\u00daT N\u00c9T \u0110\u1eb8P SANG TR\u1eccNG T\u1eea CH\u1ea4T LI\u1ec6U CAO C\u1ea4P.<\/p>\n","protected":false},"excerpt":{"rendered":"<p>B\u00c0N L\u00c0M VI\u1ec6C DARA S\u1ede H\u1eeeU V\u1eba NGO\u00c0I \u0110\u01a0N GI\u1ea2N M\u00c0 TI\u1ec6N N\u0102NG, MANG \u0110\u1ebeN C\u1ea2M GI\u00c1C T\u1ed0I GI\u1ea2N CHO M\u1eccI KH\u00d4NG GIAN, \u0110I\u1ec2M XUY\u1ebeT CH\u00daT N\u00c9T \u0110\u1eb8P SANG TR\u1eccNG T\u1eea CH\u1ea4T LI\u1ec6U CAO C\u1ea4P.<\/p>\n","protected":false},"featured_media":8721,"template":"","meta":[],"product_cat":[736],"product_tag":[701],"origin":[770],"designers":[],"collection":[351],"brands":[113],"class_list":{"0":"post-11484","1":"product","2":"type-product","3":"status-publish","4":"has-post-thumbnail","6":"product_cat-desks-vi","7":"product_tag-home-office-vi-2","8":"origin-european","9":"collection-dara","10":"brands-laskasas","12":"first","13":"instock","14":"shipping-taxable","15":"purchasable","16":"product-type-simple"},"_links":{"self":[{"href":"https:\/\/modale.com\/vi\/wp-json\/wp\/v2\/product\/11484","targetHints":{"allow":["GET"]}}],"collection":[{"href":"https:\/\/modale.com\/vi\/wp-json\/wp\/v2\/product"}],"about":[{"href":"https:\/\/modale.com\/vi\/wp-json\/wp\/v2\/types\/product"}],"wp:featuredmedia":[{"embeddable":true,"href":"https:\/\/modale.com\/vi\/wp-json\/wp\/v2\/media\/8721"}],"wp:attachment":[{"href":"https:\/\/modale.com\/vi\/wp-json\/wp\/v2\/media?parent=11484"}],"wp:term":[{"taxonomy":"product_cat","embeddable":true,"href":"https:\/\/modale.com\/vi\/wp-json\/wp\/v2\/product_cat?post=11484"},{"taxonomy":"product_tag","embeddable":true,"href":"https:\/\/modale.com\/vi\/wp-json\/wp\/v2\/product_tag?post=11484"},{"taxonomy":"origin","embeddable":true,"href":"https:\/\/modale.com\/vi\/wp-json\/wp\/v2\/origin?post=11484"},{"taxonomy":"designers","embeddable":true,"href":"https:\/\/modale.com\/vi\/wp-json\/wp\/v2\/designers?post=11484"},{"taxonomy":"collection","embeddable":true,"href":"https:\/\/modale.com\/vi\/wp-json\/wp\/v2\/collection?post=11484"},{"taxonomy":"brands","embeddable":true,"href":"https:\/\/modale.com\/vi\/wp-json\/wp\/v2\/brands?post=11484"}],"curies":[{"name":"wp","href":"https:\/\/api.w.org\/{rel}","templated":true}]}}