{"id":11485,"date":"2023-04-10T17:24:00","date_gmt":"2023-04-10T17:24:00","guid":{"rendered":"https:\/\/modale.com\/product\/chicagodesk\/"},"modified":"2023-08-10T10:42:28","modified_gmt":"2023-08-10T10:42:28","slug":"chicagodesk","status":"publish","type":"product","link":"https:\/\/modale.com\/vi\/product\/chicagodesk\/","title":{"rendered":"<strong>LASKASAS <\/strong><br>B\u00c0N L\u00c0M VI\u1ec6C CHICAGO"},"content":{"rendered":"<p>B\u00c0N L\u00c0M VI\u1ec6C CHICAGO \u0110\u01af\u1ee2C THI\u1ebeT K\u1ebe 2 T\u1ea6NG V\u1edaI 3 NG\u0102N K\u00c9O C\u00d3 TAY C\u1ea6M KI\u1ec2U TRUY\u1ec0N TH\u1ed0NG, MANG \u0110\u1ebeN C\u1ea2M GI\u00c1C CHUY\u00caN NGHI\u1ec6P V\u00c0 \u0110\u1eb2NG C\u1ea4P CHO KH\u00d4NG GIAN.<\/p>\n","protected":false},"excerpt":{"rendered":"<p>B\u00c0N L\u00c0M VI\u1ec6C CHICAGO \u0110\u01af\u1ee2C THI\u1ebeT K\u1ebe 2 T\u1ea6NG V\u1edaI 3 NG\u0102N K\u00c9O C\u00d3 TAY C\u1ea6M KI\u1ec2U TRUY\u1ec0N TH\u1ed0NG, MANG \u0110\u1ebeN C\u1ea2M GI\u00c1C CHUY\u00caN NGHI\u1ec6P V\u00c0 \u0110\u1eb2NG C\u1ea4P CHO KH\u00d4NG GIAN.<\/p>\n","protected":false},"featured_media":8717,"template":"","meta":[],"product_cat":[736],"product_tag":[701],"origin":[770],"designers":[],"collection":[350],"brands":[113],"class_list":{"0":"post-11485","1":"product","2":"type-product","3":"status-publish","4":"has-post-thumbnail","6":"product_cat-desks-vi","7":"product_tag-home-office-vi-2","8":"origin-european","9":"collection-chicago","10":"brands-laskasas","12":"first","13":"instock","14":"shipping-taxable","15":"purchasable","16":"product-type-simple"},"_links":{"self":[{"href":"https:\/\/modale.com\/vi\/wp-json\/wp\/v2\/product\/11485","targetHints":{"allow":["GET"]}}],"collection":[{"href":"https:\/\/modale.com\/vi\/wp-json\/wp\/v2\/product"}],"about":[{"href":"https:\/\/modale.com\/vi\/wp-json\/wp\/v2\/types\/product"}],"wp:featuredmedia":[{"embeddable":true,"href":"https:\/\/modale.com\/vi\/wp-json\/wp\/v2\/media\/8717"}],"wp:attachment":[{"href":"https:\/\/modale.com\/vi\/wp-json\/wp\/v2\/media?parent=11485"}],"wp:term":[{"taxonomy":"product_cat","embeddable":true,"href":"https:\/\/modale.com\/vi\/wp-json\/wp\/v2\/product_cat?post=11485"},{"taxonomy":"product_tag","embeddable":true,"href":"https:\/\/modale.com\/vi\/wp-json\/wp\/v2\/product_tag?post=11485"},{"taxonomy":"origin","embeddable":true,"href":"https:\/\/modale.com\/vi\/wp-json\/wp\/v2\/origin?post=11485"},{"taxonomy":"designers","embeddable":true,"href":"https:\/\/modale.com\/vi\/wp-json\/wp\/v2\/designers?post=11485"},{"taxonomy":"collection","embeddable":true,"href":"https:\/\/modale.com\/vi\/wp-json\/wp\/v2\/collection?post=11485"},{"taxonomy":"brands","embeddable":true,"href":"https:\/\/modale.com\/vi\/wp-json\/wp\/v2\/brands?post=11485"}],"curies":[{"name":"wp","href":"https:\/\/api.w.org\/{rel}","templated":true}]}}