{"id":11486,"date":"2023-04-10T17:23:55","date_gmt":"2023-04-10T17:23:55","guid":{"rendered":"https:\/\/modale.com\/product\/renpouf\/"},"modified":"2023-08-10T10:42:28","modified_gmt":"2023-08-10T10:42:28","slug":"renpouf","status":"publish","type":"product","link":"https:\/\/modale.com\/vi\/product\/renpouf\/","title":{"rendered":"<strong>LASKASAS <\/strong><br>GH\u1ebe \u0110\u00d4N RENE"},"content":{"rendered":"<p>GH\u1ebe \u0110\u00d4N RENE \u0110\u01af\u1ee2C B\u1eccC V\u1ea2I M\u1ecaN, MANG \u0110\u1ebeN V\u1eba \u1ea4M \u00c1P CHO C\u0102N PH\u00d2NG, T\u00d4 \u0110I\u1ec2M S\u1ef0 SANG TR\u1eccNG CHO KH\u00d4NG GIAN S\u1ed0NG.<\/p>\n","protected":false},"excerpt":{"rendered":"<p>GH\u1ebe \u0110\u00d4N RENE \u0110\u01af\u1ee2C B\u1eccC V\u1ea2I M\u1ecaN, MANG \u0110\u1ebeN V\u1eba \u1ea4M \u00c1P CHO C\u0102N PH\u00d2NG, T\u00d4 \u0110I\u1ec2M S\u1ef0 SANG TR\u1eccNG CHO KH\u00d4NG GIAN S\u1ed0NG.<\/p>\n","protected":false},"featured_media":8713,"template":"","meta":[],"product_cat":[748],"product_tag":[699],"origin":[771],"designers":[],"collection":[349],"brands":[113],"class_list":{"0":"post-11486","1":"product","2":"type-product","3":"status-publish","4":"has-post-thumbnail","6":"product_cat-stools-poufs-vi","7":"product_tag-bedroom-vi-2","8":"origin-chau-au","9":"collection-rene","10":"brands-laskasas","12":"first","13":"instock","14":"shipping-taxable","15":"purchasable","16":"product-type-simple"},"_links":{"self":[{"href":"https:\/\/modale.com\/vi\/wp-json\/wp\/v2\/product\/11486","targetHints":{"allow":["GET"]}}],"collection":[{"href":"https:\/\/modale.com\/vi\/wp-json\/wp\/v2\/product"}],"about":[{"href":"https:\/\/modale.com\/vi\/wp-json\/wp\/v2\/types\/product"}],"wp:featuredmedia":[{"embeddable":true,"href":"https:\/\/modale.com\/vi\/wp-json\/wp\/v2\/media\/8713"}],"wp:attachment":[{"href":"https:\/\/modale.com\/vi\/wp-json\/wp\/v2\/media?parent=11486"}],"wp:term":[{"taxonomy":"product_cat","embeddable":true,"href":"https:\/\/modale.com\/vi\/wp-json\/wp\/v2\/product_cat?post=11486"},{"taxonomy":"product_tag","embeddable":true,"href":"https:\/\/modale.com\/vi\/wp-json\/wp\/v2\/product_tag?post=11486"},{"taxonomy":"origin","embeddable":true,"href":"https:\/\/modale.com\/vi\/wp-json\/wp\/v2\/origin?post=11486"},{"taxonomy":"designers","embeddable":true,"href":"https:\/\/modale.com\/vi\/wp-json\/wp\/v2\/designers?post=11486"},{"taxonomy":"collection","embeddable":true,"href":"https:\/\/modale.com\/vi\/wp-json\/wp\/v2\/collection?post=11486"},{"taxonomy":"brands","embeddable":true,"href":"https:\/\/modale.com\/vi\/wp-json\/wp\/v2\/brands?post=11486"}],"curies":[{"name":"wp","href":"https:\/\/api.w.org\/{rel}","templated":true}]}}