{"id":11487,"date":"2023-04-10T17:23:53","date_gmt":"2023-04-10T17:23:53","guid":{"rendered":"https:\/\/modale.com\/product\/parispouf\/"},"modified":"2023-08-10T10:42:28","modified_gmt":"2023-08-10T10:42:28","slug":"parispouf","status":"publish","type":"product","link":"https:\/\/modale.com\/vi\/product\/parispouf\/","title":{"rendered":"<strong>LASKASAS <\/strong><br>GH\u1ebe \u0110\u00d4N PARIS"},"content":{"rendered":"<p>GH\u1ebe \u0110\u00d4N PARIS \u0110\u01af\u1ee2C L\u00c0M TH\u1ee6 C\u00d4NG V\u1edaI K\u1ef8 THU\u1eacT \u0110\u01a0M N\u00daT \u0110\u1eb6C BI\u1ec6T, L\u00c0 L\u1ef0A CH\u1eccN HO\u00c0N H\u1ea2O CHO PH\u00d2NG NG\u1ee6 THEO TR\u01af\u1edcNG PH\u00c1I L\u00c3NG M\u1ea0N HO\u1eb6C L\u1ed0I \u0110I L\u1ea0I V\u1edaI PHONG C\u00c1CH \u1ea4M C\u00daNG V\u00c0 DI\u1ec4M L\u1ec6.<\/p>\n","protected":false},"excerpt":{"rendered":"<p>GH\u1ebe \u0110\u00d4N PARIS \u0110\u01af\u1ee2C L\u00c0M TH\u1ee6 C\u00d4NG V\u1edaI K\u1ef8 THU\u1eacT \u0110\u01a0M N\u00daT \u0110\u1eb6C BI\u1ec6T, L\u00c0 L\u1ef0A CH\u1eccN HO\u00c0N H\u1ea2O CHO PH\u00d2NG NG\u1ee6 THEO TR\u01af\u1edcNG PH\u00c1I L\u00c3NG M\u1ea0N HO\u1eb6C L\u1ed0I \u0110I L\u1ea0I V\u1edaI PHONG C\u00c1CH \u1ea4M C\u00daNG V\u00c0 DI\u1ec4M L\u1ec6.<\/p>\n","protected":false},"featured_media":8711,"template":"","meta":[],"product_cat":[748],"product_tag":[699],"origin":[770],"designers":[],"collection":[348],"brands":[113],"class_list":{"0":"post-11487","1":"product","2":"type-product","3":"status-publish","4":"has-post-thumbnail","6":"product_cat-stools-poufs-vi","7":"product_tag-bedroom-vi-2","8":"origin-european","9":"collection-paris","10":"brands-laskasas","12":"first","13":"instock","14":"shipping-taxable","15":"purchasable","16":"product-type-simple"},"_links":{"self":[{"href":"https:\/\/modale.com\/vi\/wp-json\/wp\/v2\/product\/11487","targetHints":{"allow":["GET"]}}],"collection":[{"href":"https:\/\/modale.com\/vi\/wp-json\/wp\/v2\/product"}],"about":[{"href":"https:\/\/modale.com\/vi\/wp-json\/wp\/v2\/types\/product"}],"wp:featuredmedia":[{"embeddable":true,"href":"https:\/\/modale.com\/vi\/wp-json\/wp\/v2\/media\/8711"}],"wp:attachment":[{"href":"https:\/\/modale.com\/vi\/wp-json\/wp\/v2\/media?parent=11487"}],"wp:term":[{"taxonomy":"product_cat","embeddable":true,"href":"https:\/\/modale.com\/vi\/wp-json\/wp\/v2\/product_cat?post=11487"},{"taxonomy":"product_tag","embeddable":true,"href":"https:\/\/modale.com\/vi\/wp-json\/wp\/v2\/product_tag?post=11487"},{"taxonomy":"origin","embeddable":true,"href":"https:\/\/modale.com\/vi\/wp-json\/wp\/v2\/origin?post=11487"},{"taxonomy":"designers","embeddable":true,"href":"https:\/\/modale.com\/vi\/wp-json\/wp\/v2\/designers?post=11487"},{"taxonomy":"collection","embeddable":true,"href":"https:\/\/modale.com\/vi\/wp-json\/wp\/v2\/collection?post=11487"},{"taxonomy":"brands","embeddable":true,"href":"https:\/\/modale.com\/vi\/wp-json\/wp\/v2\/brands?post=11487"}],"curies":[{"name":"wp","href":"https:\/\/api.w.org\/{rel}","templated":true}]}}