{"id":11489,"date":"2023-04-10T17:23:47","date_gmt":"2023-04-10T17:23:47","guid":{"rendered":"https:\/\/modale.com\/product\/edsonpouf\/"},"modified":"2023-08-10T10:42:29","modified_gmt":"2023-08-10T10:42:29","slug":"edsonpouf","status":"publish","type":"product","link":"https:\/\/modale.com\/vi\/product\/edsonpouf\/","title":{"rendered":"<strong>LASKASAS <\/strong><br>GH\u1ebe \u0110\u00d4N EDSON"},"content":{"rendered":"<p>GH\u1ebe \u0110\u00d4N EDSON \u0110\u01af\u1ee2C B\u1eccC 2 CH\u1ea4T LI\u1ec6U V\u1ea2I CAO C\u1ea4P V\u1edaI KHUNG KIM LO\u1ea0I THEO PHONG C\u00c1CH C\u1ed4 \u0110I\u1ec2N SONG V\u1eaaN S\u1ede H\u1eeeU NH\u1eeeNG \u0110\u01af\u1edcNG N\u00c9T V\u00c0 HO\u1ea0 TI\u1ebeT HO\u00c0N H\u1ea2O CHO M\u1eccI C\u1ea2NH QUAN PH\u00d2NG KH\u00c1CH HAY L\u1ed0I RA V\u00c0O<\/p>\n","protected":false},"excerpt":{"rendered":"<p>GH\u1ebe \u0110\u00d4N EDSON \u0110\u01af\u1ee2C B\u1eccC 2 CH\u1ea4T LI\u1ec6U V\u1ea2I CAO C\u1ea4P V\u1edaI KHUNG KIM LO\u1ea0I THEO PHONG C\u00c1CH C\u1ed4 \u0110I\u1ec2N SONG V\u1eaaN S\u1ede H\u1eeeU NH\u1eeeNG \u0110\u01af\u1edcNG N\u00c9T V\u00c0 HO\u1ea0 TI\u1ebeT HO\u00c0N H\u1ea2O CHO M\u1eccI C\u1ea2NH QUAN PH\u00d2NG KH\u00c1CH HAY L\u1ed0I RA V\u00c0O<\/p>\n","protected":false},"featured_media":8703,"template":"","meta":[],"product_cat":[748],"product_tag":[699],"origin":[770],"designers":[],"collection":[346],"brands":[113],"class_list":{"0":"post-11489","1":"product","2":"type-product","3":"status-publish","4":"has-post-thumbnail","6":"product_cat-stools-poufs-vi","7":"product_tag-bedroom-vi-2","8":"origin-european","9":"collection-edson","10":"brands-laskasas","12":"first","13":"instock","14":"shipping-taxable","15":"purchasable","16":"product-type-simple"},"_links":{"self":[{"href":"https:\/\/modale.com\/vi\/wp-json\/wp\/v2\/product\/11489","targetHints":{"allow":["GET"]}}],"collection":[{"href":"https:\/\/modale.com\/vi\/wp-json\/wp\/v2\/product"}],"about":[{"href":"https:\/\/modale.com\/vi\/wp-json\/wp\/v2\/types\/product"}],"wp:featuredmedia":[{"embeddable":true,"href":"https:\/\/modale.com\/vi\/wp-json\/wp\/v2\/media\/8703"}],"wp:attachment":[{"href":"https:\/\/modale.com\/vi\/wp-json\/wp\/v2\/media?parent=11489"}],"wp:term":[{"taxonomy":"product_cat","embeddable":true,"href":"https:\/\/modale.com\/vi\/wp-json\/wp\/v2\/product_cat?post=11489"},{"taxonomy":"product_tag","embeddable":true,"href":"https:\/\/modale.com\/vi\/wp-json\/wp\/v2\/product_tag?post=11489"},{"taxonomy":"origin","embeddable":true,"href":"https:\/\/modale.com\/vi\/wp-json\/wp\/v2\/origin?post=11489"},{"taxonomy":"designers","embeddable":true,"href":"https:\/\/modale.com\/vi\/wp-json\/wp\/v2\/designers?post=11489"},{"taxonomy":"collection","embeddable":true,"href":"https:\/\/modale.com\/vi\/wp-json\/wp\/v2\/collection?post=11489"},{"taxonomy":"brands","embeddable":true,"href":"https:\/\/modale.com\/vi\/wp-json\/wp\/v2\/brands?post=11489"}],"curies":[{"name":"wp","href":"https:\/\/api.w.org\/{rel}","templated":true}]}}