{"id":11491,"date":"2023-04-10T17:23:41","date_gmt":"2023-04-10T17:23:41","guid":{"rendered":"https:\/\/modale.com\/product\/burpouf\/"},"modified":"2023-08-10T10:42:29","modified_gmt":"2023-08-10T10:42:29","slug":"burpouf","status":"publish","type":"product","link":"https:\/\/modale.com\/vi\/product\/burpouf\/","title":{"rendered":"<strong>LASKASAS <\/strong><br>GH\u1ebe \u0110\u00d4N BUR"},"content":{"rendered":"<p>GH\u1ebe \u0110\u00d4N BUR D\u1ea0NG TR\u00d2N V\u1edaI \u0110I\u1ec2M NH\u1ea4N N\u00daT GI\u1eacT MANG \u0110\u1ebeN S\u1ee8C H\u00daT \u0110\u1ed8C L\u1ea0 CHO S\u1ea2N PH\u1ea8M, C\u00d3 TH\u1ec2 \u0110\u01af\u1ee2C D\u00d9NG L\u00c0M CH\u1ed6 T\u1ef0A CH\u00c2N HO\u1eb6C GH\u1ebe NG\u1ed2I V\u00c0 C\u00d3 TH\u1ec2 \u0110\u01af\u1ee2C \u0110\u1eb6T T\u1ea0I B\u1ea4T K\u1ef2 N\u01a0I \u0110\u00c2U TRONG NH\u00c0 B\u1ea0N.<\/p>\n","protected":false},"excerpt":{"rendered":"<p>GH\u1ebe \u0110\u00d4N BUR D\u1ea0NG TR\u00d2N V\u1edaI \u0110I\u1ec2M NH\u1ea4N N\u00daT GI\u1eacT MANG \u0110\u1ebeN S\u1ee8C H\u00daT \u0110\u1ed8C L\u1ea0 CHO S\u1ea2N PH\u1ea8M, C\u00d3 TH\u1ec2 \u0110\u01af\u1ee2C D\u00d9NG L\u00c0M CH\u1ed6 T\u1ef0A CH\u00c2N HO\u1eb6C GH\u1ebe NG\u1ed2I V\u00c0 C\u00d3 TH\u1ec2 \u0110\u01af\u1ee2C \u0110\u1eb6T T\u1ea0I B\u1ea4T K\u1ef2 N\u01a0I \u0110\u00c2U TRONG NH\u00c0 B\u1ea0N.<\/p>\n","protected":false},"featured_media":8695,"template":"","meta":[],"product_cat":[748],"product_tag":[699],"origin":[770],"designers":[],"collection":[344],"brands":[113],"class_list":{"0":"post-11491","1":"product","2":"type-product","3":"status-publish","4":"has-post-thumbnail","6":"product_cat-stools-poufs-vi","7":"product_tag-bedroom-vi-2","8":"origin-european","9":"collection-bur","10":"brands-laskasas","12":"first","13":"instock","14":"shipping-taxable","15":"purchasable","16":"product-type-simple"},"_links":{"self":[{"href":"https:\/\/modale.com\/vi\/wp-json\/wp\/v2\/product\/11491","targetHints":{"allow":["GET"]}}],"collection":[{"href":"https:\/\/modale.com\/vi\/wp-json\/wp\/v2\/product"}],"about":[{"href":"https:\/\/modale.com\/vi\/wp-json\/wp\/v2\/types\/product"}],"wp:featuredmedia":[{"embeddable":true,"href":"https:\/\/modale.com\/vi\/wp-json\/wp\/v2\/media\/8695"}],"wp:attachment":[{"href":"https:\/\/modale.com\/vi\/wp-json\/wp\/v2\/media?parent=11491"}],"wp:term":[{"taxonomy":"product_cat","embeddable":true,"href":"https:\/\/modale.com\/vi\/wp-json\/wp\/v2\/product_cat?post=11491"},{"taxonomy":"product_tag","embeddable":true,"href":"https:\/\/modale.com\/vi\/wp-json\/wp\/v2\/product_tag?post=11491"},{"taxonomy":"origin","embeddable":true,"href":"https:\/\/modale.com\/vi\/wp-json\/wp\/v2\/origin?post=11491"},{"taxonomy":"designers","embeddable":true,"href":"https:\/\/modale.com\/vi\/wp-json\/wp\/v2\/designers?post=11491"},{"taxonomy":"collection","embeddable":true,"href":"https:\/\/modale.com\/vi\/wp-json\/wp\/v2\/collection?post=11491"},{"taxonomy":"brands","embeddable":true,"href":"https:\/\/modale.com\/vi\/wp-json\/wp\/v2\/brands?post=11491"}],"curies":[{"name":"wp","href":"https:\/\/api.w.org\/{rel}","templated":true}]}}