{"id":11493,"date":"2023-04-10T17:23:34","date_gmt":"2023-04-10T17:23:34","guid":{"rendered":"https:\/\/modale.com\/product\/claudcupboard\/"},"modified":"2023-08-10T10:42:30","modified_gmt":"2023-08-10T10:42:30","slug":"claudcupboard","status":"publish","type":"product","link":"https:\/\/modale.com\/vi\/product\/claudcupboard\/","title":{"rendered":"<strong>LASKASAS <\/strong><br>T\u1ee6 CH\u00c9N CLAUD"},"content":{"rendered":"<p>T\u1ee6 CABINET CLAUD V\u1edaI PH\u1ea6N KHUNG M\u00c0U V\u00c0NG, C\u00d9NG HAI C\u1eecA V\u00c0 TAY C\u1ea6M KIM LO\u1ea0I, PH\u1ea6N TH\u00c2N G\u1ed6 \u0110\u01af\u1ee2C CH\u1ea0M KH\u1eaeC HO\u1ea0 TI\u1ebeT H\u00ccNH H\u1eccC T\u1ed0I GI\u1ea2N, MANG \u0110\u1ebeN V\u1eba \u0110\u1eb8P CHO PH\u00d2NG KH\u00c1CH V\u00c0 PH\u00d2NG \u0102N NH\u00c0 B\u1ea0N.<\/p>\n","protected":false},"excerpt":{"rendered":"<p>T\u1ee6 CABINET CLAUD V\u1edaI PH\u1ea6N KHUNG M\u00c0U V\u00c0NG, C\u00d9NG HAI C\u1eecA V\u00c0 TAY C\u1ea6M KIM LO\u1ea0I, PH\u1ea6N TH\u00c2N G\u1ed6 \u0110\u01af\u1ee2C CH\u1ea0M KH\u1eaeC HO\u1ea0 TI\u1ebeT H\u00ccNH H\u1eccC T\u1ed0I GI\u1ea2N, MANG \u0110\u1ebeN V\u1eba \u0110\u1eb8P CHO PH\u00d2NG KH\u00c1CH V\u00c0 PH\u00d2NG \u0102N NH\u00c0 B\u1ea0N.<\/p>\n","protected":false},"featured_media":8687,"template":"","meta":[],"product_cat":[729],"product_tag":[703],"origin":[770],"designers":[],"collection":[266],"brands":[113],"class_list":{"0":"post-11493","1":"product","2":"type-product","3":"status-publish","4":"has-post-thumbnail","6":"product_cat-cabinets-vi","7":"product_tag-living-vi-2","8":"origin-european","9":"collection-claud","10":"brands-laskasas","12":"first","13":"instock","14":"shipping-taxable","15":"purchasable","16":"product-type-simple"},"_links":{"self":[{"href":"https:\/\/modale.com\/vi\/wp-json\/wp\/v2\/product\/11493","targetHints":{"allow":["GET"]}}],"collection":[{"href":"https:\/\/modale.com\/vi\/wp-json\/wp\/v2\/product"}],"about":[{"href":"https:\/\/modale.com\/vi\/wp-json\/wp\/v2\/types\/product"}],"wp:featuredmedia":[{"embeddable":true,"href":"https:\/\/modale.com\/vi\/wp-json\/wp\/v2\/media\/8687"}],"wp:attachment":[{"href":"https:\/\/modale.com\/vi\/wp-json\/wp\/v2\/media?parent=11493"}],"wp:term":[{"taxonomy":"product_cat","embeddable":true,"href":"https:\/\/modale.com\/vi\/wp-json\/wp\/v2\/product_cat?post=11493"},{"taxonomy":"product_tag","embeddable":true,"href":"https:\/\/modale.com\/vi\/wp-json\/wp\/v2\/product_tag?post=11493"},{"taxonomy":"origin","embeddable":true,"href":"https:\/\/modale.com\/vi\/wp-json\/wp\/v2\/origin?post=11493"},{"taxonomy":"designers","embeddable":true,"href":"https:\/\/modale.com\/vi\/wp-json\/wp\/v2\/designers?post=11493"},{"taxonomy":"collection","embeddable":true,"href":"https:\/\/modale.com\/vi\/wp-json\/wp\/v2\/collection?post=11493"},{"taxonomy":"brands","embeddable":true,"href":"https:\/\/modale.com\/vi\/wp-json\/wp\/v2\/brands?post=11493"}],"curies":[{"name":"wp","href":"https:\/\/api.w.org\/{rel}","templated":true}]}}