{"id":11496,"date":"2023-04-10T17:23:23","date_gmt":"2023-04-10T17:23:23","guid":{"rendered":"https:\/\/modale.com\/product\/mercydining-table\/"},"modified":"2023-08-10T10:42:31","modified_gmt":"2023-08-10T10:42:31","slug":"mercydining-table","status":"publish","type":"product","link":"https:\/\/modale.com\/vi\/product\/mercydining-table\/","title":{"rendered":"<strong>LASKASAS <\/strong><br>B\u00c0N \u0102N MERCY"},"content":{"rendered":"<p>B\u00c0N \u0102N MERCY V\u1edaI PH\u1ea6N M\u1eb6T B\u00c0N H\u00ccNH OVAL \u0110\u01af\u1ee2C \u0110\u1eb6T T\u1ea0I TRUNG T\u00c2M, K\u00ca D\u01af\u1edaI L\u00c0 PH\u1ea6N \u0110\u1ebe TR\u1ee4 KIM LO\u1ea0I T\u1ea0O TH\u00c0NH T\u1eea NHI\u1ec0U V\u00d2NG TR\u00d2N XO\u1eaeN \u0110\u1ec0U, L\u00c0 \u0110\u1ea0I DI\u1ec6N C\u1ee6A S\u1ef0 S\u00c0NH \u0110I\u1ec6U, MANG \u0110\u1ebeN N\u00c9T \u0110\u1eb8P V\u1eeaA M\u1edaI L\u1ea0 V\u1eeaA TR\u00c1NG L\u1ec6 CHO PH\u00d2NG \u0102N NH\u00c0 B\u1ea0N.<\/p>\n","protected":false},"excerpt":{"rendered":"<p>B\u00c0N \u0102N MERCY V\u1edaI PH\u1ea6N M\u1eb6T B\u00c0N H\u00ccNH OVAL \u0110\u01af\u1ee2C \u0110\u1eb6T T\u1ea0I TRUNG T\u00c2M, K\u00ca D\u01af\u1edaI L\u00c0 PH\u1ea6N \u0110\u1ebe TR\u1ee4 KIM LO\u1ea0I T\u1ea0O TH\u00c0NH T\u1eea NHI\u1ec0U V\u00d2NG TR\u00d2N XO\u1eaeN \u0110\u1ec0U, L\u00c0 \u0110\u1ea0I DI\u1ec6N C\u1ee6A S\u1ef0 S\u00c0NH \u0110I\u1ec6U, MANG \u0110\u1ebeN N\u00c9T \u0110\u1eb8P V\u1eeaA M\u1edaI L\u1ea0 V\u1eeaA TR\u00c1NG L\u1ec6 CHO PH\u00d2NG \u0102N NH\u00c0 B\u1ea0N.<\/p>\n","protected":false},"featured_media":8675,"template":"","meta":[],"product_cat":[737],"product_tag":[700],"origin":[770],"designers":[],"collection":[329],"brands":[113],"class_list":{"0":"post-11496","1":"product","2":"type-product","3":"status-publish","4":"has-post-thumbnail","6":"product_cat-dining-tables-vi","7":"product_tag-dining-vi-2","8":"origin-european","9":"collection-mercy","10":"brands-laskasas","12":"first","13":"instock","14":"shipping-taxable","15":"purchasable","16":"product-type-simple"},"_links":{"self":[{"href":"https:\/\/modale.com\/vi\/wp-json\/wp\/v2\/product\/11496","targetHints":{"allow":["GET"]}}],"collection":[{"href":"https:\/\/modale.com\/vi\/wp-json\/wp\/v2\/product"}],"about":[{"href":"https:\/\/modale.com\/vi\/wp-json\/wp\/v2\/types\/product"}],"wp:featuredmedia":[{"embeddable":true,"href":"https:\/\/modale.com\/vi\/wp-json\/wp\/v2\/media\/8675"}],"wp:attachment":[{"href":"https:\/\/modale.com\/vi\/wp-json\/wp\/v2\/media?parent=11496"}],"wp:term":[{"taxonomy":"product_cat","embeddable":true,"href":"https:\/\/modale.com\/vi\/wp-json\/wp\/v2\/product_cat?post=11496"},{"taxonomy":"product_tag","embeddable":true,"href":"https:\/\/modale.com\/vi\/wp-json\/wp\/v2\/product_tag?post=11496"},{"taxonomy":"origin","embeddable":true,"href":"https:\/\/modale.com\/vi\/wp-json\/wp\/v2\/origin?post=11496"},{"taxonomy":"designers","embeddable":true,"href":"https:\/\/modale.com\/vi\/wp-json\/wp\/v2\/designers?post=11496"},{"taxonomy":"collection","embeddable":true,"href":"https:\/\/modale.com\/vi\/wp-json\/wp\/v2\/collection?post=11496"},{"taxonomy":"brands","embeddable":true,"href":"https:\/\/modale.com\/vi\/wp-json\/wp\/v2\/brands?post=11496"}],"curies":[{"name":"wp","href":"https:\/\/api.w.org\/{rel}","templated":true}]}}