{"id":11498,"date":"2023-04-10T17:23:19","date_gmt":"2023-04-10T17:23:19","guid":{"rendered":"https:\/\/modale.com\/product\/edadining-table\/"},"modified":"2023-08-10T10:42:32","modified_gmt":"2023-08-10T10:42:32","slug":"edadining-table","status":"publish","type":"product","link":"https:\/\/modale.com\/vi\/product\/edadining-table\/","title":{"rendered":"<strong>LASKASAS <\/strong><br>B\u00c0N \u0102N EDA"},"content":{"rendered":"<p>B\u00c0N \u0102N EDA V\u1edaI L\u1edaP PH\u1ee6 CH\u1ea4T L\u01af\u1ee2NG CAO C\u00d9NG M\u00c0U S\u1eaeC \u1ea4N T\u01af\u1ee2NG, L\u00c0 L\u1ef0A CH\u1eccN PH\u00d9 H\u1ee2P NH\u1ea4T CHO NH\u1eeeNG B\u1eeeA TI\u1ec6C T\u1ed0I V\u00c0 B\u1eeeA \u0102N GIA \u0110\u00ccNH.<\/p>\n","protected":false},"excerpt":{"rendered":"<p>B\u00c0N \u0102N EDA V\u1edaI L\u1edaP PH\u1ee6 CH\u1ea4T L\u01af\u1ee2NG CAO C\u00d9NG M\u00c0U S\u1eaeC \u1ea4N T\u01af\u1ee2NG, L\u00c0 L\u1ef0A CH\u1eccN PH\u00d9 H\u1ee2P NH\u1ea4T CHO NH\u1eeeNG B\u1eeeA TI\u1ec6C T\u1ed0I V\u00c0 B\u1eeeA \u0102N GIA \u0110\u00ccNH.<\/p>\n","protected":false},"featured_media":8669,"template":"","meta":[],"product_cat":[737],"product_tag":[700],"origin":[770],"designers":[],"collection":[340],"brands":[113],"class_list":{"0":"post-11498","1":"product","2":"type-product","3":"status-publish","4":"has-post-thumbnail","6":"product_cat-dining-tables-vi","7":"product_tag-dining-vi-2","8":"origin-european","9":"collection-eda","10":"brands-laskasas","12":"first","13":"instock","14":"shipping-taxable","15":"purchasable","16":"product-type-simple"},"_links":{"self":[{"href":"https:\/\/modale.com\/vi\/wp-json\/wp\/v2\/product\/11498","targetHints":{"allow":["GET"]}}],"collection":[{"href":"https:\/\/modale.com\/vi\/wp-json\/wp\/v2\/product"}],"about":[{"href":"https:\/\/modale.com\/vi\/wp-json\/wp\/v2\/types\/product"}],"wp:featuredmedia":[{"embeddable":true,"href":"https:\/\/modale.com\/vi\/wp-json\/wp\/v2\/media\/8669"}],"wp:attachment":[{"href":"https:\/\/modale.com\/vi\/wp-json\/wp\/v2\/media?parent=11498"}],"wp:term":[{"taxonomy":"product_cat","embeddable":true,"href":"https:\/\/modale.com\/vi\/wp-json\/wp\/v2\/product_cat?post=11498"},{"taxonomy":"product_tag","embeddable":true,"href":"https:\/\/modale.com\/vi\/wp-json\/wp\/v2\/product_tag?post=11498"},{"taxonomy":"origin","embeddable":true,"href":"https:\/\/modale.com\/vi\/wp-json\/wp\/v2\/origin?post=11498"},{"taxonomy":"designers","embeddable":true,"href":"https:\/\/modale.com\/vi\/wp-json\/wp\/v2\/designers?post=11498"},{"taxonomy":"collection","embeddable":true,"href":"https:\/\/modale.com\/vi\/wp-json\/wp\/v2\/collection?post=11498"},{"taxonomy":"brands","embeddable":true,"href":"https:\/\/modale.com\/vi\/wp-json\/wp\/v2\/brands?post=11498"}],"curies":[{"name":"wp","href":"https:\/\/api.w.org\/{rel}","templated":true}]}}