{"id":11508,"date":"2023-04-10T17:22:21","date_gmt":"2023-04-10T17:22:21","guid":{"rendered":"https:\/\/modale.com\/product\/darccoffee-table\/"},"modified":"2023-08-10T10:42:35","modified_gmt":"2023-08-10T10:42:35","slug":"darccoffee-table","status":"publish","type":"product","link":"https:\/\/modale.com\/vi\/product\/darccoffee-table\/","title":{"rendered":"<strong>LASKASAS <\/strong><br>B\u00c0N CAF\u00c9 DARC"},"content":{"rendered":"<p>B\u00c0N CAFE D&#8217;ARC C\u00d3 C\u1ea4U TR\u00daC L\u00c0M T\u1eea TH\u00c9P KH\u00d4NG G\u1ec8 V\u1edaI PH\u1ea6N M\u1eb6T B\u00c0N T\u1eea G\u1ed6, L\u00c0 S\u1ef0 B\u1ed4 SUNG HO\u00c0N H\u1ea2O CHO NH\u00c0 H\u00c0NG, QU\u00c1N C\u00c0 PH\u00ca, HO\u1eb6C PH\u00d2NG KH\u00c1CH.<\/p>\n","protected":false},"excerpt":{"rendered":"<p>B\u00c0N CAFE D&#8217;ARC C\u00d3 C\u1ea4U TR\u00daC L\u00c0M T\u1eea TH\u00c9P KH\u00d4NG G\u1ec8 V\u1edaI PH\u1ea6N M\u1eb6T B\u00c0N T\u1eea G\u1ed6, L\u00c0 S\u1ef0 B\u1ed4 SUNG HO\u00c0N H\u1ea2O CHO NH\u00c0 H\u00c0NG, QU\u00c1N C\u00c0 PH\u00ca, HO\u1eb6C PH\u00d2NG KH\u00c1CH.<\/p>\n","protected":false},"featured_media":8636,"template":"","meta":[],"product_cat":[734],"product_tag":[703],"origin":[770],"designers":[],"collection":[273],"brands":[113],"class_list":{"0":"post-11508","1":"product","2":"type-product","3":"status-publish","4":"has-post-thumbnail","6":"product_cat-coffee-tables-vi","7":"product_tag-living-vi-2","8":"origin-european","9":"collection-darc","10":"brands-laskasas","12":"first","13":"instock","14":"shipping-taxable","15":"purchasable","16":"product-type-simple"},"_links":{"self":[{"href":"https:\/\/modale.com\/vi\/wp-json\/wp\/v2\/product\/11508","targetHints":{"allow":["GET"]}}],"collection":[{"href":"https:\/\/modale.com\/vi\/wp-json\/wp\/v2\/product"}],"about":[{"href":"https:\/\/modale.com\/vi\/wp-json\/wp\/v2\/types\/product"}],"wp:featuredmedia":[{"embeddable":true,"href":"https:\/\/modale.com\/vi\/wp-json\/wp\/v2\/media\/8636"}],"wp:attachment":[{"href":"https:\/\/modale.com\/vi\/wp-json\/wp\/v2\/media?parent=11508"}],"wp:term":[{"taxonomy":"product_cat","embeddable":true,"href":"https:\/\/modale.com\/vi\/wp-json\/wp\/v2\/product_cat?post=11508"},{"taxonomy":"product_tag","embeddable":true,"href":"https:\/\/modale.com\/vi\/wp-json\/wp\/v2\/product_tag?post=11508"},{"taxonomy":"origin","embeddable":true,"href":"https:\/\/modale.com\/vi\/wp-json\/wp\/v2\/origin?post=11508"},{"taxonomy":"designers","embeddable":true,"href":"https:\/\/modale.com\/vi\/wp-json\/wp\/v2\/designers?post=11508"},{"taxonomy":"collection","embeddable":true,"href":"https:\/\/modale.com\/vi\/wp-json\/wp\/v2\/collection?post=11508"},{"taxonomy":"brands","embeddable":true,"href":"https:\/\/modale.com\/vi\/wp-json\/wp\/v2\/brands?post=11508"}],"curies":[{"name":"wp","href":"https:\/\/api.w.org\/{rel}","templated":true}]}}