{"id":11509,"date":"2023-04-10T17:22:18","date_gmt":"2023-04-10T17:22:18","guid":{"rendered":"https:\/\/modale.com\/product\/cleacoffe-table\/"},"modified":"2023-08-10T10:42:35","modified_gmt":"2023-08-10T10:42:35","slug":"cleacoffe-table","status":"publish","type":"product","link":"https:\/\/modale.com\/vi\/product\/cleacoffe-table\/","title":{"rendered":"<strong>LASKASAS <\/strong><br>B\u00c0N CAF\u00c9 CLEA"},"content":{"rendered":"<p>B\u00c0N CAFE CLEA \u0110\u01af\u1ee2C L\u00c0M T\u1eea CH\u1ea4T LI\u1ec6U \u0110\u00c1 C\u1ea8M TH\u1ea0CH V\u1edaI PH\u1ea6N KHUNG T\u1eea TH\u00c9P KH\u00d4NG G\u1ec8, L\u00c0 L\u1ef0A CH\u1eccN HO\u00c0N H\u1ea2O \u0110\u1ec2 N\u00c2NG T\u1ea6M D\u1ef0 \u00c1N THI\u1ebeT K\u1ebe N\u1ed8I TH\u1ea4T C\u1ee6A B\u1ea0N.<\/p>\n","protected":false},"excerpt":{"rendered":"<p>B\u00c0N CAFE CLEA \u0110\u01af\u1ee2C L\u00c0M T\u1eea CH\u1ea4T LI\u1ec6U \u0110\u00c1 C\u1ea8M TH\u1ea0CH V\u1edaI PH\u1ea6N KHUNG T\u1eea TH\u00c9P KH\u00d4NG G\u1ec8, L\u00c0 L\u1ef0A CH\u1eccN HO\u00c0N H\u1ea2O \u0110\u1ec2 N\u00c2NG T\u1ea6M D\u1ef0 \u00c1N THI\u1ebeT K\u1ebe N\u1ed8I TH\u1ea4T C\u1ee6A B\u1ea0N.<\/p>\n","protected":false},"featured_media":8632,"template":"","meta":[],"product_cat":[734],"product_tag":[703],"origin":[770],"designers":[],"collection":[335],"brands":[113],"class_list":{"0":"post-11509","1":"product","2":"type-product","3":"status-publish","4":"has-post-thumbnail","6":"product_cat-coffee-tables-vi","7":"product_tag-living-vi-2","8":"origin-european","9":"collection-clea","10":"brands-laskasas","12":"first","13":"instock","14":"shipping-taxable","15":"purchasable","16":"product-type-simple"},"_links":{"self":[{"href":"https:\/\/modale.com\/vi\/wp-json\/wp\/v2\/product\/11509","targetHints":{"allow":["GET"]}}],"collection":[{"href":"https:\/\/modale.com\/vi\/wp-json\/wp\/v2\/product"}],"about":[{"href":"https:\/\/modale.com\/vi\/wp-json\/wp\/v2\/types\/product"}],"wp:featuredmedia":[{"embeddable":true,"href":"https:\/\/modale.com\/vi\/wp-json\/wp\/v2\/media\/8632"}],"wp:attachment":[{"href":"https:\/\/modale.com\/vi\/wp-json\/wp\/v2\/media?parent=11509"}],"wp:term":[{"taxonomy":"product_cat","embeddable":true,"href":"https:\/\/modale.com\/vi\/wp-json\/wp\/v2\/product_cat?post=11509"},{"taxonomy":"product_tag","embeddable":true,"href":"https:\/\/modale.com\/vi\/wp-json\/wp\/v2\/product_tag?post=11509"},{"taxonomy":"origin","embeddable":true,"href":"https:\/\/modale.com\/vi\/wp-json\/wp\/v2\/origin?post=11509"},{"taxonomy":"designers","embeddable":true,"href":"https:\/\/modale.com\/vi\/wp-json\/wp\/v2\/designers?post=11509"},{"taxonomy":"collection","embeddable":true,"href":"https:\/\/modale.com\/vi\/wp-json\/wp\/v2\/collection?post=11509"},{"taxonomy":"brands","embeddable":true,"href":"https:\/\/modale.com\/vi\/wp-json\/wp\/v2\/brands?post=11509"}],"curies":[{"name":"wp","href":"https:\/\/api.w.org\/{rel}","templated":true}]}}