{"id":11515,"date":"2023-04-10T17:21:51","date_gmt":"2023-04-10T17:21:51","guid":{"rendered":"https:\/\/modale.com\/product\/duanebedside-table\/"},"modified":"2023-08-10T10:42:36","modified_gmt":"2023-08-10T10:42:36","slug":"duanebedside-table","status":"publish","type":"product","link":"https:\/\/modale.com\/vi\/product\/duanebedside-table\/","title":{"rendered":"<strong>LASKASAS <\/strong><br>B\u00c0N \u0110\u1ea6U GI\u01af\u1edcNG DUANE"},"content":{"rendered":"<p>B\u00c0N \u0110\u1ea6U GI\u01af\u1edcNG DUANE C\u00d3 CHI TI\u1ebeT KIM LO\u1ea0I TR\u00caN \u0110\u00c8N T\u01af\u01a0NG PH\u1ea2N V\u1edaI PH\u1ea6N TH\u00c2N B\u00c0N L\u00c0M T\u1eea G\u1ed6, C\u00d9NG 2 NG\u0102N K\u00c9O D\u1ec4 D\u00c0NG \u0110\u00d3NG M\u1ede V\u00c0 KH\u00d4NG C\u00d3 TAY C\u1ea6M.<\/p>\n","protected":false},"excerpt":{"rendered":"<p>B\u00c0N \u0110\u1ea6U GI\u01af\u1edcNG DUANE C\u00d3 CHI TI\u1ebeT KIM LO\u1ea0I TR\u00caN \u0110\u00c8N T\u01af\u01a0NG PH\u1ea2N V\u1edaI PH\u1ea6N TH\u00c2N B\u00c0N L\u00c0M T\u1eea G\u1ed6, C\u00d9NG 2 NG\u0102N K\u00c9O D\u1ec4 D\u00c0NG \u0110\u00d3NG M\u1ede V\u00c0 KH\u00d4NG C\u00d3 TAY C\u1ea6M.<\/p>\n","protected":false},"featured_media":8606,"template":"","meta":[],"product_cat":[727],"product_tag":[699],"origin":[770],"designers":[],"collection":[299],"brands":[113],"class_list":{"0":"post-11515","1":"product","2":"type-product","3":"status-publish","4":"has-post-thumbnail","6":"product_cat-bedside-tables-vi","7":"product_tag-bedroom-vi-2","8":"origin-european","9":"collection-duane","10":"brands-laskasas","12":"first","13":"instock","14":"shipping-taxable","15":"purchasable","16":"product-type-simple"},"_links":{"self":[{"href":"https:\/\/modale.com\/vi\/wp-json\/wp\/v2\/product\/11515","targetHints":{"allow":["GET"]}}],"collection":[{"href":"https:\/\/modale.com\/vi\/wp-json\/wp\/v2\/product"}],"about":[{"href":"https:\/\/modale.com\/vi\/wp-json\/wp\/v2\/types\/product"}],"wp:featuredmedia":[{"embeddable":true,"href":"https:\/\/modale.com\/vi\/wp-json\/wp\/v2\/media\/8606"}],"wp:attachment":[{"href":"https:\/\/modale.com\/vi\/wp-json\/wp\/v2\/media?parent=11515"}],"wp:term":[{"taxonomy":"product_cat","embeddable":true,"href":"https:\/\/modale.com\/vi\/wp-json\/wp\/v2\/product_cat?post=11515"},{"taxonomy":"product_tag","embeddable":true,"href":"https:\/\/modale.com\/vi\/wp-json\/wp\/v2\/product_tag?post=11515"},{"taxonomy":"origin","embeddable":true,"href":"https:\/\/modale.com\/vi\/wp-json\/wp\/v2\/origin?post=11515"},{"taxonomy":"designers","embeddable":true,"href":"https:\/\/modale.com\/vi\/wp-json\/wp\/v2\/designers?post=11515"},{"taxonomy":"collection","embeddable":true,"href":"https:\/\/modale.com\/vi\/wp-json\/wp\/v2\/collection?post=11515"},{"taxonomy":"brands","embeddable":true,"href":"https:\/\/modale.com\/vi\/wp-json\/wp\/v2\/brands?post=11515"}],"curies":[{"name":"wp","href":"https:\/\/api.w.org\/{rel}","templated":true}]}}