{"id":11516,"date":"2023-04-10T17:21:41","date_gmt":"2023-04-10T17:21:41","guid":{"rendered":"https:\/\/modale.com\/product\/stillside-table\/"},"modified":"2023-08-10T10:42:37","modified_gmt":"2023-08-10T10:42:37","slug":"stillside-table","status":"publish","type":"product","link":"https:\/\/modale.com\/vi\/product\/stillside-table\/","title":{"rendered":"<strong>LASKASAS <\/strong><br>B\u00c0N TRANG TR\u00cd STILL"},"content":{"rendered":"<p>B\u00c0N TRANG TR\u00cd STILL. V\u1edaI PH\u1ea6N M\u1eb6T B\u00c0N T\u1eea \u0110\u00c1 C\u1ea8M TH\u1ea0CH, THI\u1ebeT K\u1ebe D\u1ea0NG H\u00ccNH H\u1eccC \u0110\u1eb6C TR\u01afNG PHONG C\u00c1CH GEOMETRIC C\u00d9NG K\u1ebeT C\u1ea4U KIM LO\u1ea0I, L\u00c0 S\u1ef0 L\u1ef0A CH\u1eccN CHO NH\u1eeeNG CH\u1ee6 NH\u00c2N THEO \u0110U\u1ed4I S\u1ef0 C\u00c1 T\u00cdNH. <\/p>\n","protected":false},"excerpt":{"rendered":"<p>B\u00c0N TRANG TR\u00cd STILL. V\u1edaI PH\u1ea6N M\u1eb6T B\u00c0N T\u1eea \u0110\u00c1 C\u1ea8M TH\u1ea0CH, THI\u1ebeT K\u1ebe D\u1ea0NG H\u00ccNH H\u1eccC \u0110\u1eb6C TR\u01afNG PHONG C\u00c1CH GEOMETRIC C\u00d9NG K\u1ebeT C\u1ea4U KIM LO\u1ea0I, L\u00c0 S\u1ef0 L\u1ef0A CH\u1eccN CHO NH\u1eeeNG CH\u1ee6 NH\u00c2N THEO \u0110U\u1ed4I S\u1ef0 C\u00c1 T\u00cdNH.<\/p>\n","protected":false},"featured_media":8602,"template":"","meta":[],"product_cat":[746],"product_tag":[703],"origin":[770],"designers":[],"collection":[332],"brands":[113],"class_list":{"0":"post-11516","1":"product","2":"type-product","3":"status-publish","4":"has-post-thumbnail","6":"product_cat-side-tables-vi","7":"product_tag-living-vi-2","8":"origin-european","9":"collection-still","10":"brands-laskasas","12":"first","13":"instock","14":"shipping-taxable","15":"purchasable","16":"product-type-simple"},"_links":{"self":[{"href":"https:\/\/modale.com\/vi\/wp-json\/wp\/v2\/product\/11516","targetHints":{"allow":["GET"]}}],"collection":[{"href":"https:\/\/modale.com\/vi\/wp-json\/wp\/v2\/product"}],"about":[{"href":"https:\/\/modale.com\/vi\/wp-json\/wp\/v2\/types\/product"}],"wp:featuredmedia":[{"embeddable":true,"href":"https:\/\/modale.com\/vi\/wp-json\/wp\/v2\/media\/8602"}],"wp:attachment":[{"href":"https:\/\/modale.com\/vi\/wp-json\/wp\/v2\/media?parent=11516"}],"wp:term":[{"taxonomy":"product_cat","embeddable":true,"href":"https:\/\/modale.com\/vi\/wp-json\/wp\/v2\/product_cat?post=11516"},{"taxonomy":"product_tag","embeddable":true,"href":"https:\/\/modale.com\/vi\/wp-json\/wp\/v2\/product_tag?post=11516"},{"taxonomy":"origin","embeddable":true,"href":"https:\/\/modale.com\/vi\/wp-json\/wp\/v2\/origin?post=11516"},{"taxonomy":"designers","embeddable":true,"href":"https:\/\/modale.com\/vi\/wp-json\/wp\/v2\/designers?post=11516"},{"taxonomy":"collection","embeddable":true,"href":"https:\/\/modale.com\/vi\/wp-json\/wp\/v2\/collection?post=11516"},{"taxonomy":"brands","embeddable":true,"href":"https:\/\/modale.com\/vi\/wp-json\/wp\/v2\/brands?post=11516"}],"curies":[{"name":"wp","href":"https:\/\/api.w.org\/{rel}","templated":true}]}}