{"id":11529,"date":"2023-04-10T17:20:54","date_gmt":"2023-04-10T17:20:54","guid":{"rendered":"https:\/\/modale.com\/product\/usochest-of-drawers\/"},"modified":"2023-08-10T10:42:40","modified_gmt":"2023-08-10T10:42:40","slug":"usochest-of-drawers","status":"publish","type":"product","link":"https:\/\/modale.com\/vi\/product\/usochest-of-drawers\/","title":{"rendered":"<strong>LASKASAS <\/strong><br>T\u1ee6 NG\u0102N K\u00c9O USO"},"content":{"rendered":"<p>T\u1ee6 QU\u1ea6N \u00c1O V\u1edaI PH\u1ea6N NG\u0102N K\u00c9O KH\u00d4NG TAY C\u1ea6M, L\u00c0 L\u1ef0A CH\u1eccN L\u00dd T\u01af\u1edeNG CHO PH\u00d2NG NG\u1ee6 \u0110\u1ec0 CAO T\u00cdNH THANH THO\u00c1T TRONG TH\u1ea8M M\u1ef8.<\/p>\n","protected":false},"excerpt":{"rendered":"<p>T\u1ee6 QU\u1ea6N \u00c1O V\u1edaI PH\u1ea6N NG\u0102N K\u00c9O KH\u00d4NG TAY C\u1ea6M, L\u00c0 L\u1ef0A CH\u1eccN L\u00dd T\u01af\u1edeNG CHO PH\u00d2NG NG\u1ee6 \u0110\u1ec0 CAO T\u00cdNH THANH THO\u00c1T TRONG TH\u1ea8M M\u1ef8.<\/p>\n","protected":false},"featured_media":8555,"template":"","meta":[],"product_cat":[733],"product_tag":[699],"origin":[770],"designers":[],"collection":[302],"brands":[113],"class_list":{"0":"post-11529","1":"product","2":"type-product","3":"status-publish","4":"has-post-thumbnail","6":"product_cat-chests-dressers-vi","7":"product_tag-bedroom-vi-2","8":"origin-european","9":"collection-uso","10":"brands-laskasas","12":"first","13":"instock","14":"shipping-taxable","15":"purchasable","16":"product-type-simple"},"_links":{"self":[{"href":"https:\/\/modale.com\/vi\/wp-json\/wp\/v2\/product\/11529","targetHints":{"allow":["GET"]}}],"collection":[{"href":"https:\/\/modale.com\/vi\/wp-json\/wp\/v2\/product"}],"about":[{"href":"https:\/\/modale.com\/vi\/wp-json\/wp\/v2\/types\/product"}],"wp:featuredmedia":[{"embeddable":true,"href":"https:\/\/modale.com\/vi\/wp-json\/wp\/v2\/media\/8555"}],"wp:attachment":[{"href":"https:\/\/modale.com\/vi\/wp-json\/wp\/v2\/media?parent=11529"}],"wp:term":[{"taxonomy":"product_cat","embeddable":true,"href":"https:\/\/modale.com\/vi\/wp-json\/wp\/v2\/product_cat?post=11529"},{"taxonomy":"product_tag","embeddable":true,"href":"https:\/\/modale.com\/vi\/wp-json\/wp\/v2\/product_tag?post=11529"},{"taxonomy":"origin","embeddable":true,"href":"https:\/\/modale.com\/vi\/wp-json\/wp\/v2\/origin?post=11529"},{"taxonomy":"designers","embeddable":true,"href":"https:\/\/modale.com\/vi\/wp-json\/wp\/v2\/designers?post=11529"},{"taxonomy":"collection","embeddable":true,"href":"https:\/\/modale.com\/vi\/wp-json\/wp\/v2\/collection?post=11529"},{"taxonomy":"brands","embeddable":true,"href":"https:\/\/modale.com\/vi\/wp-json\/wp\/v2\/brands?post=11529"}],"curies":[{"name":"wp","href":"https:\/\/api.w.org\/{rel}","templated":true}]}}