{"id":11549,"date":"2023-04-10T17:19:49","date_gmt":"2023-04-10T17:19:49","guid":{"rendered":"https:\/\/modale.com\/product\/connortallboy\/"},"modified":"2023-08-10T10:42:44","modified_gmt":"2023-08-10T10:42:44","slug":"connortallboy","status":"publish","type":"product","link":"https:\/\/modale.com\/vi\/product\/connortallboy\/","title":{"rendered":"<strong>LASKASAS <\/strong><br>T\u1ee6 COM M\u1ed0T CAO CONNOR"},"content":{"rendered":"<p>T\u1ee6 CONNER TALLBOY L\u00c0 L\u1ef0A CH\u1eccN T\u1ed0I GI\u1ea2N CHO PH\u00d2NG NG\u1ee6 C\u1ee6A NH\u1eeeNG AI Y\u00caU TH\u00cdCH T\u00cdNH \u1ee8NG D\u1ee4NG CAO. TR\u1eccNG L\u01af\u1ee2NG NH\u1eb8 V\u00c0 KH\u00d4NG C\u00d3 NHI\u1ec0U TAY C\u1ea6M V\u01af\u1edaNG M\u1eaeC KH\u00d3 D\u1ecaCH CHUY\u1ec2N.<\/p>\n","protected":false},"excerpt":{"rendered":"<p>T\u1ee6 CONNER TALLBOY L\u00c0 L\u1ef0A CH\u1eccN T\u1ed0I GI\u1ea2N CHO PH\u00d2NG NG\u1ee6 C\u1ee6A NH\u1eeeNG AI Y\u00caU TH\u00cdCH T\u00cdNH \u1ee8NG D\u1ee4NG CAO. TR\u1eccNG L\u01af\u1ee2NG NH\u1eb8 V\u00c0 KH\u00d4NG C\u00d3 NHI\u1ec0U TAY C\u1ea6M V\u01af\u1edaNG M\u1eaeC KH\u00d3 D\u1ecaCH CHUY\u1ec2N.<\/p>\n","protected":false},"featured_media":8477,"template":"","meta":[],"product_cat":[733],"product_tag":[699],"origin":[770],"designers":[],"collection":[304],"brands":[113],"class_list":{"0":"post-11549","1":"product","2":"type-product","3":"status-publish","4":"has-post-thumbnail","6":"product_cat-chests-dressers-vi","7":"product_tag-bedroom-vi-2","8":"origin-european","9":"collection-connor","10":"brands-laskasas","12":"first","13":"instock","14":"shipping-taxable","15":"purchasable","16":"product-type-simple"},"_links":{"self":[{"href":"https:\/\/modale.com\/vi\/wp-json\/wp\/v2\/product\/11549","targetHints":{"allow":["GET"]}}],"collection":[{"href":"https:\/\/modale.com\/vi\/wp-json\/wp\/v2\/product"}],"about":[{"href":"https:\/\/modale.com\/vi\/wp-json\/wp\/v2\/types\/product"}],"wp:featuredmedia":[{"embeddable":true,"href":"https:\/\/modale.com\/vi\/wp-json\/wp\/v2\/media\/8477"}],"wp:attachment":[{"href":"https:\/\/modale.com\/vi\/wp-json\/wp\/v2\/media?parent=11549"}],"wp:term":[{"taxonomy":"product_cat","embeddable":true,"href":"https:\/\/modale.com\/vi\/wp-json\/wp\/v2\/product_cat?post=11549"},{"taxonomy":"product_tag","embeddable":true,"href":"https:\/\/modale.com\/vi\/wp-json\/wp\/v2\/product_tag?post=11549"},{"taxonomy":"origin","embeddable":true,"href":"https:\/\/modale.com\/vi\/wp-json\/wp\/v2\/origin?post=11549"},{"taxonomy":"designers","embeddable":true,"href":"https:\/\/modale.com\/vi\/wp-json\/wp\/v2\/designers?post=11549"},{"taxonomy":"collection","embeddable":true,"href":"https:\/\/modale.com\/vi\/wp-json\/wp\/v2\/collection?post=11549"},{"taxonomy":"brands","embeddable":true,"href":"https:\/\/modale.com\/vi\/wp-json\/wp\/v2\/brands?post=11549"}],"curies":[{"name":"wp","href":"https:\/\/api.w.org\/{rel}","templated":true}]}}