{"id":11550,"date":"2023-04-10T17:19:46","date_gmt":"2023-04-10T17:19:46","guid":{"rendered":"https:\/\/modale.com\/product\/ambertallboy\/"},"modified":"2023-08-10T10:42:45","modified_gmt":"2023-08-10T10:42:45","slug":"ambertallboy","status":"publish","type":"product","link":"https:\/\/modale.com\/vi\/product\/ambertallboy\/","title":{"rendered":"<strong>LASKASAS <\/strong><br>T\u1ee6 COM M\u1ed0T CAO AMBER"},"content":{"rendered":"<p>T\u1ee6 AMBER TALLBOY S\u1ede H\u1eeeU \u0110\u01af\u1edcNG N\u00c9T C\u1ee8NG C\u00c1P, G\u1eccN G\u1ebc C\u00d9NG H\u00ccNH D\u1ea0NG H\u1ed8P CH\u1eee NH\u1eacT, L\u1edaP PH\u1ee6 M\u00c0U TRUNG T\u00cdNH C\u00d9NG V\u1edaI L\u1edaP B\u1eccC TH\u00c9P V\u00c0 KHUNG G\u1ed6, MANG \u0110\u1ebeN M\u1ed8T \u0110I\u1ec2M NH\u1ea4N TRANG TR\u00cd CHO C\u0102N PH\u00d2NG C\u1ee6A B\u1ea0N.<\/p>\n","protected":false},"excerpt":{"rendered":"<p>T\u1ee6 AMBER TALLBOY S\u1ede H\u1eeeU \u0110\u01af\u1edcNG N\u00c9T C\u1ee8NG C\u00c1P, G\u1eccN G\u1ebc C\u00d9NG H\u00ccNH D\u1ea0NG H\u1ed8P CH\u1eee NH\u1eacT, L\u1edaP PH\u1ee6 M\u00c0U TRUNG T\u00cdNH C\u00d9NG V\u1edaI L\u1edaP B\u1eccC TH\u00c9P V\u00c0 KHUNG G\u1ed6, MANG \u0110\u1ebeN M\u1ed8T \u0110I\u1ec2M NH\u1ea4N TRANG TR\u00cd CHO C\u0102N PH\u00d2NG C\u1ee6A B\u1ea0N.<\/p>\n","protected":false},"featured_media":8473,"template":"","meta":[],"product_cat":[733],"product_tag":[699],"origin":[770],"designers":[],"collection":[303],"brands":[113],"class_list":{"0":"post-11550","1":"product","2":"type-product","3":"status-publish","4":"has-post-thumbnail","6":"product_cat-chests-dressers-vi","7":"product_tag-bedroom-vi-2","8":"origin-european","9":"collection-amber","10":"brands-laskasas","12":"first","13":"instock","14":"shipping-taxable","15":"purchasable","16":"product-type-simple"},"_links":{"self":[{"href":"https:\/\/modale.com\/vi\/wp-json\/wp\/v2\/product\/11550","targetHints":{"allow":["GET"]}}],"collection":[{"href":"https:\/\/modale.com\/vi\/wp-json\/wp\/v2\/product"}],"about":[{"href":"https:\/\/modale.com\/vi\/wp-json\/wp\/v2\/types\/product"}],"wp:featuredmedia":[{"embeddable":true,"href":"https:\/\/modale.com\/vi\/wp-json\/wp\/v2\/media\/8473"}],"wp:attachment":[{"href":"https:\/\/modale.com\/vi\/wp-json\/wp\/v2\/media?parent=11550"}],"wp:term":[{"taxonomy":"product_cat","embeddable":true,"href":"https:\/\/modale.com\/vi\/wp-json\/wp\/v2\/product_cat?post=11550"},{"taxonomy":"product_tag","embeddable":true,"href":"https:\/\/modale.com\/vi\/wp-json\/wp\/v2\/product_tag?post=11550"},{"taxonomy":"origin","embeddable":true,"href":"https:\/\/modale.com\/vi\/wp-json\/wp\/v2\/origin?post=11550"},{"taxonomy":"designers","embeddable":true,"href":"https:\/\/modale.com\/vi\/wp-json\/wp\/v2\/designers?post=11550"},{"taxonomy":"collection","embeddable":true,"href":"https:\/\/modale.com\/vi\/wp-json\/wp\/v2\/collection?post=11550"},{"taxonomy":"brands","embeddable":true,"href":"https:\/\/modale.com\/vi\/wp-json\/wp\/v2\/brands?post=11550"}],"curies":[{"name":"wp","href":"https:\/\/api.w.org\/{rel}","templated":true}]}}