{"id":11580,"date":"2023-04-10T17:12:50","date_gmt":"2023-04-10T17:12:50","guid":{"rendered":"https:\/\/modale.com\/product\/reflextv-cabinet\/"},"modified":"2023-08-10T10:42:51","modified_gmt":"2023-08-10T10:42:51","slug":"reflextv-cabinet","status":"publish","type":"product","link":"https:\/\/modale.com\/vi\/product\/reflextv-cabinet\/","title":{"rendered":"<strong>LASKASAS <\/strong><br>T\u1ee6 TV REFLEX"},"content":{"rendered":"<p>T\u1ee6 TV REFLEX MANG PHONG C\u00c1CH SCANDINAVIAN \u0110\u1ed8C \u0110\u00c1O \u0110\u01af\u1ee2C L\u00c0M T\u1eea G\u1ed6 CAO C\u1ea4P, M\u00c0U S\u1eaeC H\u00c0I HO\u00c0 V\u1edaI GAM M\u00c0U TR\u1ea6M. MANG T\u00cdNH TH\u1ea8M M\u1ef8 CAO CHO NG\u00d4I NH\u00c0<\/p>\n","protected":false},"excerpt":{"rendered":"<p>T\u1ee6 TV REFLEX MANG PHONG C\u00c1CH SCANDINAVIAN \u0110\u1ed8C \u0110\u00c1O \u0110\u01af\u1ee2C L\u00c0M T\u1eea G\u1ed6 CAO C\u1ea4P, M\u00c0U S\u1eaeC H\u00c0I HO\u00c0 V\u1edaI GAM M\u00c0U TR\u1ea6M. MANG T\u00cdNH TH\u1ea8M M\u1ef8 CAO CHO NG\u00d4I NH\u00c0<\/p>\n","protected":false},"featured_media":8356,"template":"","meta":[],"product_cat":[729],"product_tag":[703],"origin":[770],"designers":[],"collection":[274],"brands":[113],"class_list":{"0":"post-11580","1":"product","2":"type-product","3":"status-publish","4":"has-post-thumbnail","6":"product_cat-cabinets-vi","7":"product_tag-living-vi-2","8":"origin-european","9":"collection-reflex","10":"brands-laskasas","12":"first","13":"instock","14":"shipping-taxable","15":"purchasable","16":"product-type-simple"},"_links":{"self":[{"href":"https:\/\/modale.com\/vi\/wp-json\/wp\/v2\/product\/11580","targetHints":{"allow":["GET"]}}],"collection":[{"href":"https:\/\/modale.com\/vi\/wp-json\/wp\/v2\/product"}],"about":[{"href":"https:\/\/modale.com\/vi\/wp-json\/wp\/v2\/types\/product"}],"wp:featuredmedia":[{"embeddable":true,"href":"https:\/\/modale.com\/vi\/wp-json\/wp\/v2\/media\/8356"}],"wp:attachment":[{"href":"https:\/\/modale.com\/vi\/wp-json\/wp\/v2\/media?parent=11580"}],"wp:term":[{"taxonomy":"product_cat","embeddable":true,"href":"https:\/\/modale.com\/vi\/wp-json\/wp\/v2\/product_cat?post=11580"},{"taxonomy":"product_tag","embeddable":true,"href":"https:\/\/modale.com\/vi\/wp-json\/wp\/v2\/product_tag?post=11580"},{"taxonomy":"origin","embeddable":true,"href":"https:\/\/modale.com\/vi\/wp-json\/wp\/v2\/origin?post=11580"},{"taxonomy":"designers","embeddable":true,"href":"https:\/\/modale.com\/vi\/wp-json\/wp\/v2\/designers?post=11580"},{"taxonomy":"collection","embeddable":true,"href":"https:\/\/modale.com\/vi\/wp-json\/wp\/v2\/collection?post=11580"},{"taxonomy":"brands","embeddable":true,"href":"https:\/\/modale.com\/vi\/wp-json\/wp\/v2\/brands?post=11580"}],"curies":[{"name":"wp","href":"https:\/\/api.w.org\/{rel}","templated":true}]}}