{"id":11581,"date":"2023-04-10T17:12:47","date_gmt":"2023-04-10T17:12:47","guid":{"rendered":"https:\/\/modale.com\/product\/darctv-cabinet\/"},"modified":"2023-08-10T10:42:51","modified_gmt":"2023-08-10T10:42:51","slug":"darctv-cabinet","status":"publish","type":"product","link":"https:\/\/modale.com\/vi\/product\/darctv-cabinet\/","title":{"rendered":"<strong>LASKASAS <\/strong><br>T\u1ee6 TV DARC"},"content":{"rendered":"<p>T\u1ee6 TV D&#8217;ACR \u0110\u01af\u1ee2C THI\u1ebeT K\u1ebe T\u1ec8 M\u1ec8, HO\u00c0N H\u1ea2O T\u1eea B\u1ed0 S\u01afU T\u1eacP D&#8217;ARC V\u1edaI PH\u1ea6N TH\u00c2N L\u00c0M B\u1eb0NG G\u1ed6 T\u1ef0 NHI\u00caN, 2 MODULE NG\u0102N K\u00c9O V\u00c0 2 C\u1eecA TRUNG T\u00c2M T\u1ea0O N\u00caN C\u1ea2M GI\u00c1C H\u00c0I H\u00d2A, MANG T\u00cdNH TH\u1ea8M M\u1ef8 CHO NG\u00d4I NH\u00c0<\/p>\n","protected":false},"excerpt":{"rendered":"<p>T\u1ee6 TV D&#8217;ACR \u0110\u01af\u1ee2C THI\u1ebeT K\u1ebe T\u1ec8 M\u1ec8, HO\u00c0N H\u1ea2O T\u1eea B\u1ed0 S\u01afU T\u1eacP D&#8217;ARC V\u1edaI PH\u1ea6N TH\u00c2N L\u00c0M B\u1eb0NG G\u1ed6 T\u1ef0 NHI\u00caN, 2 MODULE NG\u0102N K\u00c9O V\u00c0 2 C\u1eecA TRUNG T\u00c2M T\u1ea0O N\u00caN C\u1ea2M GI\u00c1C H\u00c0I H\u00d2A, MANG T\u00cdNH TH\u1ea8M M\u1ef8 CHO NG\u00d4I NH\u00c0<\/p>\n","protected":false},"featured_media":8352,"template":"","meta":[],"product_cat":[729],"product_tag":[703],"origin":[770],"designers":[],"collection":[273],"brands":[113],"class_list":{"0":"post-11581","1":"product","2":"type-product","3":"status-publish","4":"has-post-thumbnail","6":"product_cat-cabinets-vi","7":"product_tag-living-vi-2","8":"origin-european","9":"collection-darc","10":"brands-laskasas","12":"first","13":"instock","14":"shipping-taxable","15":"purchasable","16":"product-type-simple"},"_links":{"self":[{"href":"https:\/\/modale.com\/vi\/wp-json\/wp\/v2\/product\/11581","targetHints":{"allow":["GET"]}}],"collection":[{"href":"https:\/\/modale.com\/vi\/wp-json\/wp\/v2\/product"}],"about":[{"href":"https:\/\/modale.com\/vi\/wp-json\/wp\/v2\/types\/product"}],"wp:featuredmedia":[{"embeddable":true,"href":"https:\/\/modale.com\/vi\/wp-json\/wp\/v2\/media\/8352"}],"wp:attachment":[{"href":"https:\/\/modale.com\/vi\/wp-json\/wp\/v2\/media?parent=11581"}],"wp:term":[{"taxonomy":"product_cat","embeddable":true,"href":"https:\/\/modale.com\/vi\/wp-json\/wp\/v2\/product_cat?post=11581"},{"taxonomy":"product_tag","embeddable":true,"href":"https:\/\/modale.com\/vi\/wp-json\/wp\/v2\/product_tag?post=11581"},{"taxonomy":"origin","embeddable":true,"href":"https:\/\/modale.com\/vi\/wp-json\/wp\/v2\/origin?post=11581"},{"taxonomy":"designers","embeddable":true,"href":"https:\/\/modale.com\/vi\/wp-json\/wp\/v2\/designers?post=11581"},{"taxonomy":"collection","embeddable":true,"href":"https:\/\/modale.com\/vi\/wp-json\/wp\/v2\/collection?post=11581"},{"taxonomy":"brands","embeddable":true,"href":"https:\/\/modale.com\/vi\/wp-json\/wp\/v2\/brands?post=11581"}],"curies":[{"name":"wp","href":"https:\/\/api.w.org\/{rel}","templated":true}]}}