{"id":11597,"date":"2023-04-10T17:10:54","date_gmt":"2023-04-10T17:10:54","guid":{"rendered":"https:\/\/modale.com\/product\/arloncoffee-table\/"},"modified":"2023-08-10T10:42:55","modified_gmt":"2023-08-10T10:42:55","slug":"arloncoffee-table","status":"publish","type":"product","link":"https:\/\/modale.com\/vi\/product\/arloncoffee-table\/","title":{"rendered":"<strong>DESIREE <\/strong><br>B\u00c0N CAF\u00c9 ARLON"},"content":{"rendered":"<p>B\u00c0N CAFE ARLON \u0110\u01af\u1ee2C THI\u1ebeT K\u1ebe T\u1ed0I GI\u1ea2N C\u00d3 KHU\u00d4N CH\u00c2N CH\u1eaeC CH\u1eaeN, C\u00c1C M\u1eb6T PH\u00cdA TR\u00caN \u0110\u01af\u1ee2C T\u00cdCH H\u1ee2P V\u1edaI KHUNG TR\u00caN, C\u00d3 NHI\u1ec0U M\u00c0U S\u1eaeC KH\u00c1C NHAU V\u00c0 C\u00d3 TH\u1ec2 S\u01a0N M\u00c0I, \u0110\u00c1NH B\u00d3NG HO\u1eb6C TH\u1ee6Y TINH M\u00c0I C\u00d3 R\u00c3NH V\u1edaI K\u1ebeT C\u1ea4U HI\u1ec6U \u1ee8NG THANH L\u1ecaCH, T\u1ea0O C\u1ea2M GI\u00c1C SANG TR\u1eccNG CHO NG\u01af\u1edcI S\u1eec D\u1ee4NG<\/p>\n","protected":false},"excerpt":{"rendered":"<p>B\u00c0N CAFE ARLON \u0110\u01af\u1ee2C THI\u1ebeT K\u1ebe T\u1ed0I GI\u1ea2N C\u00d3 KHU\u00d4N CH\u00c2N CH\u1eaeC CH\u1eaeN, C\u00c1C M\u1eb6T PH\u00cdA TR\u00caN \u0110\u01af\u1ee2C T\u00cdCH H\u1ee2P V\u1edaI KHUNG TR\u00caN, C\u00d3 NHI\u1ec0U M\u00c0U S\u1eaeC KH\u00c1C NHAU V\u00c0 C\u00d3 TH\u1ec2 S\u01a0N M\u00c0I, \u0110\u00c1NH B\u00d3NG HO\u1eb6C TH\u1ee6Y TINH M\u00c0I C\u00d3 R\u00c3NH V\u1edaI K\u1ebeT C\u1ea4U HI\u1ec6U \u1ee8NG THANH L\u1ecaCH, T\u1ea0O C\u1ea2M GI\u00c1C SANG TR\u1eccNG CHO [&hellip;]<\/p>\n","protected":false},"featured_media":10169,"template":"","meta":[],"product_cat":[734],"product_tag":[703],"origin":[770],"designers":[253],"collection":[258],"brands":[235],"class_list":{"0":"post-11597","1":"product","2":"type-product","3":"status-publish","4":"has-post-thumbnail","6":"product_cat-coffee-tables-vi","7":"product_tag-living-vi-2","8":"origin-european","9":"designers-setsu-shinobu-ito","10":"collection-arlon","11":"brands-desiree","13":"first","14":"instock","15":"shipping-taxable","16":"purchasable","17":"product-type-simple"},"_links":{"self":[{"href":"https:\/\/modale.com\/vi\/wp-json\/wp\/v2\/product\/11597","targetHints":{"allow":["GET"]}}],"collection":[{"href":"https:\/\/modale.com\/vi\/wp-json\/wp\/v2\/product"}],"about":[{"href":"https:\/\/modale.com\/vi\/wp-json\/wp\/v2\/types\/product"}],"wp:featuredmedia":[{"embeddable":true,"href":"https:\/\/modale.com\/vi\/wp-json\/wp\/v2\/media\/10169"}],"wp:attachment":[{"href":"https:\/\/modale.com\/vi\/wp-json\/wp\/v2\/media?parent=11597"}],"wp:term":[{"taxonomy":"product_cat","embeddable":true,"href":"https:\/\/modale.com\/vi\/wp-json\/wp\/v2\/product_cat?post=11597"},{"taxonomy":"product_tag","embeddable":true,"href":"https:\/\/modale.com\/vi\/wp-json\/wp\/v2\/product_tag?post=11597"},{"taxonomy":"origin","embeddable":true,"href":"https:\/\/modale.com\/vi\/wp-json\/wp\/v2\/origin?post=11597"},{"taxonomy":"designers","embeddable":true,"href":"https:\/\/modale.com\/vi\/wp-json\/wp\/v2\/designers?post=11597"},{"taxonomy":"collection","embeddable":true,"href":"https:\/\/modale.com\/vi\/wp-json\/wp\/v2\/collection?post=11597"},{"taxonomy":"brands","embeddable":true,"href":"https:\/\/modale.com\/vi\/wp-json\/wp\/v2\/brands?post=11597"}],"curies":[{"name":"wp","href":"https:\/\/api.w.org\/{rel}","templated":true}]}}