{"id":11598,"date":"2023-04-10T17:10:44","date_gmt":"2023-04-10T17:10:44","guid":{"rendered":"https:\/\/modale.com\/product\/vanitybed\/"},"modified":"2023-08-10T10:42:55","modified_gmt":"2023-08-10T10:42:55","slug":"vanitybed","status":"publish","type":"product","link":"https:\/\/modale.com\/vi\/product\/vanitybed\/","title":{"rendered":"<strong>DESIREE <\/strong><br>GI\u01af\u1edcNG NG\u1ee6 VANITY"},"content":{"rendered":"<p>GI\u01af\u1edcNG NG\u1ee6 VANITY V\u1edaI THI\u1ebeT K\u1ebe THANH L\u1ecaCH \u0110\u01af\u1ee2C BAO B\u1eccC B\u1edeI HAI \u0110\u1ec6M M\u1ec0M T\u1ea0O C\u1ea2M GI\u00c1C TH\u01af GI\u00c3N, THO\u00c1I M\u00c1I CHO PH\u00d2NG NG\u1ee6 C\u1ee6A B\u1ea0N<\/p>\n","protected":false},"excerpt":{"rendered":"<p>GI\u01af\u1edcNG NG\u1ee6 VANITY V\u1edaI THI\u1ebeT K\u1ebe THANH L\u1ecaCH \u0110\u01af\u1ee2C BAO B\u1eccC B\u1edeI HAI \u0110\u1ec6M M\u1ec0M T\u1ea0O C\u1ea2M GI\u00c1C TH\u01af GI\u00c3N, THO\u00c1I M\u00c1I CHO PH\u00d2NG NG\u1ee6 C\u1ee6A B\u1ea0N<\/p>\n","protected":false},"featured_media":10175,"template":"","meta":[],"product_cat":[726],"product_tag":[699],"origin":[770],"designers":[247],"collection":[257],"brands":[235],"class_list":{"0":"post-11598","1":"product","2":"type-product","3":"status-publish","4":"has-post-thumbnail","6":"product_cat-beds-vi","7":"product_tag-bedroom-vi-2","8":"origin-european","9":"designers-matteo-thun-antonio-rodriguez","10":"collection-vanity","11":"brands-desiree","13":"first","14":"instock","15":"shipping-taxable","16":"purchasable","17":"product-type-simple"},"_links":{"self":[{"href":"https:\/\/modale.com\/vi\/wp-json\/wp\/v2\/product\/11598","targetHints":{"allow":["GET"]}}],"collection":[{"href":"https:\/\/modale.com\/vi\/wp-json\/wp\/v2\/product"}],"about":[{"href":"https:\/\/modale.com\/vi\/wp-json\/wp\/v2\/types\/product"}],"wp:featuredmedia":[{"embeddable":true,"href":"https:\/\/modale.com\/vi\/wp-json\/wp\/v2\/media\/10175"}],"wp:attachment":[{"href":"https:\/\/modale.com\/vi\/wp-json\/wp\/v2\/media?parent=11598"}],"wp:term":[{"taxonomy":"product_cat","embeddable":true,"href":"https:\/\/modale.com\/vi\/wp-json\/wp\/v2\/product_cat?post=11598"},{"taxonomy":"product_tag","embeddable":true,"href":"https:\/\/modale.com\/vi\/wp-json\/wp\/v2\/product_tag?post=11598"},{"taxonomy":"origin","embeddable":true,"href":"https:\/\/modale.com\/vi\/wp-json\/wp\/v2\/origin?post=11598"},{"taxonomy":"designers","embeddable":true,"href":"https:\/\/modale.com\/vi\/wp-json\/wp\/v2\/designers?post=11598"},{"taxonomy":"collection","embeddable":true,"href":"https:\/\/modale.com\/vi\/wp-json\/wp\/v2\/collection?post=11598"},{"taxonomy":"brands","embeddable":true,"href":"https:\/\/modale.com\/vi\/wp-json\/wp\/v2\/brands?post=11598"}],"curies":[{"name":"wp","href":"https:\/\/api.w.org\/{rel}","templated":true}]}}