{"id":11599,"date":"2023-04-10T17:10:37","date_gmt":"2023-04-10T17:10:37","guid":{"rendered":"https:\/\/modale.com\/product\/shellon-inbed\/"},"modified":"2023-08-10T10:42:55","modified_gmt":"2023-08-10T10:42:55","slug":"shellon-inbed","status":"publish","type":"product","link":"https:\/\/modale.com\/vi\/product\/shellon-inbed\/","title":{"rendered":"<strong>DESIREE <\/strong><br>GI\u01af\u1edcNG NG\u1ee6 SHELLON IN"},"content":{"rendered":"<p>GI\u01af\u1edcNG NG\u1ee6 SHELLON \u0110\u01af\u1ee2C THI\u1ebeT K\u1ebe \u0110\u1eb6C BI\u1ec6T V\u1edaI PH\u1ea6N \u0110\u1ea6U GI\u01af\u1edcNG B\u1eccC L\u1edaP V\u1ea2I X\u00d9 M\u1ec0M M\u1ea0I, U\u1ed0N CONG TINH X\u1ea2O V\u00c0 HO\u00c0N TO\u00c0N C\u00d3 TH\u1ec2 TH\u00c1O R\u1edcI, KHUNG GI\u01af\u1edcNG C\u00d3 S\u1eb4N V\u1edaI KHOANG L\u01afU TR\u1eee TI\u1ec6N D\u1ee4NG.<\/p>\n","protected":false},"excerpt":{"rendered":"<p>GI\u01af\u1edcNG NG\u1ee6 SHELLON \u0110\u01af\u1ee2C THI\u1ebeT K\u1ebe \u0110\u1eb6C BI\u1ec6T V\u1edaI PH\u1ea6N \u0110\u1ea6U GI\u01af\u1edcNG B\u1eccC L\u1edaP V\u1ea2I X\u00d9 M\u1ec0M M\u1ea0I, U\u1ed0N CONG TINH X\u1ea2O V\u00c0 HO\u00c0N TO\u00c0N C\u00d3 TH\u1ec2 TH\u00c1O R\u1edcI, KHUNG GI\u01af\u1edcNG C\u00d3 S\u1eb4N V\u1edaI KHOANG L\u01afU TR\u1eee TI\u1ec6N D\u1ee4NG.<\/p>\n","protected":false},"featured_media":10190,"template":"","meta":[],"product_cat":[726],"product_tag":[699],"origin":[770],"designers":[249],"collection":[256],"brands":[235],"class_list":{"0":"post-11599","1":"product","2":"type-product","3":"status-publish","4":"has-post-thumbnail","6":"product_cat-beds-vi","7":"product_tag-bedroom-vi-2","8":"origin-european","9":"designers-marc-sadler","10":"collection-shellon-in","11":"brands-desiree","13":"first","14":"instock","15":"shipping-taxable","16":"purchasable","17":"product-type-simple"},"_links":{"self":[{"href":"https:\/\/modale.com\/vi\/wp-json\/wp\/v2\/product\/11599","targetHints":{"allow":["GET"]}}],"collection":[{"href":"https:\/\/modale.com\/vi\/wp-json\/wp\/v2\/product"}],"about":[{"href":"https:\/\/modale.com\/vi\/wp-json\/wp\/v2\/types\/product"}],"wp:featuredmedia":[{"embeddable":true,"href":"https:\/\/modale.com\/vi\/wp-json\/wp\/v2\/media\/10190"}],"wp:attachment":[{"href":"https:\/\/modale.com\/vi\/wp-json\/wp\/v2\/media?parent=11599"}],"wp:term":[{"taxonomy":"product_cat","embeddable":true,"href":"https:\/\/modale.com\/vi\/wp-json\/wp\/v2\/product_cat?post=11599"},{"taxonomy":"product_tag","embeddable":true,"href":"https:\/\/modale.com\/vi\/wp-json\/wp\/v2\/product_tag?post=11599"},{"taxonomy":"origin","embeddable":true,"href":"https:\/\/modale.com\/vi\/wp-json\/wp\/v2\/origin?post=11599"},{"taxonomy":"designers","embeddable":true,"href":"https:\/\/modale.com\/vi\/wp-json\/wp\/v2\/designers?post=11599"},{"taxonomy":"collection","embeddable":true,"href":"https:\/\/modale.com\/vi\/wp-json\/wp\/v2\/collection?post=11599"},{"taxonomy":"brands","embeddable":true,"href":"https:\/\/modale.com\/vi\/wp-json\/wp\/v2\/brands?post=11599"}],"curies":[{"name":"wp","href":"https:\/\/api.w.org\/{rel}","templated":true}]}}