{"id":11601,"date":"2023-04-10T17:10:16","date_gmt":"2023-04-10T17:10:16","guid":{"rendered":"https:\/\/modale.com\/product\/platzbed\/"},"modified":"2023-08-10T10:42:56","modified_gmt":"2023-08-10T10:42:56","slug":"platzbed","status":"publish","type":"product","link":"https:\/\/modale.com\/vi\/product\/platzbed\/","title":{"rendered":"<strong>DESIREE <\/strong><br>GI\u01af\u1edcNG NG\u1ee6 PLATZ"},"content":{"rendered":"<p>GI\u01af\u1edcNG NG\u1ee6 PLATZ \u0110\u01af\u1ee2C THI\u1ebeT K\u1ec2 \u0110\u1ed8C \u0110\u00c1O V\u1edaI PH\u1ea6N \u0110\u1ec6M \u0110\u1ea6U GI\u01af\u1edcNG THO\u1ea2I M\u00c1I, \u0110\u01af\u1edcNG MAY TRANG TR\u00cd TINH T\u1ebe. PH\u1ea6N KHUNG NH\u00d4M \u0110\u01af\u1ee2C TR\u00c1M M\u1edc HO\u1eb6C PH\u1ee6 DA C\u1ee8NG, \u0110\u1ea6U GI\u01af\u1edcNG \u0110\u01af\u1ee2C \u0110\u1ec6M B\u1eb0NG M\u00daT SINH TH\u00c1I C\u00d3 M\u1eacT \u0110\u1ed8 KH\u00c1C NHAU, \u0110\u01af\u1ee2C B\u1eccC B\u1eb0NG V\u1ea2I HO\u1eb6C DA C\u00d3 TH\u1ec2 TH\u00c1O R\u1edcI HO\u00c0N TO\u00c0N. CH\u00c2N GI\u01af\u1edcNG \u0110\u01af\u1ee2C \u0110\u00c1NH B\u00d3NG B\u1eb0NG NH\u00d4M.<\/p>\n","protected":false},"excerpt":{"rendered":"<p>GI\u01af\u1edcNG NG\u1ee6 PLATZ \u0110\u01af\u1ee2C THI\u1ebeT K\u1ec2 \u0110\u1ed8C \u0110\u00c1O V\u1edaI PH\u1ea6N \u0110\u1ec6M \u0110\u1ea6U GI\u01af\u1edcNG THO\u1ea2I M\u00c1I, \u0110\u01af\u1edcNG MAY TRANG TR\u00cd TINH T\u1ebe. PH\u1ea6N KHUNG NH\u00d4M \u0110\u01af\u1ee2C TR\u00c1M M\u1edc HO\u1eb6C PH\u1ee6 DA C\u1ee8NG, \u0110\u1ea6U GI\u01af\u1edcNG \u0110\u01af\u1ee2C \u0110\u1ec6M B\u1eb0NG M\u00daT SINH TH\u00c1I C\u00d3 M\u1eacT \u0110\u1ed8 KH\u00c1C NHAU, \u0110\u01af\u1ee2C B\u1eccC B\u1eb0NG V\u1ea2I HO\u1eb6C DA C\u00d3 TH\u1ec2 TH\u00c1O R\u1edcI HO\u00c0N [&hellip;]<\/p>\n","protected":false},"featured_media":10194,"template":"","meta":[],"product_cat":[726],"product_tag":[699],"origin":[770],"designers":[253],"collection":[240],"brands":[235],"class_list":{"0":"post-11601","1":"product","2":"type-product","3":"status-publish","4":"has-post-thumbnail","6":"product_cat-beds-vi","7":"product_tag-bedroom-vi-2","8":"origin-european","9":"designers-setsu-shinobu-ito","10":"collection-platz","11":"brands-desiree","13":"first","14":"instock","15":"shipping-taxable","16":"purchasable","17":"product-type-simple"},"_links":{"self":[{"href":"https:\/\/modale.com\/vi\/wp-json\/wp\/v2\/product\/11601","targetHints":{"allow":["GET"]}}],"collection":[{"href":"https:\/\/modale.com\/vi\/wp-json\/wp\/v2\/product"}],"about":[{"href":"https:\/\/modale.com\/vi\/wp-json\/wp\/v2\/types\/product"}],"wp:featuredmedia":[{"embeddable":true,"href":"https:\/\/modale.com\/vi\/wp-json\/wp\/v2\/media\/10194"}],"wp:attachment":[{"href":"https:\/\/modale.com\/vi\/wp-json\/wp\/v2\/media?parent=11601"}],"wp:term":[{"taxonomy":"product_cat","embeddable":true,"href":"https:\/\/modale.com\/vi\/wp-json\/wp\/v2\/product_cat?post=11601"},{"taxonomy":"product_tag","embeddable":true,"href":"https:\/\/modale.com\/vi\/wp-json\/wp\/v2\/product_tag?post=11601"},{"taxonomy":"origin","embeddable":true,"href":"https:\/\/modale.com\/vi\/wp-json\/wp\/v2\/origin?post=11601"},{"taxonomy":"designers","embeddable":true,"href":"https:\/\/modale.com\/vi\/wp-json\/wp\/v2\/designers?post=11601"},{"taxonomy":"collection","embeddable":true,"href":"https:\/\/modale.com\/vi\/wp-json\/wp\/v2\/collection?post=11601"},{"taxonomy":"brands","embeddable":true,"href":"https:\/\/modale.com\/vi\/wp-json\/wp\/v2\/brands?post=11601"}],"curies":[{"name":"wp","href":"https:\/\/api.w.org\/{rel}","templated":true}]}}