{"id":11606,"date":"2023-04-10T17:09:25","date_gmt":"2023-04-10T17:09:25","guid":{"rendered":"https:\/\/modale.com\/product\/soorarmchair\/"},"modified":"2023-08-10T10:43:03","modified_gmt":"2023-08-10T10:43:03","slug":"soorarmchair","status":"publish","type":"product","link":"https:\/\/modale.com\/vi\/product\/soorarmchair\/","title":{"rendered":"<strong>DESIREE <\/strong><br>GH\u1ebe B\u00c0NH SOOR"},"content":{"rendered":"<p>GH\u1ebe B\u00c0NH SOOR \u0110\u01af\u1ee2C THI\u1ebeT K\u1ebe TINH X\u1ea2O V\u1edaI PH\u1ea6N GH\u1ebe NG\u1ed2I V\u00c0 \u0110\u1ebeM L\u01afNG CONG, PH\u1ea6N TH\u00c2N \u0110AN CH\u00c9O MANG \u0110\u1ebeN C\u1ea2M GI\u00c1C \u00caM \u00c1I, D\u1ec4 CH\u1ecaU KHI S\u1eec D\u1ee4NG<\/p>\n","protected":false},"excerpt":{"rendered":"<p>GH\u1ebe B\u00c0NH SOOR \u0110\u01af\u1ee2C THI\u1ebeT K\u1ebe TINH X\u1ea2O V\u1edaI PH\u1ea6N GH\u1ebe NG\u1ed2I V\u00c0 \u0110\u1ebeM L\u01afNG CONG, PH\u1ea6N TH\u00c2N \u0110AN CH\u00c9O MANG \u0110\u1ebeN C\u1ea2M GI\u00c1C \u00caM \u00c1I, D\u1ec4 CH\u1ecaU KHI S\u1eec D\u1ee4NG<\/p>\n","protected":false},"featured_media":10212,"template":"","meta":[],"product_cat":[724],"product_tag":[703],"origin":[770],"designers":[251],"collection":[252],"brands":[235],"class_list":{"0":"post-11606","1":"product","2":"type-product","3":"status-publish","4":"has-post-thumbnail","6":"product_cat-armchairs-vi","7":"product_tag-living-vi-2","8":"origin-european","9":"designers-rs-dsire","10":"collection-soor","11":"brands-desiree","13":"first","14":"instock","15":"shipping-taxable","16":"purchasable","17":"product-type-simple"},"_links":{"self":[{"href":"https:\/\/modale.com\/vi\/wp-json\/wp\/v2\/product\/11606","targetHints":{"allow":["GET"]}}],"collection":[{"href":"https:\/\/modale.com\/vi\/wp-json\/wp\/v2\/product"}],"about":[{"href":"https:\/\/modale.com\/vi\/wp-json\/wp\/v2\/types\/product"}],"wp:featuredmedia":[{"embeddable":true,"href":"https:\/\/modale.com\/vi\/wp-json\/wp\/v2\/media\/10212"}],"wp:attachment":[{"href":"https:\/\/modale.com\/vi\/wp-json\/wp\/v2\/media?parent=11606"}],"wp:term":[{"taxonomy":"product_cat","embeddable":true,"href":"https:\/\/modale.com\/vi\/wp-json\/wp\/v2\/product_cat?post=11606"},{"taxonomy":"product_tag","embeddable":true,"href":"https:\/\/modale.com\/vi\/wp-json\/wp\/v2\/product_tag?post=11606"},{"taxonomy":"origin","embeddable":true,"href":"https:\/\/modale.com\/vi\/wp-json\/wp\/v2\/origin?post=11606"},{"taxonomy":"designers","embeddable":true,"href":"https:\/\/modale.com\/vi\/wp-json\/wp\/v2\/designers?post=11606"},{"taxonomy":"collection","embeddable":true,"href":"https:\/\/modale.com\/vi\/wp-json\/wp\/v2\/collection?post=11606"},{"taxonomy":"brands","embeddable":true,"href":"https:\/\/modale.com\/vi\/wp-json\/wp\/v2\/brands?post=11606"}],"curies":[{"name":"wp","href":"https:\/\/api.w.org\/{rel}","templated":true}]}}