{"id":11711,"date":"2023-04-10T16:37:59","date_gmt":"2023-04-10T16:37:59","guid":{"rendered":"https:\/\/modale.com\/product\/serenechaise-longue\/"},"modified":"2023-08-10T10:43:29","modified_gmt":"2023-08-10T10:43:29","slug":"serenechaise-longue","status":"publish","type":"product","link":"https:\/\/modale.com\/vi\/product\/serenechaise-longue\/","title":{"rendered":"<strong>ALGA <\/strong><br>GH\u1ebe TH\u01af GI\u00c3N SERENE"},"content":{"rendered":"<p>GH\u1ebe TH\u01af GI\u00c3N SERENE \u0110\u01af\u1ee2C \u0110\u01af\u1ee2C THI\u1ebeT K\u1ebe THEO PHONG C\u00c1CH SCANDINAVIAN, S\u1eec D\u1ee4NG CH\u1ea4T LI\u1ec6U VENEER G\u1ed6 S\u1ed2I, G\u1ed6 T\u1ea6N B\u00cc HO\u1eb6C B\u1ea4T K\u00cc LO\u1ea0I G\u1ed6 N\u00c0O KH\u00c1C, MANG \u0110\u1ebeN NH\u1eeeNG TR\u1ea2I NGHI\u1ec6M TH\u01af GI\u00c3N NH\u1ea4T D\u00c0NH CHO B\u1ea0N. <\/p>\n","protected":false},"excerpt":{"rendered":"<p>GH\u1ebe TH\u01af GI\u00c3N SERENE \u0110\u01af\u1ee2C \u0110\u01af\u1ee2C THI\u1ebeT K\u1ebe THEO PHONG C\u00c1CH SCANDINAVIAN, S\u1eec D\u1ee4NG CH\u1ea4T LI\u1ec6U VENEER G\u1ed6 S\u1ed2I, G\u1ed6 T\u1ea6N B\u00cc HO\u1eb6C B\u1ea4T K\u00cc LO\u1ea0I G\u1ed6 N\u00c0O KH\u00c1C, MANG \u0110\u1ebeN NH\u1eeeNG TR\u1ea2I NGHI\u1ec6M TH\u01af GI\u00c3N NH\u1ea4T D\u00c0NH CHO B\u1ea0N.<\/p>\n","protected":false},"featured_media":7615,"template":"","meta":[],"product_cat":[732],"product_tag":[703],"origin":[770],"designers":[],"collection":[225],"brands":[65],"class_list":{"0":"post-11711","1":"product","2":"type-product","3":"status-publish","4":"has-post-thumbnail","6":"product_cat-chaise-lounges-vi","7":"product_tag-living-vi-2","8":"origin-european","9":"collection-serene","10":"brands-alga-by-paulo-antunes","12":"first","13":"instock","14":"shipping-taxable","15":"purchasable","16":"product-type-simple"},"_links":{"self":[{"href":"https:\/\/modale.com\/vi\/wp-json\/wp\/v2\/product\/11711","targetHints":{"allow":["GET"]}}],"collection":[{"href":"https:\/\/modale.com\/vi\/wp-json\/wp\/v2\/product"}],"about":[{"href":"https:\/\/modale.com\/vi\/wp-json\/wp\/v2\/types\/product"}],"wp:featuredmedia":[{"embeddable":true,"href":"https:\/\/modale.com\/vi\/wp-json\/wp\/v2\/media\/7615"}],"wp:attachment":[{"href":"https:\/\/modale.com\/vi\/wp-json\/wp\/v2\/media?parent=11711"}],"wp:term":[{"taxonomy":"product_cat","embeddable":true,"href":"https:\/\/modale.com\/vi\/wp-json\/wp\/v2\/product_cat?post=11711"},{"taxonomy":"product_tag","embeddable":true,"href":"https:\/\/modale.com\/vi\/wp-json\/wp\/v2\/product_tag?post=11711"},{"taxonomy":"origin","embeddable":true,"href":"https:\/\/modale.com\/vi\/wp-json\/wp\/v2\/origin?post=11711"},{"taxonomy":"designers","embeddable":true,"href":"https:\/\/modale.com\/vi\/wp-json\/wp\/v2\/designers?post=11711"},{"taxonomy":"collection","embeddable":true,"href":"https:\/\/modale.com\/vi\/wp-json\/wp\/v2\/collection?post=11711"},{"taxonomy":"brands","embeddable":true,"href":"https:\/\/modale.com\/vi\/wp-json\/wp\/v2\/brands?post=11711"}],"curies":[{"name":"wp","href":"https:\/\/api.w.org\/{rel}","templated":true}]}}