{"id":11714,"date":"2023-04-10T16:30:28","date_gmt":"2023-04-10T16:30:28","guid":{"rendered":"https:\/\/modale.com\/product\/poirotconsole\/"},"modified":"2023-08-10T10:43:35","modified_gmt":"2023-08-10T10:43:35","slug":"poirotconsole","status":"publish","type":"product","link":"https:\/\/modale.com\/vi\/product\/poirotconsole\/","title":{"rendered":"<strong>ALGA <\/strong><br>B\u00c0N CONSOLE POIROT"},"content":{"rendered":"<p>POIROT L\u00c0 B\u1ed8 S\u01afU T\u1eacP \u0110\u1ed2 N\u1ed8I TH\u1ea4T V\u1edaI NH\u1eeeNG CHI TI\u1ebeT V\u00c0 PH\u1ea6N HO\u00c0N THI\u1ec6N \u0110\u01af\u1ee2C CH\u0102M CH\u00daT K\u0128 L\u01af\u1ee0NG,  NH\u1eeeNG V\u1eacT LI\u1ec6U \u0110\u1eb2NG C\u1ea4P NH\u01af G\u1ed6 B\u1ea0CH \u0110\u00c0N, \u0110\u00c1 MARBLE, \u0110\u1ed2NG THAU, MANG \u0110\u1ebeN S\u1ef0 SANG TR\u1eccNG V\u00c0 \u0110\u1ed8C \u0110\u00c1O CHO M\u1eccI KH\u00d4NG GIAN<\/p>\n","protected":false},"excerpt":{"rendered":"<p>POIROT L\u00c0 B\u1ed8 S\u01afU T\u1eacP \u0110\u1ed2 N\u1ed8I TH\u1ea4T V\u1edaI NH\u1eeeNG CHI TI\u1ebeT V\u00c0 PH\u1ea6N HO\u00c0N THI\u1ec6N \u0110\u01af\u1ee2C CH\u0102M CH\u00daT K\u0128 L\u01af\u1ee0NG, NH\u1eeeNG V\u1eacT LI\u1ec6U \u0110\u1eb2NG C\u1ea4P NH\u01af G\u1ed6 B\u1ea0CH \u0110\u00c0N, \u0110\u00c1 MARBLE, \u0110\u1ed2NG THAU, MANG \u0110\u1ebeN S\u1ef0 SANG TR\u1eccNG V\u00c0 \u0110\u1ed8C \u0110\u00c1O CHO M\u1eccI KH\u00d4NG GIAN<\/p>\n","protected":false},"featured_media":7596,"template":"","meta":[],"product_cat":[735],"product_tag":[703],"origin":[770],"designers":[],"collection":[224],"brands":[65],"class_list":{"0":"post-11714","1":"product","2":"type-product","3":"status-publish","4":"has-post-thumbnail","6":"product_cat-consoles-vi","7":"product_tag-living-vi-2","8":"origin-european","9":"collection-poirot","10":"brands-alga-by-paulo-antunes","12":"first","13":"instock","14":"shipping-taxable","15":"purchasable","16":"product-type-simple"},"_links":{"self":[{"href":"https:\/\/modale.com\/vi\/wp-json\/wp\/v2\/product\/11714","targetHints":{"allow":["GET"]}}],"collection":[{"href":"https:\/\/modale.com\/vi\/wp-json\/wp\/v2\/product"}],"about":[{"href":"https:\/\/modale.com\/vi\/wp-json\/wp\/v2\/types\/product"}],"wp:featuredmedia":[{"embeddable":true,"href":"https:\/\/modale.com\/vi\/wp-json\/wp\/v2\/media\/7596"}],"wp:attachment":[{"href":"https:\/\/modale.com\/vi\/wp-json\/wp\/v2\/media?parent=11714"}],"wp:term":[{"taxonomy":"product_cat","embeddable":true,"href":"https:\/\/modale.com\/vi\/wp-json\/wp\/v2\/product_cat?post=11714"},{"taxonomy":"product_tag","embeddable":true,"href":"https:\/\/modale.com\/vi\/wp-json\/wp\/v2\/product_tag?post=11714"},{"taxonomy":"origin","embeddable":true,"href":"https:\/\/modale.com\/vi\/wp-json\/wp\/v2\/origin?post=11714"},{"taxonomy":"designers","embeddable":true,"href":"https:\/\/modale.com\/vi\/wp-json\/wp\/v2\/designers?post=11714"},{"taxonomy":"collection","embeddable":true,"href":"https:\/\/modale.com\/vi\/wp-json\/wp\/v2\/collection?post=11714"},{"taxonomy":"brands","embeddable":true,"href":"https:\/\/modale.com\/vi\/wp-json\/wp\/v2\/brands?post=11714"}],"curies":[{"name":"wp","href":"https:\/\/api.w.org\/{rel}","templated":true}]}}