{"id":11722,"date":"2023-04-10T16:27:19","date_gmt":"2023-04-10T16:27:19","guid":{"rendered":"https:\/\/modale.com\/product\/nestbench-high-rack\/"},"modified":"2023-08-10T10:43:37","modified_gmt":"2023-08-10T10:43:37","slug":"nestbench-high-rack","status":"publish","type":"product","link":"https:\/\/modale.com\/vi\/product\/nestbench-high-rack\/","title":{"rendered":"<strong>ALGA <\/strong><br>GH\u1ebe B\u0102NG CAO NEST"},"content":{"rendered":"<p>GH\u1ebe B\u0102NG CH\u00c2N CAO NEST \u0110\u01af\u1ee2C THI\u1ebeT K\u1ebe THEO L\u1ed0I \u0110\u01af\u01a0NG \u0110\u1ea0I, L\u00c0 S\u1ef0 K\u1ebeT H\u1ee2P HO\u00c0N H\u1ea2O C\u1ee6A C\u00c1C CH\u1ea4T LI\u1ec6U &#038; K\u1ef8 THU\u1eacT TRUY\u1ec0N TH\u1ed0NG NH\u01af M\u00c2Y TRE \u0110AN V\u00c0 S\u01a0N M\u00c0I, TH\u00cdCH H\u1ee2P V\u1edaI M\u1eccI KH\u00d4NG GIAN V\u00c0 PHONG C\u00c1CH S\u1ed0NG.<\/p>\n","protected":false},"excerpt":{"rendered":"<p>GH\u1ebe B\u0102NG CH\u00c2N CAO NEST \u0110\u01af\u1ee2C THI\u1ebeT K\u1ebe THEO L\u1ed0I \u0110\u01af\u01a0NG \u0110\u1ea0I, L\u00c0 S\u1ef0 K\u1ebeT H\u1ee2P HO\u00c0N H\u1ea2O C\u1ee6A C\u00c1C CH\u1ea4T LI\u1ec6U &#038; K\u1ef8 THU\u1eacT TRUY\u1ec0N TH\u1ed0NG NH\u01af M\u00c2Y TRE \u0110AN V\u00c0 S\u01a0N M\u00c0I, TH\u00cdCH H\u1ee2P V\u1edaI M\u1eccI KH\u00d4NG GIAN V\u00c0 PHONG C\u00c1CH S\u1ed0NG.<\/p>\n","protected":false},"featured_media":7556,"template":"","meta":[],"product_cat":[728],"product_tag":[699],"origin":[770],"designers":[],"collection":[223],"brands":[65],"class_list":{"0":"post-11722","1":"product","2":"type-product","3":"status-publish","4":"has-post-thumbnail","6":"product_cat-benches-vi","7":"product_tag-bedroom-vi-2","8":"origin-european","9":"collection-nest","10":"brands-alga-by-paulo-antunes","12":"first","13":"instock","14":"shipping-taxable","15":"purchasable","16":"product-type-simple"},"_links":{"self":[{"href":"https:\/\/modale.com\/vi\/wp-json\/wp\/v2\/product\/11722","targetHints":{"allow":["GET"]}}],"collection":[{"href":"https:\/\/modale.com\/vi\/wp-json\/wp\/v2\/product"}],"about":[{"href":"https:\/\/modale.com\/vi\/wp-json\/wp\/v2\/types\/product"}],"wp:featuredmedia":[{"embeddable":true,"href":"https:\/\/modale.com\/vi\/wp-json\/wp\/v2\/media\/7556"}],"wp:attachment":[{"href":"https:\/\/modale.com\/vi\/wp-json\/wp\/v2\/media?parent=11722"}],"wp:term":[{"taxonomy":"product_cat","embeddable":true,"href":"https:\/\/modale.com\/vi\/wp-json\/wp\/v2\/product_cat?post=11722"},{"taxonomy":"product_tag","embeddable":true,"href":"https:\/\/modale.com\/vi\/wp-json\/wp\/v2\/product_tag?post=11722"},{"taxonomy":"origin","embeddable":true,"href":"https:\/\/modale.com\/vi\/wp-json\/wp\/v2\/origin?post=11722"},{"taxonomy":"designers","embeddable":true,"href":"https:\/\/modale.com\/vi\/wp-json\/wp\/v2\/designers?post=11722"},{"taxonomy":"collection","embeddable":true,"href":"https:\/\/modale.com\/vi\/wp-json\/wp\/v2\/collection?post=11722"},{"taxonomy":"brands","embeddable":true,"href":"https:\/\/modale.com\/vi\/wp-json\/wp\/v2\/brands?post=11722"}],"curies":[{"name":"wp","href":"https:\/\/api.w.org\/{rel}","templated":true}]}}