{"id":11735,"date":"2023-04-10T16:22:37","date_gmt":"2023-04-10T16:22:37","guid":{"rendered":"https:\/\/modale.com\/product\/discobeside-table\/"},"modified":"2023-08-10T10:43:40","modified_gmt":"2023-08-10T10:43:40","slug":"discobeside-table","status":"publish","type":"product","link":"https:\/\/modale.com\/vi\/product\/discobeside-table\/","title":{"rendered":"<strong>ALGA <\/strong><br>B\u00c0N \u0110\u1ea6U GI\u01af\u1edcNG DISCO"},"content":{"rendered":"<p>B\u00c0N G\u1ed6 \u0110\u1ea6U GI\u01af\u1edcNG V\u1edaI C\u00c1C CHI TI\u1ebeT KIM LO\u1ea0I, MANG \u0110\u1ebeN C\u1ea2M GI\u00c1C \u1ea4M C\u00daNG M\u00c0 KH\u00d4NG K\u00c9M PH\u1ea6N SANG TR\u1eccNG CHO KH\u00d4NG GIAN PH\u00d2NG NG\u1ee6<\/p>\n","protected":false},"excerpt":{"rendered":"<p>B\u00c0N G\u1ed6 \u0110\u1ea6U GI\u01af\u1edcNG V\u1edaI C\u00c1C CHI TI\u1ebeT KIM LO\u1ea0I, MANG \u0110\u1ebeN C\u1ea2M GI\u00c1C \u1ea4M C\u00daNG M\u00c0 KH\u00d4NG K\u00c9M PH\u1ea6N SANG TR\u1eccNG CHO KH\u00d4NG GIAN PH\u00d2NG NG\u1ee6<\/p>\n","protected":false},"featured_media":7494,"template":"","meta":[],"product_cat":[727],"product_tag":[699],"origin":[770],"designers":[],"collection":[212],"brands":[65],"class_list":{"0":"post-11735","1":"product","2":"type-product","3":"status-publish","4":"has-post-thumbnail","6":"product_cat-bedside-tables-vi","7":"product_tag-bedroom-vi-2","8":"origin-european","9":"collection-disco","10":"brands-alga-by-paulo-antunes","12":"first","13":"instock","14":"shipping-taxable","15":"purchasable","16":"product-type-simple"},"_links":{"self":[{"href":"https:\/\/modale.com\/vi\/wp-json\/wp\/v2\/product\/11735","targetHints":{"allow":["GET"]}}],"collection":[{"href":"https:\/\/modale.com\/vi\/wp-json\/wp\/v2\/product"}],"about":[{"href":"https:\/\/modale.com\/vi\/wp-json\/wp\/v2\/types\/product"}],"wp:featuredmedia":[{"embeddable":true,"href":"https:\/\/modale.com\/vi\/wp-json\/wp\/v2\/media\/7494"}],"wp:attachment":[{"href":"https:\/\/modale.com\/vi\/wp-json\/wp\/v2\/media?parent=11735"}],"wp:term":[{"taxonomy":"product_cat","embeddable":true,"href":"https:\/\/modale.com\/vi\/wp-json\/wp\/v2\/product_cat?post=11735"},{"taxonomy":"product_tag","embeddable":true,"href":"https:\/\/modale.com\/vi\/wp-json\/wp\/v2\/product_tag?post=11735"},{"taxonomy":"origin","embeddable":true,"href":"https:\/\/modale.com\/vi\/wp-json\/wp\/v2\/origin?post=11735"},{"taxonomy":"designers","embeddable":true,"href":"https:\/\/modale.com\/vi\/wp-json\/wp\/v2\/designers?post=11735"},{"taxonomy":"collection","embeddable":true,"href":"https:\/\/modale.com\/vi\/wp-json\/wp\/v2\/collection?post=11735"},{"taxonomy":"brands","embeddable":true,"href":"https:\/\/modale.com\/vi\/wp-json\/wp\/v2\/brands?post=11735"}],"curies":[{"name":"wp","href":"https:\/\/api.w.org\/{rel}","templated":true}]}}