{"id":11746,"date":"2023-04-10T16:18:08","date_gmt":"2023-04-10T16:18:08","guid":{"rendered":"https:\/\/modale.com\/product\/aspenchaise-longue-2\/"},"modified":"2023-08-10T10:43:42","modified_gmt":"2023-08-10T10:43:42","slug":"aspenchaise-longue-2","status":"publish","type":"product","link":"https:\/\/modale.com\/vi\/product\/aspenchaise-longue-2\/","title":{"rendered":"<strong>ALGA <\/strong><br>GH\u1ebe TH\u01af GI\u00c3N ASPEN"},"content":{"rendered":"<p>GH\u1ebe TH\u01af GI\u00c3N ASPEN CHAISE LONGUE V\u1edaI PH\u1ea6N L\u01afNG \u0110\u01af\u1ee2C C\u1eaeT X\u1eba \u0110\u1ed8C \u0110\u00c1O L\u00c0 L\u1ef0A CH\u1eccN TUY\u1ec6T V\u1edcI \u0110\u1ec2 L\u00c0M N\u1ed4I B\u1eacT KH\u00d4NG GIAN S\u1ed0NG C\u1ee6A B\u1ea0N V\u00c0 PH\u00d9 H\u1ee2P V\u1edaI B\u1ea4T K\u1ef2 KHU V\u1ef0C N\u00c0O.<\/p>\n","protected":false},"excerpt":{"rendered":"<p>GH\u1ebe TH\u01af GI\u00c3N ASPEN CHAISE LONGUE V\u1edaI PH\u1ea6N L\u01afNG \u0110\u01af\u1ee2C C\u1eaeT X\u1eba \u0110\u1ed8C \u0110\u00c1O L\u00c0 L\u1ef0A CH\u1eccN TUY\u1ec6T V\u1edcI \u0110\u1ec2 L\u00c0M N\u1ed4I B\u1eacT KH\u00d4NG GIAN S\u1ed0NG C\u1ee6A B\u1ea0N V\u00c0 PH\u00d9 H\u1ee2P V\u1edaI B\u1ea4T K\u1ef2 KHU V\u1ef0C N\u00c0O.<\/p>\n","protected":false},"featured_media":7450,"template":"","meta":[],"product_cat":[732],"product_tag":[703],"origin":[770],"designers":[],"collection":[205],"brands":[65],"class_list":{"0":"post-11746","1":"product","2":"type-product","3":"status-publish","4":"has-post-thumbnail","6":"product_cat-chaise-lounges-vi","7":"product_tag-living-vi-2","8":"origin-european","9":"collection-aspen","10":"brands-alga-by-paulo-antunes","12":"first","13":"instock","14":"shipping-taxable","15":"purchasable","16":"product-type-simple"},"_links":{"self":[{"href":"https:\/\/modale.com\/vi\/wp-json\/wp\/v2\/product\/11746","targetHints":{"allow":["GET"]}}],"collection":[{"href":"https:\/\/modale.com\/vi\/wp-json\/wp\/v2\/product"}],"about":[{"href":"https:\/\/modale.com\/vi\/wp-json\/wp\/v2\/types\/product"}],"wp:featuredmedia":[{"embeddable":true,"href":"https:\/\/modale.com\/vi\/wp-json\/wp\/v2\/media\/7450"}],"wp:attachment":[{"href":"https:\/\/modale.com\/vi\/wp-json\/wp\/v2\/media?parent=11746"}],"wp:term":[{"taxonomy":"product_cat","embeddable":true,"href":"https:\/\/modale.com\/vi\/wp-json\/wp\/v2\/product_cat?post=11746"},{"taxonomy":"product_tag","embeddable":true,"href":"https:\/\/modale.com\/vi\/wp-json\/wp\/v2\/product_tag?post=11746"},{"taxonomy":"origin","embeddable":true,"href":"https:\/\/modale.com\/vi\/wp-json\/wp\/v2\/origin?post=11746"},{"taxonomy":"designers","embeddable":true,"href":"https:\/\/modale.com\/vi\/wp-json\/wp\/v2\/designers?post=11746"},{"taxonomy":"collection","embeddable":true,"href":"https:\/\/modale.com\/vi\/wp-json\/wp\/v2\/collection?post=11746"},{"taxonomy":"brands","embeddable":true,"href":"https:\/\/modale.com\/vi\/wp-json\/wp\/v2\/brands?post=11746"}],"curies":[{"name":"wp","href":"https:\/\/api.w.org\/{rel}","templated":true}]}}