{"id":13356,"date":"2023-06-26T15:53:30","date_gmt":"2023-06-26T15:53:30","guid":{"rendered":"https:\/\/modale.com\/product\/dolce-gabbana-casa-efesto-bar-cabinet\/"},"modified":"2023-08-10T10:43:43","modified_gmt":"2023-08-10T10:43:43","slug":"dolce-gabbana-casa-efesto-bar-cabinet","status":"publish","type":"product","link":"https:\/\/modale.com\/vi\/product\/dolce-gabbana-casa-efesto-bar-cabinet\/","title":{"rendered":"<strong>DOLCE &#038; GABBANA CASA <\/strong><br> T\u1ee6 BAR EFESTO"},"content":{"rendered":"<p>T\u1ec8 M\u1ec8 TRONG T\u1eeaNG \u0110\u01af\u1edcNG N\u00c9T, C\u00c2N B\u1eb0NG HO\u00c0N H\u1ea2O TRONG K\u00cdCH TH\u01af\u1edaC, EFESTO BAR UNIT C\u1ee6A DOLCE&#038;GABBANA L\u00c0 S\u1ea2N PH\u1ea8M N\u1ed8I TH\u1ea4T HO\u00c0N H\u1ea2O \u0110\u1ec2 B\u1ea2O V\u1ec6 \u0110\u1ed2 D\u00d9NG THU\u1ef6 TINH QU\u00dd GI\u00c1 C\u1ee6A B\u1ea0N CHO C\u1ea2 TRONG NH\u00c0 L\u1eaaN T\u1ea0I M\u00d4I TR\u01af\u1edcNG L\u00c0M VI\u1ec6C. V\u1edaI G\u00d3C NH\u00ccN THI\u1ebeT K\u1ebe \u0110\u1ed8C \u0110\u00c1O, TH\u00c1CH TH\u1ee8C M\u1eccI LOGIC C\u1ee6A TRUY\u1ec0N TH\u1ed0NG, S\u1ea2N PH\u1ea8M L\u00c0 TI\u00caU CHU\u1ea8N M\u1edaI C\u1ee6A C\u00c1I \u0110\u1eb8P V\u1edaI S\u1ef0 HO\u00c0N M\u1ef8 \u0110\u1ebeN T\u1eea K\u1ef8 THU\u1eacT THI\u1ebeT K\u1ebe C\u00d9NG C\u00c1C CHI TI\u1ebeT \u0110\u01af\u1ee2C L\u00c0M T\u1ec8 M\u1ec8. T\u1eea VI\u1ec6C THI\u1ebeT K\u1ebe S\u1ea2N PH\u1ea8M C\u00c2N \u0110\u1ed0I V\u00c0 C\u00d3 TH\u1ea8M M\u1ef8 \u0110\u1ebeN VI\u1ec6C S\u1ef0 KH\u00c9O L\u00c9O TRONG T\u1eeaNG CHI TI\u1ebeT, T\u1ea4T C\u1ea2 \u0110\u00c3 \u0110\u01af\u1ee2C NGHI\u00caN C\u1ee8U K\u1ef8 L\u01af\u1ee0NG \u0110\u1ec2 \u0110\u1ea2M B\u1ea2O T\u00cdNH TH\u1ea8M M\u1ef8 V\u01af\u1ee2T TH\u1edcI GIAN C\u1ee6A S\u1ea2N PH\u1ea8M.<\/p>\n","protected":false},"excerpt":{"rendered":"<p>T\u1ec8 M\u1ec8 TRONG T\u1eeaNG \u0110\u01af\u1edcNG N\u00c9T, C\u00c2N B\u1eb0NG HO\u00c0N H\u1ea2O TRONG K\u00cdCH TH\u01af\u1edaC, EFESTO BAR UNIT C\u1ee6A DOLCE&#038;GABBANA L\u00c0 S\u1ea2N PH\u1ea8M N\u1ed8I TH\u1ea4T HO\u00c0N H\u1ea2O \u0110\u1ec2 B\u1ea2O V\u1ec6 \u0110\u1ed2 D\u00d9NG THU\u1ef6 TINH QU\u00dd GI\u00c1 C\u1ee6A B\u1ea0N CHO C\u1ea2 TRONG NH\u00c0 L\u1eaaN T\u1ea0I M\u00d4I TR\u01af\u1edcNG L\u00c0M VI\u1ec6C. V\u1edaI G\u00d3C NH\u00ccN THI\u1ebeT K\u1ebe \u0110\u1ed8C \u0110\u00c1O, TH\u00c1CH TH\u1ee8C [&hellip;]<\/p>\n","protected":false},"featured_media":12868,"template":"","meta":[],"product_cat":[729],"product_tag":[703],"origin":[770],"designers":[],"collection":[],"brands":[757],"class_list":{"0":"post-13356","1":"product","2":"type-product","3":"status-publish","4":"has-post-thumbnail","6":"product_cat-cabinets-vi","7":"product_tag-living-vi-2","8":"origin-european","9":"brands-dolce-gabbana","11":"first","12":"instock","13":"shipping-taxable","14":"purchasable","15":"product-type-simple"},"_links":{"self":[{"href":"https:\/\/modale.com\/vi\/wp-json\/wp\/v2\/product\/13356","targetHints":{"allow":["GET"]}}],"collection":[{"href":"https:\/\/modale.com\/vi\/wp-json\/wp\/v2\/product"}],"about":[{"href":"https:\/\/modale.com\/vi\/wp-json\/wp\/v2\/types\/product"}],"wp:featuredmedia":[{"embeddable":true,"href":"https:\/\/modale.com\/vi\/wp-json\/wp\/v2\/media\/12868"}],"wp:attachment":[{"href":"https:\/\/modale.com\/vi\/wp-json\/wp\/v2\/media?parent=13356"}],"wp:term":[{"taxonomy":"product_cat","embeddable":true,"href":"https:\/\/modale.com\/vi\/wp-json\/wp\/v2\/product_cat?post=13356"},{"taxonomy":"product_tag","embeddable":true,"href":"https:\/\/modale.com\/vi\/wp-json\/wp\/v2\/product_tag?post=13356"},{"taxonomy":"origin","embeddable":true,"href":"https:\/\/modale.com\/vi\/wp-json\/wp\/v2\/origin?post=13356"},{"taxonomy":"designers","embeddable":true,"href":"https:\/\/modale.com\/vi\/wp-json\/wp\/v2\/designers?post=13356"},{"taxonomy":"collection","embeddable":true,"href":"https:\/\/modale.com\/vi\/wp-json\/wp\/v2\/collection?post=13356"},{"taxonomy":"brands","embeddable":true,"href":"https:\/\/modale.com\/vi\/wp-json\/wp\/v2\/brands?post=13356"}],"curies":[{"name":"wp","href":"https:\/\/api.w.org\/{rel}","templated":true}]}}